{"id":492,"date":"2019-07-16T14:09:18","date_gmt":"2019-07-16T12:09:18","guid":{"rendered":"https:\/\/svenskahundklubben.se\/vsn\/?page_id=492"},"modified":"2024-03-11T10:53:11","modified_gmt":"2024-03-11T09:53:11","slug":"sodertalje-protokoll-2","status":"publish","type":"page","link":"https:\/\/svenskahundklubben.se\/vsn\/om-shk\/sodertalje-protokoll-2\/","title":{"rendered":"VSN protokoll"},"content":{"rendered":"\t\t<div data-elementor-type=\"wp-page\" data-elementor-id=\"492\" class=\"elementor elementor-492\">\n\t\t\t\t\t\t<section class=\"elementor-section elementor-top-section elementor-element elementor-element-06dec45 elementor-section-boxed elementor-section-height-default elementor-section-height-default\" data-id=\"06dec45\" data-element_type=\"section\" data-e-type=\"section\">\n\t\t\t\t\t\t<div class=\"elementor-container elementor-column-gap-default\">\n\t\t\t\t\t<div class=\"elementor-column elementor-col-50 elementor-top-column elementor-element elementor-element-74193e6\" data-id=\"74193e6\" data-element_type=\"column\" data-e-type=\"column\">\n\t\t\t<div class=\"elementor-widget-wrap elementor-element-populated\">\n\t\t\t\t\t\t<div class=\"elementor-element elementor-element-dfecf70 elementor-widget elementor-widget-text-editor\" data-id=\"dfecf70\" data-element_type=\"widget\" data-e-type=\"widget\" data-widget_type=\"text-editor.default\">\n\t\t\t\t<div class=\"elementor-widget-container\">\n\t\t\t\t\t\t\t\t\t<h2>\u00c5rsm\u00f6teshandlingar 2023<\/h2>\n<div><a href=\"https:\/\/docs.google.com\/document\/d\/1XIlOmoSLdHFcHYhrqqcJCtuuM66jjzrmZpstV4PC_9A\/edit?usp=sharing\">Dagordning, verksamhetsber\u00e4ttelse<\/a>&nbsp;m.m.<\/div>\n<div><br><\/div>\t\t\t\t\t\t\t\t<\/div>\n\t\t\t\t<\/div>\n\t\t\t\t\t<\/div>\n\t\t<\/div>\n\t\t\t\t<div class=\"elementor-column elementor-col-50 elementor-top-column elementor-element elementor-element-162637f\" data-id=\"162637f\" data-element_type=\"column\" data-e-type=\"column\">\n\t\t\t<div class=\"elementor-widget-wrap elementor-element-populated\">\n\t\t\t\t\t\t<div class=\"elementor-element elementor-element-c9499ab elementor-widget elementor-widget-text-editor\" data-id=\"c9499ab\" data-element_type=\"widget\" data-e-type=\"widget\" data-widget_type=\"text-editor.default\">\n\t\t\t\t<div class=\"elementor-widget-container\">\n\t\t\t\t\t\t\t\t\t<h2>\u00e5rsm\u00f6te Protokoll<\/h2>\t\t\t\t\t\t\t\t<\/div>\n\t\t\t\t<\/div>\n\t\t\t\t\t<\/div>\n\t\t<\/div>\n\t\t\t\t\t<\/div>\n\t\t<\/section>\n\t\t\t\t<\/div>\n\t\t","protected":false},"excerpt":{"rendered":"<p>\u00c5rsm\u00f6teshandlingar 2023 Dagordning, verksamhetsber\u00e4ttelse&nbsp;m.m. \u00e5rsm\u00f6te Protokoll<\/p>\n","protected":false},"author":4,"featured_media":0,"parent":48,"menu_order":0,"comment_status":"closed","ping_status":"closed","template":"","meta":{"_price":"","_stock":"","_tribe_ticket_header":"","_tribe_default_ticket_provider":"","_tribe_ticket_capacity":"0","_ticket_start_date":"","_ticket_end_date":"","_tribe_ticket_show_description":"","_tribe_ticket_show_not_going":false,"_tribe_ticket_use_global_stock":"","_tribe_ticket_global_stock_level":"","_global_stock_mode":"","_global_stock_cap":"","_tribe_rsvp_for_event":"","_tribe_ticket_going_count":"","_tribe_ticket_not_going_count":"","_tribe_tickets_list":"[]","_tribe_ticket_has_attendee_info_fields":false,"footnotes":"","_tec_slr_enabled":"","_tec_slr_layout":"","_links_to":"","_links_to_target":""},"class_list":["post-492","page","type-page","status-publish"],"yoast_head":"<!-- This site is optimized with the Yoast SEO plugin v25.6 - https:\/\/yoast.com\/wordpress\/plugins\/seo\/ -->\n<title>VSN protokoll - Svenska Hundklubben - VSN<\/title>\n<meta name=\"robots\" content=\"index, follow, max-snippet:-1, max-image-preview:large, max-video-preview:-1\" \/>\n<link rel=\"canonical\" href=\"https:\/\/svenskahundklubben.se\/vsn\/om-shk\/sodertalje-protokoll-2\/\" \/>\n<meta property=\"og:locale\" content=\"sv_SE\" \/>\n<meta property=\"og:type\" content=\"article\" \/>\n<meta property=\"og:title\" content=\"VSN protokoll - Svenska Hundklubben - VSN\" \/>\n<meta property=\"og:description\" content=\"\u00c5rsm\u00f6teshandlingar 2023 Dagordning, verksamhetsber\u00e4ttelse&nbsp;m.m. \u00e5rsm\u00f6te Protokoll\" \/>\n<meta property=\"og:url\" content=\"https:\/\/svenskahundklubben.se\/vsn\/om-shk\/sodertalje-protokoll-2\/\" \/>\n<meta property=\"og:site_name\" content=\"Svenska Hundklubben - VSN\" \/>\n<meta property=\"article:modified_time\" content=\"2024-03-11T09:53:11+00:00\" \/>\n<meta name=\"twitter:card\" content=\"summary_large_image\" \/>\n<meta name=\"twitter:label1\" content=\"Ber\u00e4knad l\u00e4stid\" \/>\n\t<meta name=\"twitter:data1\" content=\"1 minut\" \/>\n<script type=\"application\/ld+json\" class=\"yoast-schema-graph\">{\"@context\":\"https:\/\/schema.org\",\"@graph\":[{\"@type\":\"WebPage\",\"@id\":\"https:\/\/svenskahundklubben.se\/vsn\/om-shk\/sodertalje-protokoll-2\/\",\"url\":\"https:\/\/svenskahundklubben.se\/vsn\/om-shk\/sodertalje-protokoll-2\/\",\"name\":\"VSN protokoll - Svenska Hundklubben - VSN\",\"isPartOf\":{\"@id\":\"https:\/\/svenskahundklubben.se\/vsn\/#website\"},\"datePublished\":\"2019-07-16T12:09:18+00:00\",\"dateModified\":\"2024-03-11T09:53:11+00:00\",\"breadcrumb\":{\"@id\":\"https:\/\/svenskahundklubben.se\/vsn\/om-shk\/sodertalje-protokoll-2\/#breadcrumb\"},\"inLanguage\":\"sv-SE\",\"potentialAction\":[{\"@type\":\"ReadAction\",\"target\":[\"https:\/\/svenskahundklubben.se\/vsn\/om-shk\/sodertalje-protokoll-2\/\"]}]},{\"@type\":\"BreadcrumbList\",\"@id\":\"https:\/\/svenskahundklubben.se\/vsn\/om-shk\/sodertalje-protokoll-2\/#breadcrumb\",\"itemListElement\":[{\"@type\":\"ListItem\",\"position\":1,\"name\":\"Hem\",\"item\":\"https:\/\/svenskahundklubben.se\/vsn\/\"},{\"@type\":\"ListItem\",\"position\":2,\"name\":\"Om Oss\",\"item\":\"https:\/\/svenskahundklubben.se\/vsn\/om-shk\/\"},{\"@type\":\"ListItem\",\"position\":3,\"name\":\"VSN protokoll\"}]},{\"@type\":\"WebSite\",\"@id\":\"https:\/\/svenskahundklubben.se\/vsn\/#website\",\"url\":\"https:\/\/svenskahundklubben.se\/vsn\/\",\"name\":\"Svenska Hundklubben - VSN\",\"description\":\"Svenska Hundklubben\",\"publisher\":{\"@id\":\"https:\/\/svenskahundklubben.se\/vsn\/#organization\"},\"potentialAction\":[{\"@type\":\"SearchAction\",\"target\":{\"@type\":\"EntryPoint\",\"urlTemplate\":\"https:\/\/svenskahundklubben.se\/vsn\/?s={search_term_string}\"},\"query-input\":{\"@type\":\"PropertyValueSpecification\",\"valueRequired\":true,\"valueName\":\"search_term_string\"}}],\"inLanguage\":\"sv-SE\"},{\"@type\":\"Organization\",\"@id\":\"https:\/\/svenskahundklubben.se\/vsn\/#organization\",\"name\":\"Svenska Hundklubben - VSN\",\"url\":\"https:\/\/svenskahundklubben.se\/vsn\/\",\"logo\":{\"@type\":\"ImageObject\",\"inLanguage\":\"sv-SE\",\"@id\":\"https:\/\/svenskahundklubben.se\/vsn\/#\/schema\/logo\/image\/\",\"url\":\"https:\/\/svenskahundklubben.se\/vsn\/wp-content\/uploads\/sites\/10\/2019\/09\/SHK-VSN-HEADERLOGO.png\",\"contentUrl\":\"https:\/\/svenskahundklubben.se\/vsn\/wp-content\/uploads\/sites\/10\/2019\/09\/SHK-VSN-HEADERLOGO.png\",\"width\":1200,\"height\":300,\"caption\":\"Svenska Hundklubben - VSN\"},\"image\":{\"@id\":\"https:\/\/svenskahundklubben.se\/vsn\/#\/schema\/logo\/image\/\"}}]}<\/script>\n<!-- \/ Yoast SEO plugin. -->","yoast_head_json":{"title":"VSN protokoll - Svenska Hundklubben - VSN","robots":{"index":"index","follow":"follow","max-snippet":"max-snippet:-1","max-image-preview":"max-image-preview:large","max-video-preview":"max-video-preview:-1"},"canonical":"https:\/\/svenskahundklubben.se\/vsn\/om-shk\/sodertalje-protokoll-2\/","og_locale":"sv_SE","og_type":"article","og_title":"VSN protokoll - Svenska Hundklubben - VSN","og_description":"\u00c5rsm\u00f6teshandlingar 2023 Dagordning, verksamhetsber\u00e4ttelse&nbsp;m.m. \u00e5rsm\u00f6te Protokoll","og_url":"https:\/\/svenskahundklubben.se\/vsn\/om-shk\/sodertalje-protokoll-2\/","og_site_name":"Svenska Hundklubben - VSN","article_modified_time":"2024-03-11T09:53:11+00:00","twitter_card":"summary_large_image","twitter_misc":{"Ber\u00e4knad l\u00e4stid":"1 minut"},"schema":{"@context":"https:\/\/schema.org","@graph":[{"@type":"WebPage","@id":"https:\/\/svenskahundklubben.se\/vsn\/om-shk\/sodertalje-protokoll-2\/","url":"https:\/\/svenskahundklubben.se\/vsn\/om-shk\/sodertalje-protokoll-2\/","name":"VSN protokoll - Svenska Hundklubben - VSN","isPartOf":{"@id":"https:\/\/svenskahundklubben.se\/vsn\/#website"},"datePublished":"2019-07-16T12:09:18+00:00","dateModified":"2024-03-11T09:53:11+00:00","breadcrumb":{"@id":"https:\/\/svenskahundklubben.se\/vsn\/om-shk\/sodertalje-protokoll-2\/#breadcrumb"},"inLanguage":"sv-SE","potentialAction":[{"@type":"ReadAction","target":["https:\/\/svenskahundklubben.se\/vsn\/om-shk\/sodertalje-protokoll-2\/"]}]},{"@type":"BreadcrumbList","@id":"https:\/\/svenskahundklubben.se\/vsn\/om-shk\/sodertalje-protokoll-2\/#breadcrumb","itemListElement":[{"@type":"ListItem","position":1,"name":"Hem","item":"https:\/\/svenskahundklubben.se\/vsn\/"},{"@type":"ListItem","position":2,"name":"Om Oss","item":"https:\/\/svenskahundklubben.se\/vsn\/om-shk\/"},{"@type":"ListItem","position":3,"name":"VSN protokoll"}]},{"@type":"WebSite","@id":"https:\/\/svenskahundklubben.se\/vsn\/#website","url":"https:\/\/svenskahundklubben.se\/vsn\/","name":"Svenska Hundklubben - VSN","description":"Svenska Hundklubben","publisher":{"@id":"https:\/\/svenskahundklubben.se\/vsn\/#organization"},"potentialAction":[{"@type":"SearchAction","target":{"@type":"EntryPoint","urlTemplate":"https:\/\/svenskahundklubben.se\/vsn\/?s={search_term_string}"},"query-input":{"@type":"PropertyValueSpecification","valueRequired":true,"valueName":"search_term_string"}}],"inLanguage":"sv-SE"},{"@type":"Organization","@id":"https:\/\/svenskahundklubben.se\/vsn\/#organization","name":"Svenska Hundklubben - VSN","url":"https:\/\/svenskahundklubben.se\/vsn\/","logo":{"@type":"ImageObject","inLanguage":"sv-SE","@id":"https:\/\/svenskahundklubben.se\/vsn\/#\/schema\/logo\/image\/","url":"https:\/\/svenskahundklubben.se\/vsn\/wp-content\/uploads\/sites\/10\/2019\/09\/SHK-VSN-HEADERLOGO.png","contentUrl":"https:\/\/svenskahundklubben.se\/vsn\/wp-content\/uploads\/sites\/10\/2019\/09\/SHK-VSN-HEADERLOGO.png","width":1200,"height":300,"caption":"Svenska Hundklubben - VSN"},"image":{"@id":"https:\/\/svenskahundklubben.se\/vsn\/#\/schema\/logo\/image\/"}}]}},"ticketed":false,"_links":{"self":[{"href":"https:\/\/svenskahundklubben.se\/vsn\/wp-json\/wp\/v2\/pages\/492"}],"collection":[{"href":"https:\/\/svenskahundklubben.se\/vsn\/wp-json\/wp\/v2\/pages"}],"about":[{"href":"https:\/\/svenskahundklubben.se\/vsn\/wp-json\/wp\/v2\/types\/page"}],"author":[{"embeddable":true,"href":"https:\/\/svenskahundklubben.se\/vsn\/wp-json\/wp\/v2\/users\/4"}],"replies":[{"embeddable":true,"href":"https:\/\/svenskahundklubben.se\/vsn\/wp-json\/wp\/v2\/comments?post=492"}],"version-history":[{"count":42,"href":"https:\/\/svenskahundklubben.se\/vsn\/wp-json\/wp\/v2\/pages\/492\/revisions"}],"predecessor-version":[{"id":2948,"href":"https:\/\/svenskahundklubben.se\/vsn\/wp-json\/wp\/v2\/pages\/492\/revisions\/2948"}],"up":[{"embeddable":true,"href":"https:\/\/svenskahundklubben.se\/vsn\/wp-json\/wp\/v2\/pages\/48"}],"wp:attachment":[{"href":"https:\/\/svenskahundklubben.se\/vsn\/wp-json\/wp\/v2\/media?parent=492"}],"curies":[{"name":"wp","href":"https:\/\/api.w.org\/{rel}","templated":true}]}}