{"id":697,"date":"2019-07-18T14:30:00","date_gmt":"2019-07-18T12:30:00","guid":{"rendered":"https:\/\/svenskahundklubben.se\/uppsala\/?page_id=697"},"modified":"2019-08-06T23:27:31","modified_gmt":"2019-08-06T21:27:31","slug":"styrelsen","status":"publish","type":"page","link":"https:\/\/svenskahundklubben.se\/uppsala\/om-shk\/styrelsen\/","title":{"rendered":"Styrelsen"},"content":{"rendered":"\t\t<div data-elementor-type=\"wp-post\" data-elementor-id=\"697\" class=\"elementor elementor-697\">\n\t\t\t\t\t\t<section class=\"elementor-section elementor-top-section elementor-element elementor-element-f53a1d1 elementor-section-boxed elementor-section-height-default elementor-section-height-default\" data-id=\"f53a1d1\" data-element_type=\"section\" data-e-type=\"section\">\n\t\t\t\t\t\t<div class=\"elementor-container elementor-column-gap-default\">\n\t\t\t\t\t<div class=\"elementor-column elementor-col-50 elementor-top-column elementor-element elementor-element-4d72156\" data-id=\"4d72156\" data-element_type=\"column\" data-e-type=\"column\">\n\t\t\t<div class=\"elementor-widget-wrap elementor-element-populated\">\n\t\t\t\t\t\t<div class=\"elementor-element elementor-element-8c55d9c elementor-widget elementor-widget-shortcode\" data-id=\"8c55d9c\" data-element_type=\"widget\" data-e-type=\"widget\" data-widget_type=\"shortcode.default\">\n\t\t\t\t<div class=\"elementor-widget-container\">\n\t\t\t\t\t\t\t<div class=\"elementor-shortcode\"><div class=\"pt-cv-wrapper\"><div class=\"pt-cv-view pt-cv-grid pt-cv-colsys pt-cv-nolf\" id=\"pt-cv-view-a9d89fbq74\"><div data-id=\"pt-cv-page-1\" class=\"pt-cv-page\" data-cvc=\"1\"><div class=\"col-md-12 col-sm-12 col-xs-12 pt-cv-content-item pt-cv-2-col\" ><div class='pt-cv-ifield'><a href=\"https:\/\/svenskahundklubben.se\/uppsala\/2019\/07\/18\/tommy-eriksson\/\" class=\"_self pt-cv-href-thumbnail pt-cv-thumb-right\" target=\"_self\" ><img decoding=\"async\" width=\"150\" height=\"150\" src=\"https:\/\/svenskahundklubben.se\/uppsala\/wp-content\/uploads\/sites\/14\/2019\/07\/styrelse-4-2-150x150.jpg\" class=\"pt-cv-thumbnail pull-right\" alt=\"\" \/><\/a>\n<h4 class=\"pt-cv-title\"><a href=\"https:\/\/svenskahundklubben.se\/uppsala\/2019\/07\/18\/tommy-eriksson\/\" class=\"_self\" target=\"_self\" >Tommy Eriksson<\/a><\/h4>\n<div class=\"pt-cv-content\"><p>V\u00e5r familj har haft hund sedan slutet av 70-talet. Det var min frus intresse f\u00f6r hundar som gjorde att jag kom med p\u00e5 t\u00e5get. Vi b\u00f6rjade med Golden retrievers och var ett kort tag med i SBK d\u00e4r jag gick min f\u00f6rsta kurs.<\/p>\n<p>N\u00e4r vi senare flyttade till Pershagen 1982 gick vi med i Svenska S\u00e4llskapshundklubben som hade en liten klubbstuga i F\u00e5gels\u00e5ngen i Pershagen. Jag kommer ih\u00e5g att valparna sl\u00e4pptes tillsammans p\u00e5 den gamla tennisbanan som fanns p\u00e5 omr\u00e5det. Kommer inte ih\u00e5g vem som var mest f\u00f6rskr\u00e4ckt, v\u00e5r valp eller jag men jag tror det var v\u00e5r valp som blev sittandes i ett h\u00f6rn. Sedan f\u00f6ljde n\u00e5gra \u00e5r med olika hundraser och klubben fick ny plats i Enh\u00f6rna. Mitt intresse f\u00f6r hundar har under senare \u00e5r varit, och \u00e4r att sp\u00e5ra med hunden i skog och mark.<\/p>\n<p><a href=\"mailto:ordf.sodertalje@svenskahundklubben.se\">E-post<\/a><\/p>\n<p>ORDF\u00d6RANDE och i AU fram till 2021, \u00e4r ocks\u00e5 med i omr\u00e5desgruppen, stuggruppen, k\u00f6ksgruppen och mediegruppen<\/p>\n<p>&nbsp;<\/p>\n<\/div><\/div><\/div><\/div><\/div><\/div><\/div>\n\t\t\t\t\t\t<\/div>\n\t\t\t\t<\/div>\n\t\t\t\t\t<\/div>\n\t\t<\/div>\n\t\t\t\t<div class=\"elementor-column elementor-col-50 elementor-top-column elementor-element elementor-element-f0f9ef3\" data-id=\"f0f9ef3\" data-element_type=\"column\" data-e-type=\"column\">\n\t\t\t<div class=\"elementor-widget-wrap elementor-element-populated\">\n\t\t\t\t\t\t<div class=\"elementor-element elementor-element-01d740d elementor-widget elementor-widget-shortcode\" data-id=\"01d740d\" data-element_type=\"widget\" data-e-type=\"widget\" data-widget_type=\"shortcode.default\">\n\t\t\t\t<div class=\"elementor-widget-container\">\n\t\t\t\t\t\t\t<div class=\"elementor-shortcode\"><div class=\"pt-cv-wrapper\"><div class=\"pt-cv-view pt-cv-grid pt-cv-colsys pt-cv-nolf\" id=\"pt-cv-view-061c69b7cn\"><div data-id=\"pt-cv-page-1\" class=\"pt-cv-page cv-npf\" data-cvc=\"1\"><div class=\"col-md-12 col-sm-12 col-xs-12 pt-cv-content-item pt-cv-2-col\" ><div class='pt-cv-ifield'><div class=\"pt-cv-no-post\">Inga inl\u00e4gg hittades.<\/div><\/div><\/div><\/div><\/div><\/div><\/div>\n\t\t\t\t\t\t<\/div>\n\t\t\t\t<\/div>\n\t\t\t\t\t<\/div>\n\t\t<\/div>\n\t\t\t\t\t<\/div>\n\t\t<\/section>\n\t\t\t\t<section class=\"elementor-section elementor-top-section elementor-element elementor-element-92712aa elementor-section-boxed elementor-section-height-default elementor-section-height-default\" data-id=\"92712aa\" data-element_type=\"section\" data-e-type=\"section\">\n\t\t\t\t\t\t<div class=\"elementor-container elementor-column-gap-default\">\n\t\t\t\t\t<div class=\"elementor-column elementor-col-50 elementor-top-column elementor-element elementor-element-b6465b5\" data-id=\"b6465b5\" data-element_type=\"column\" data-e-type=\"column\">\n\t\t\t<div class=\"elementor-widget-wrap elementor-element-populated\">\n\t\t\t\t\t\t<div class=\"elementor-element elementor-element-ef0faa3 elementor-widget elementor-widget-shortcode\" data-id=\"ef0faa3\" data-element_type=\"widget\" data-e-type=\"widget\" data-widget_type=\"shortcode.default\">\n\t\t\t\t<div class=\"elementor-widget-container\">\n\t\t\t\t\t\t\t<div class=\"elementor-shortcode\"><div class=\"pt-cv-wrapper\"><div class=\"pt-cv-view pt-cv-grid pt-cv-colsys pt-cv-nolf\" id=\"pt-cv-view-4cbb6470hp\"><div data-id=\"pt-cv-page-1\" class=\"pt-cv-page cv-npf\" data-cvc=\"1\"><div class=\"col-md-12 col-sm-12 col-xs-12 pt-cv-content-item pt-cv-2-col\" ><div class='pt-cv-ifield'><div class=\"pt-cv-no-post\">Inga inl\u00e4gg hittades.<\/div><\/div><\/div><\/div><\/div><\/div><\/div>\n\t\t\t\t\t\t<\/div>\n\t\t\t\t<\/div>\n\t\t\t\t\t<\/div>\n\t\t<\/div>\n\t\t\t\t<div class=\"elementor-column elementor-col-50 elementor-top-column elementor-element elementor-element-756ce6c\" data-id=\"756ce6c\" data-element_type=\"column\" data-e-type=\"column\">\n\t\t\t<div class=\"elementor-widget-wrap elementor-element-populated\">\n\t\t\t\t\t\t<div class=\"elementor-element elementor-element-b9f9171 elementor-widget elementor-widget-shortcode\" data-id=\"b9f9171\" data-element_type=\"widget\" data-e-type=\"widget\" data-widget_type=\"shortcode.default\">\n\t\t\t\t<div class=\"elementor-widget-container\">\n\t\t\t\t\t\t\t<div class=\"elementor-shortcode\"><div class=\"pt-cv-wrapper\"><div class=\"pt-cv-view pt-cv-grid pt-cv-colsys\" id=\"pt-cv-view-d79a332e6i\"><div data-id=\"pt-cv-page-1\" class=\"pt-cv-page cv-npf\" data-cvc=\"1\"><div class=\"col-md-12 col-sm-12 col-xs-12 pt-cv-content-item pt-cv-2-col\" ><div class='pt-cv-ifield'><div class=\"pt-cv-no-post\">Inga inl\u00e4gg hittades.<\/div><\/div><\/div><\/div><\/div><\/div><\/div>\n\t\t\t\t\t\t<\/div>\n\t\t\t\t<\/div>\n\t\t\t\t\t<\/div>\n\t\t<\/div>\n\t\t\t\t\t<\/div>\n\t\t<\/section>\n\t\t\t\t<section class=\"elementor-section elementor-top-section elementor-element elementor-element-c616000 elementor-section-boxed elementor-section-height-default elementor-section-height-default\" data-id=\"c616000\" data-element_type=\"section\" data-e-type=\"section\">\n\t\t\t\t\t\t<div class=\"elementor-container elementor-column-gap-default\">\n\t\t\t\t\t<div class=\"elementor-column elementor-col-100 elementor-top-column elementor-element elementor-element-ea9ae05\" data-id=\"ea9ae05\" data-element_type=\"column\" data-e-type=\"column\">\n\t\t\t<div class=\"elementor-widget-wrap elementor-element-populated\">\n\t\t\t\t\t\t<div class=\"elementor-element elementor-element-f5e0a1a elementor-widget elementor-widget-heading\" data-id=\"f5e0a1a\" data-element_type=\"widget\" data-e-type=\"widget\" data-widget_type=\"heading.default\">\n\t\t\t\t<div class=\"elementor-widget-container\">\n\t\t\t\t\t<h2 class=\"elementor-heading-title elementor-size-default\">\u00f6vriga Ledam\u00f6ter<\/h2>\t\t\t\t<\/div>\n\t\t\t\t<\/div>\n\t\t\t\t<div class=\"elementor-element elementor-element-cbd297c elementor-widget-divider--view-line elementor-widget elementor-widget-divider\" data-id=\"cbd297c\" data-element_type=\"widget\" data-e-type=\"widget\" data-widget_type=\"divider.default\">\n\t\t\t\t<div class=\"elementor-widget-container\">\n\t\t\t\t\t\t\t<div class=\"elementor-divider\">\n\t\t\t<span class=\"elementor-divider-separator\">\n\t\t\t\t\t\t<\/span>\n\t\t<\/div>\n\t\t\t\t\t\t<\/div>\n\t\t\t\t<\/div>\n\t\t\t\t<div class=\"elementor-element elementor-element-18a49f2 elementor-widget elementor-widget-shortcode\" data-id=\"18a49f2\" data-element_type=\"widget\" data-e-type=\"widget\" data-widget_type=\"shortcode.default\">\n\t\t\t\t<div class=\"elementor-widget-container\">\n\t\t\t\t\t\t\t<div class=\"elementor-shortcode\"><div class=\"pt-cv-wrapper\"><div class=\"pt-cv-view pt-cv-grid pt-cv-colsys pt-cv-nolf\" id=\"pt-cv-view-200b79eurw\"><div data-id=\"pt-cv-page-1\" class=\"pt-cv-page cv-npf\" data-cvc=\"2\"><div class=\"col-md-6 col-sm-12 col-xs-12 pt-cv-content-item pt-cv-2-col\" ><div class='pt-cv-ifield'><div class=\"pt-cv-no-post\">Inga inl\u00e4gg hittades.<\/div><\/div><\/div><\/div><\/div><\/div><\/div>\n\t\t\t\t\t\t<\/div>\n\t\t\t\t<\/div>\n\t\t\t\t\t<\/div>\n\t\t<\/div>\n\t\t\t\t\t<\/div>\n\t\t<\/section>\n\t\t\t\t<section class=\"elementor-section elementor-top-section elementor-element elementor-element-a02bf1f elementor-section-boxed elementor-section-height-default elementor-section-height-default\" data-id=\"a02bf1f\" data-element_type=\"section\" data-e-type=\"section\">\n\t\t\t\t\t\t<div class=\"elementor-container elementor-column-gap-default\">\n\t\t\t\t\t<div class=\"elementor-column elementor-col-100 elementor-top-column elementor-element elementor-element-f8f15a9\" data-id=\"f8f15a9\" data-element_type=\"column\" data-e-type=\"column\">\n\t\t\t<div class=\"elementor-widget-wrap elementor-element-populated\">\n\t\t\t\t\t\t<div class=\"elementor-element elementor-element-a49dc86 elementor-widget elementor-widget-heading\" data-id=\"a49dc86\" data-element_type=\"widget\" data-e-type=\"widget\" data-widget_type=\"heading.default\">\n\t\t\t\t<div class=\"elementor-widget-container\">\n\t\t\t\t\t<h2 class=\"elementor-heading-title elementor-size-default\">Suppleanter<\/h2>\t\t\t\t<\/div>\n\t\t\t\t<\/div>\n\t\t\t\t<div class=\"elementor-element elementor-element-8f3ebbd elementor-widget-divider--view-line elementor-widget elementor-widget-divider\" data-id=\"8f3ebbd\" data-element_type=\"widget\" data-e-type=\"widget\" data-widget_type=\"divider.default\">\n\t\t\t\t<div class=\"elementor-widget-container\">\n\t\t\t\t\t\t\t<div class=\"elementor-divider\">\n\t\t\t<span class=\"elementor-divider-separator\">\n\t\t\t\t\t\t<\/span>\n\t\t<\/div>\n\t\t\t\t\t\t<\/div>\n\t\t\t\t<\/div>\n\t\t\t\t<div class=\"elementor-element elementor-element-a871a31 elementor-widget elementor-widget-shortcode\" data-id=\"a871a31\" data-element_type=\"widget\" data-e-type=\"widget\" data-widget_type=\"shortcode.default\">\n\t\t\t\t<div class=\"elementor-widget-container\">\n\t\t\t\t\t\t\t<div class=\"elementor-shortcode\"><div class=\"pt-cv-wrapper\"><div class=\"pt-cv-view pt-cv-grid pt-cv-colsys\" id=\"pt-cv-view-b364075ycd\"><div data-id=\"pt-cv-page-1\" class=\"pt-cv-page cv-npf\" data-cvc=\"2\"><div class=\"col-md-6 col-sm-12 col-xs-12 pt-cv-content-item pt-cv-2-col\" ><div class='pt-cv-ifield'><div class=\"pt-cv-no-post\">Inga inl\u00e4gg hittades.<\/div><\/div><\/div><\/div><\/div><\/div><\/div>\n\t\t\t\t\t\t<\/div>\n\t\t\t\t<\/div>\n\t\t\t\t\t<\/div>\n\t\t<\/div>\n\t\t\t\t\t<\/div>\n\t\t<\/section>\n\t\t\t\t<section class=\"elementor-section elementor-top-section elementor-element elementor-element-e5e02c5 elementor-section-boxed elementor-section-height-default elementor-section-height-default\" data-id=\"e5e02c5\" data-element_type=\"section\" data-e-type=\"section\">\n\t\t\t\t\t\t<div class=\"elementor-container elementor-column-gap-default\">\n\t\t\t\t\t<div class=\"elementor-column elementor-col-100 elementor-top-column elementor-element elementor-element-79ee10a\" data-id=\"79ee10a\" data-element_type=\"column\" data-e-type=\"column\">\n\t\t\t<div class=\"elementor-widget-wrap elementor-element-populated\">\n\t\t\t\t\t\t<div class=\"elementor-element elementor-element-c381aa0 elementor-widget elementor-widget-heading\" data-id=\"c381aa0\" data-element_type=\"widget\" data-e-type=\"widget\" data-widget_type=\"heading.default\">\n\t\t\t\t<div class=\"elementor-widget-container\">\n\t\t\t\t\t<h2 class=\"elementor-heading-title elementor-size-large\">Valberedning<\/h2>\t\t\t\t<\/div>\n\t\t\t\t<\/div>\n\t\t\t\t<div class=\"elementor-element elementor-element-b0c457e elementor-widget-divider--view-line elementor-widget elementor-widget-divider\" data-id=\"b0c457e\" data-element_type=\"widget\" data-e-type=\"widget\" data-widget_type=\"divider.default\">\n\t\t\t\t<div class=\"elementor-widget-container\">\n\t\t\t\t\t\t\t<div class=\"elementor-divider\">\n\t\t\t<span class=\"elementor-divider-separator\">\n\t\t\t\t\t\t<\/span>\n\t\t<\/div>\n\t\t\t\t\t\t<\/div>\n\t\t\t\t<\/div>\n\t\t\t\t<div class=\"elementor-element elementor-element-3630402 elementor-widget elementor-widget-shortcode\" data-id=\"3630402\" data-element_type=\"widget\" data-e-type=\"widget\" data-widget_type=\"shortcode.default\">\n\t\t\t\t<div class=\"elementor-widget-container\">\n\t\t\t\t\t\t\t<div class=\"elementor-shortcode\"><div class=\"pt-cv-wrapper\"><div class=\"pt-cv-view pt-cv-grid pt-cv-colsys pt-cv-nolf\" id=\"pt-cv-view-9f40b579w7\"><div data-id=\"pt-cv-page-1\" class=\"pt-cv-page cv-npf\" data-cvc=\"2\"><div class=\"col-md-6 col-sm-12 col-xs-12 pt-cv-content-item pt-cv-2-col\" ><div class='pt-cv-ifield'><div class=\"pt-cv-no-post\">Inga inl\u00e4gg hittades.<\/div><\/div><\/div><\/div><\/div><\/div><\/div>\n\t\t\t\t\t\t<\/div>\n\t\t\t\t<\/div>\n\t\t\t\t\t<\/div>\n\t\t<\/div>\n\t\t\t\t\t<\/div>\n\t\t<\/section>\n\t\t\t\t<section class=\"elementor-section elementor-top-section elementor-element elementor-element-1aefade elementor-section-boxed elementor-section-height-default elementor-section-height-default\" data-id=\"1aefade\" data-element_type=\"section\" data-e-type=\"section\">\n\t\t\t\t\t\t<div class=\"elementor-container elementor-column-gap-default\">\n\t\t\t\t\t<div class=\"elementor-column elementor-col-100 elementor-top-column elementor-element elementor-element-19ff0fb\" data-id=\"19ff0fb\" data-element_type=\"column\" data-e-type=\"column\">\n\t\t\t<div class=\"elementor-widget-wrap elementor-element-populated\">\n\t\t\t\t\t\t<div class=\"elementor-element elementor-element-9248c5b elementor-widget elementor-widget-heading\" data-id=\"9248c5b\" data-element_type=\"widget\" data-e-type=\"widget\" data-widget_type=\"heading.default\">\n\t\t\t\t<div class=\"elementor-widget-container\">\n\t\t\t\t\t<h2 class=\"elementor-heading-title elementor-size-large\">Revisorer<\/h2>\t\t\t\t<\/div>\n\t\t\t\t<\/div>\n\t\t\t\t<div class=\"elementor-element elementor-element-9625d41 elementor-widget-divider--view-line elementor-widget elementor-widget-divider\" data-id=\"9625d41\" data-element_type=\"widget\" data-e-type=\"widget\" data-widget_type=\"divider.default\">\n\t\t\t\t<div class=\"elementor-widget-container\">\n\t\t\t\t\t\t\t<div class=\"elementor-divider\">\n\t\t\t<span class=\"elementor-divider-separator\">\n\t\t\t\t\t\t<\/span>\n\t\t<\/div>\n\t\t\t\t\t\t<\/div>\n\t\t\t\t<\/div>\n\t\t\t\t<div class=\"elementor-element elementor-element-4f92bc9 elementor-widget elementor-widget-shortcode\" data-id=\"4f92bc9\" data-element_type=\"widget\" data-e-type=\"widget\" data-widget_type=\"shortcode.default\">\n\t\t\t\t<div class=\"elementor-widget-container\">\n\t\t\t\t\t\t\t<div class=\"elementor-shortcode\"><div class=\"pt-cv-wrapper\"><div class=\"pt-cv-view pt-cv-grid pt-cv-colsys pt-cv-nolf\" id=\"pt-cv-view-be14827c82\"><div data-id=\"pt-cv-page-1\" class=\"pt-cv-page cv-npf\" data-cvc=\"2\"><div class=\"col-md-6 col-sm-12 col-xs-12 pt-cv-content-item pt-cv-2-col\" ><div class='pt-cv-ifield'><div class=\"pt-cv-no-post\">Inga inl\u00e4gg hittades.<\/div><\/div><\/div><\/div><\/div><\/div><\/div>\n\t\t\t\t\t\t<\/div>\n\t\t\t\t<\/div>\n\t\t\t\t\t<\/div>\n\t\t<\/div>\n\t\t\t\t\t<\/div>\n\t\t<\/section>\n\t\t\t\t<\/div>\n\t\t","protected":false},"excerpt":{"rendered":"<p>\u00f6vriga Ledam\u00f6ter Suppleanter Valberedning Revisorer<\/p>\n","protected":false},"author":1,"featured_media":0,"parent":48,"menu_order":0,"comment_status":"closed","ping_status":"closed","template":"","meta":{"_price":"","_stock":"","_tribe_ticket_header":"","_tribe_default_ticket_provider":"","_tribe_ticket_capacity":"0","_ticket_start_date":"","_ticket_end_date":"","_tribe_ticket_show_description":"","_tribe_ticket_show_not_going":false,"_tribe_ticket_use_global_stock":"","_tribe_ticket_global_stock_level":"","_global_stock_mode":"","_global_stock_cap":"","_tribe_rsvp_for_event":"","_tribe_ticket_going_count":"","_tribe_ticket_not_going_count":"","_tribe_tickets_list":"[]","_tribe_ticket_has_attendee_info_fields":false,"footnotes":"","_tec_slr_enabled":"","_tec_slr_layout":"","_links_to":"","_links_to_target":""},"class_list":["post-697","page","type-page","status-publish"],"yoast_head":"<!-- This site is optimized with the Yoast SEO plugin v25.6 - https:\/\/yoast.com\/wordpress\/plugins\/seo\/ -->\n<title>Styrelsen - Svenska Hundklubben - Uppsala<\/title>\n<meta name=\"robots\" content=\"index, follow, max-snippet:-1, max-image-preview:large, max-video-preview:-1\" \/>\n<link rel=\"canonical\" href=\"https:\/\/svenskahundklubben.se\/uppsala\/om-shk\/styrelsen\/\" \/>\n<meta property=\"og:locale\" content=\"sv_SE\" \/>\n<meta property=\"og:type\" content=\"article\" \/>\n<meta property=\"og:title\" content=\"Styrelsen - Svenska Hundklubben - Uppsala\" \/>\n<meta property=\"og:description\" content=\"\u00f6vriga Ledam\u00f6ter Suppleanter Valberedning Revisorer\" \/>\n<meta property=\"og:url\" content=\"https:\/\/svenskahundklubben.se\/uppsala\/om-shk\/styrelsen\/\" \/>\n<meta property=\"og:site_name\" content=\"Svenska Hundklubben - Uppsala\" \/>\n<meta property=\"article:modified_time\" content=\"2019-08-06T21:27:31+00:00\" \/>\n<meta name=\"twitter:card\" content=\"summary_large_image\" \/>\n<script type=\"application\/ld+json\" class=\"yoast-schema-graph\">{\"@context\":\"https:\/\/schema.org\",\"@graph\":[{\"@type\":\"WebPage\",\"@id\":\"https:\/\/svenskahundklubben.se\/uppsala\/om-shk\/styrelsen\/\",\"url\":\"https:\/\/svenskahundklubben.se\/uppsala\/om-shk\/styrelsen\/\",\"name\":\"Styrelsen - Svenska Hundklubben - Uppsala\",\"isPartOf\":{\"@id\":\"https:\/\/svenskahundklubben.se\/uppsala\/#website\"},\"datePublished\":\"2019-07-18T12:30:00+00:00\",\"dateModified\":\"2019-08-06T21:27:31+00:00\",\"breadcrumb\":{\"@id\":\"https:\/\/svenskahundklubben.se\/uppsala\/om-shk\/styrelsen\/#breadcrumb\"},\"inLanguage\":\"sv-SE\",\"potentialAction\":[{\"@type\":\"ReadAction\",\"target\":[\"https:\/\/svenskahundklubben.se\/uppsala\/om-shk\/styrelsen\/\"]}]},{\"@type\":\"BreadcrumbList\",\"@id\":\"https:\/\/svenskahundklubben.se\/uppsala\/om-shk\/styrelsen\/#breadcrumb\",\"itemListElement\":[{\"@type\":\"ListItem\",\"position\":1,\"name\":\"Hem\",\"item\":\"https:\/\/svenskahundklubben.se\/uppsala\/\"},{\"@type\":\"ListItem\",\"position\":2,\"name\":\"Om Oss\",\"item\":\"https:\/\/svenskahundklubben.se\/uppsala\/om-shk\/\"},{\"@type\":\"ListItem\",\"position\":3,\"name\":\"Styrelsen\"}]},{\"@type\":\"WebSite\",\"@id\":\"https:\/\/svenskahundklubben.se\/uppsala\/#website\",\"url\":\"https:\/\/svenskahundklubben.se\/uppsala\/\",\"name\":\"Svenska Hundklubben - Uppsala\",\"description\":\"Svenska Hundklubben\",\"publisher\":{\"@id\":\"https:\/\/svenskahundklubben.se\/uppsala\/#organization\"},\"potentialAction\":[{\"@type\":\"SearchAction\",\"target\":{\"@type\":\"EntryPoint\",\"urlTemplate\":\"https:\/\/svenskahundklubben.se\/uppsala\/?s={search_term_string}\"},\"query-input\":{\"@type\":\"PropertyValueSpecification\",\"valueRequired\":true,\"valueName\":\"search_term_string\"}}],\"inLanguage\":\"sv-SE\"},{\"@type\":\"Organization\",\"@id\":\"https:\/\/svenskahundklubben.se\/uppsala\/#organization\",\"name\":\"Svenska Hundklubben - Uppsala\",\"url\":\"https:\/\/svenskahundklubben.se\/uppsala\/\",\"logo\":{\"@type\":\"ImageObject\",\"inLanguage\":\"sv-SE\",\"@id\":\"https:\/\/svenskahundklubben.se\/uppsala\/#\/schema\/logo\/image\/\",\"url\":\"https:\/\/svenskahundklubben.se\/uppsala\/wp-content\/uploads\/sites\/14\/2020\/02\/SHK-UPPSALA-HEADERLOGO.png\",\"contentUrl\":\"https:\/\/svenskahundklubben.se\/uppsala\/wp-content\/uploads\/sites\/14\/2020\/02\/SHK-UPPSALA-HEADERLOGO.png\",\"width\":1200,\"height\":300,\"caption\":\"Svenska Hundklubben - Uppsala\"},\"image\":{\"@id\":\"https:\/\/svenskahundklubben.se\/uppsala\/#\/schema\/logo\/image\/\"}}]}<\/script>\n<!-- \/ Yoast SEO plugin. -->","yoast_head_json":{"title":"Styrelsen - Svenska Hundklubben - Uppsala","robots":{"index":"index","follow":"follow","max-snippet":"max-snippet:-1","max-image-preview":"max-image-preview:large","max-video-preview":"max-video-preview:-1"},"canonical":"https:\/\/svenskahundklubben.se\/uppsala\/om-shk\/styrelsen\/","og_locale":"sv_SE","og_type":"article","og_title":"Styrelsen - Svenska Hundklubben - Uppsala","og_description":"\u00f6vriga Ledam\u00f6ter Suppleanter Valberedning Revisorer","og_url":"https:\/\/svenskahundklubben.se\/uppsala\/om-shk\/styrelsen\/","og_site_name":"Svenska Hundklubben - Uppsala","article_modified_time":"2019-08-06T21:27:31+00:00","twitter_card":"summary_large_image","schema":{"@context":"https:\/\/schema.org","@graph":[{"@type":"WebPage","@id":"https:\/\/svenskahundklubben.se\/uppsala\/om-shk\/styrelsen\/","url":"https:\/\/svenskahundklubben.se\/uppsala\/om-shk\/styrelsen\/","name":"Styrelsen - Svenska Hundklubben - Uppsala","isPartOf":{"@id":"https:\/\/svenskahundklubben.se\/uppsala\/#website"},"datePublished":"2019-07-18T12:30:00+00:00","dateModified":"2019-08-06T21:27:31+00:00","breadcrumb":{"@id":"https:\/\/svenskahundklubben.se\/uppsala\/om-shk\/styrelsen\/#breadcrumb"},"inLanguage":"sv-SE","potentialAction":[{"@type":"ReadAction","target":["https:\/\/svenskahundklubben.se\/uppsala\/om-shk\/styrelsen\/"]}]},{"@type":"BreadcrumbList","@id":"https:\/\/svenskahundklubben.se\/uppsala\/om-shk\/styrelsen\/#breadcrumb","itemListElement":[{"@type":"ListItem","position":1,"name":"Hem","item":"https:\/\/svenskahundklubben.se\/uppsala\/"},{"@type":"ListItem","position":2,"name":"Om Oss","item":"https:\/\/svenskahundklubben.se\/uppsala\/om-shk\/"},{"@type":"ListItem","position":3,"name":"Styrelsen"}]},{"@type":"WebSite","@id":"https:\/\/svenskahundklubben.se\/uppsala\/#website","url":"https:\/\/svenskahundklubben.se\/uppsala\/","name":"Svenska Hundklubben - Uppsala","description":"Svenska Hundklubben","publisher":{"@id":"https:\/\/svenskahundklubben.se\/uppsala\/#organization"},"potentialAction":[{"@type":"SearchAction","target":{"@type":"EntryPoint","urlTemplate":"https:\/\/svenskahundklubben.se\/uppsala\/?s={search_term_string}"},"query-input":{"@type":"PropertyValueSpecification","valueRequired":true,"valueName":"search_term_string"}}],"inLanguage":"sv-SE"},{"@type":"Organization","@id":"https:\/\/svenskahundklubben.se\/uppsala\/#organization","name":"Svenska Hundklubben - Uppsala","url":"https:\/\/svenskahundklubben.se\/uppsala\/","logo":{"@type":"ImageObject","inLanguage":"sv-SE","@id":"https:\/\/svenskahundklubben.se\/uppsala\/#\/schema\/logo\/image\/","url":"https:\/\/svenskahundklubben.se\/uppsala\/wp-content\/uploads\/sites\/14\/2020\/02\/SHK-UPPSALA-HEADERLOGO.png","contentUrl":"https:\/\/svenskahundklubben.se\/uppsala\/wp-content\/uploads\/sites\/14\/2020\/02\/SHK-UPPSALA-HEADERLOGO.png","width":1200,"height":300,"caption":"Svenska Hundklubben - Uppsala"},"image":{"@id":"https:\/\/svenskahundklubben.se\/uppsala\/#\/schema\/logo\/image\/"}}]}},"ticketed":false,"_links":{"self":[{"href":"https:\/\/svenskahundklubben.se\/uppsala\/wp-json\/wp\/v2\/pages\/697"}],"collection":[{"href":"https:\/\/svenskahundklubben.se\/uppsala\/wp-json\/wp\/v2\/pages"}],"about":[{"href":"https:\/\/svenskahundklubben.se\/uppsala\/wp-json\/wp\/v2\/types\/page"}],"author":[{"embeddable":true,"href":"https:\/\/svenskahundklubben.se\/uppsala\/wp-json\/wp\/v2\/users\/1"}],"replies":[{"embeddable":true,"href":"https:\/\/svenskahundklubben.se\/uppsala\/wp-json\/wp\/v2\/comments?post=697"}],"version-history":[{"count":8,"href":"https:\/\/svenskahundklubben.se\/uppsala\/wp-json\/wp\/v2\/pages\/697\/revisions"}],"predecessor-version":[{"id":1251,"href":"https:\/\/svenskahundklubben.se\/uppsala\/wp-json\/wp\/v2\/pages\/697\/revisions\/1251"}],"up":[{"embeddable":true,"href":"https:\/\/svenskahundklubben.se\/uppsala\/wp-json\/wp\/v2\/pages\/48"}],"wp:attachment":[{"href":"https:\/\/svenskahundklubben.se\/uppsala\/wp-json\/wp\/v2\/media?parent=697"}],"curies":[{"name":"wp","href":"https:\/\/api.w.org\/{rel}","templated":true}]}}