{"id":684,"date":"2019-07-18T13:11:32","date_gmt":"2019-07-18T11:11:32","guid":{"rendered":"https:\/\/svenskahundklubben.se\/uppsala\/?page_id=684"},"modified":"2020-01-12T17:35:50","modified_gmt":"2020-01-12T16:35:50","slug":"kurser","status":"publish","type":"page","link":"https:\/\/svenskahundklubben.se\/uppsala\/kurser\/","title":{"rendered":"Kurser"},"content":{"rendered":"\t\t<div data-elementor-type=\"wp-post\" data-elementor-id=\"684\" class=\"elementor elementor-684\">\n\t\t\t\t\t\t<section class=\"elementor-section elementor-top-section elementor-element elementor-element-ea5a8fd elementor-section-boxed elementor-section-height-default elementor-section-height-default\" data-id=\"ea5a8fd\" data-element_type=\"section\" data-e-type=\"section\">\n\t\t\t\t\t\t<div class=\"elementor-container elementor-column-gap-default\">\n\t\t\t\t\t<div class=\"elementor-column elementor-col-100 elementor-top-column elementor-element elementor-element-272ef2e\" data-id=\"272ef2e\" data-element_type=\"column\" data-e-type=\"column\">\n\t\t\t<div class=\"elementor-widget-wrap elementor-element-populated\">\n\t\t\t\t\t\t<div class=\"elementor-element elementor-element-3e320f6 elementor-widget elementor-widget-spacer\" data-id=\"3e320f6\" data-element_type=\"widget\" data-e-type=\"widget\" data-widget_type=\"spacer.default\">\n\t\t\t\t<div class=\"elementor-widget-container\">\n\t\t\t\t\t\t\t<div class=\"elementor-spacer\">\n\t\t\t<div class=\"elementor-spacer-inner\"><\/div>\n\t\t<\/div>\n\t\t\t\t\t\t<\/div>\n\t\t\t\t<\/div>\n\t\t\t\t\t<\/div>\n\t\t<\/div>\n\t\t\t\t\t<\/div>\n\t\t<\/section>\n\t\t\t\t<section class=\"elementor-section elementor-top-section elementor-element elementor-element-ad3c217 elementor-section-boxed elementor-section-height-default elementor-section-height-default\" data-id=\"ad3c217\" data-element_type=\"section\" data-e-type=\"section\">\n\t\t\t\t\t\t<div class=\"elementor-container elementor-column-gap-default\">\n\t\t\t\t\t<div class=\"elementor-column elementor-col-100 elementor-top-column elementor-element elementor-element-f06cd00\" data-id=\"f06cd00\" data-element_type=\"column\" data-e-type=\"column\">\n\t\t\t<div class=\"elementor-widget-wrap elementor-element-populated\">\n\t\t\t\t\t\t<div class=\"elementor-element elementor-element-ff696fb elementor-widget elementor-widget-heading\" data-id=\"ff696fb\" data-element_type=\"widget\" data-e-type=\"widget\" data-widget_type=\"heading.default\">\n\t\t\t\t<div class=\"elementor-widget-container\">\n\t\t\t\t\t<h3 class=\"elementor-heading-title elementor-size-medium\">G\u00e5 kurs hos oss<\/h3>\t\t\t\t<\/div>\n\t\t\t\t<\/div>\n\t\t\t\t\t<\/div>\n\t\t<\/div>\n\t\t\t\t\t<\/div>\n\t\t<\/section>\n\t\t\t\t<section class=\"elementor-section elementor-top-section elementor-element elementor-element-760d29f elementor-section-boxed elementor-section-height-default elementor-section-height-default\" data-id=\"760d29f\" data-element_type=\"section\" data-e-type=\"section\">\n\t\t\t\t\t\t<div class=\"elementor-container elementor-column-gap-default\">\n\t\t\t\t\t<div class=\"elementor-column elementor-col-100 elementor-top-column elementor-element elementor-element-18ab057\" data-id=\"18ab057\" data-element_type=\"column\" data-e-type=\"column\">\n\t\t\t<div class=\"elementor-widget-wrap elementor-element-populated\">\n\t\t\t\t\t\t<div class=\"elementor-element elementor-element-dbb75bd elementor-widget elementor-widget-spacer\" data-id=\"dbb75bd\" data-element_type=\"widget\" data-e-type=\"widget\" data-widget_type=\"spacer.default\">\n\t\t\t\t<div class=\"elementor-widget-container\">\n\t\t\t\t\t\t\t<div class=\"elementor-spacer\">\n\t\t\t<div class=\"elementor-spacer-inner\"><\/div>\n\t\t<\/div>\n\t\t\t\t\t\t<\/div>\n\t\t\t\t<\/div>\n\t\t\t\t<div class=\"elementor-element elementor-element-9bdd8e7 elementor-widget elementor-widget-heading\" data-id=\"9bdd8e7\" data-element_type=\"widget\" data-e-type=\"widget\" data-widget_type=\"heading.default\">\n\t\t\t\t<div class=\"elementor-widget-container\">\n\t\t\t\t\t<h3 class=\"elementor-heading-title elementor-size-large\">lydnad- \/ F\u00f6ljsamhetskurser<\/h3>\t\t\t\t<\/div>\n\t\t\t\t<\/div>\n\t\t\t\t<div class=\"elementor-element elementor-element-4d70cea elementor-widget-divider--view-line elementor-widget elementor-widget-divider\" data-id=\"4d70cea\" data-element_type=\"widget\" data-e-type=\"widget\" data-widget_type=\"divider.default\">\n\t\t\t\t<div class=\"elementor-widget-container\">\n\t\t\t\t\t\t\t<div class=\"elementor-divider\">\n\t\t\t<span class=\"elementor-divider-separator\">\n\t\t\t\t\t\t<\/span>\n\t\t<\/div>\n\t\t\t\t\t\t<\/div>\n\t\t\t\t<\/div>\n\t\t\t\t<div class=\"elementor-element elementor-element-bb9d1f6 elementor-widget elementor-widget-shortcode\" data-id=\"bb9d1f6\" data-element_type=\"widget\" data-e-type=\"widget\" data-widget_type=\"shortcode.default\">\n\t\t\t\t<div class=\"elementor-widget-container\">\n\t\t\t\t\t\t\t<div class=\"elementor-shortcode\"><div class=\"pt-cv-wrapper\"><div class=\"pt-cv-view pt-cv-grid pt-cv-colsys pt-cv-nolf\" id=\"pt-cv-view-bd49592u58\"><div data-id=\"pt-cv-page-1\" class=\"pt-cv-page cv-npf\" data-cvc=\"1\"><div class=\"col-md-12 col-sm-12 col-xs-12 pt-cv-content-item pt-cv-2-col\" ><div class='pt-cv-ifield'><div class=\"pt-cv-no-post\">Inga inl\u00e4gg hittades.<\/div><\/div><\/div><\/div><\/div><\/div><\/div>\n\t\t\t\t\t\t<\/div>\n\t\t\t\t<\/div>\n\t\t\t\t\t<\/div>\n\t\t<\/div>\n\t\t\t\t\t<\/div>\n\t\t<\/section>\n\t\t\t\t<section class=\"elementor-section elementor-top-section elementor-element elementor-element-5289499 elementor-section-boxed elementor-section-height-default elementor-section-height-default\" data-id=\"5289499\" data-element_type=\"section\" data-e-type=\"section\">\n\t\t\t\t\t\t<div class=\"elementor-container elementor-column-gap-default\">\n\t\t\t\t\t<div class=\"elementor-column elementor-col-100 elementor-top-column elementor-element elementor-element-2bffc75\" data-id=\"2bffc75\" data-element_type=\"column\" data-e-type=\"column\">\n\t\t\t<div class=\"elementor-widget-wrap elementor-element-populated\">\n\t\t\t\t\t\t<div class=\"elementor-element elementor-element-9c6c8d5 elementor-widget elementor-widget-spacer\" data-id=\"9c6c8d5\" data-element_type=\"widget\" data-e-type=\"widget\" data-widget_type=\"spacer.default\">\n\t\t\t\t<div class=\"elementor-widget-container\">\n\t\t\t\t\t\t\t<div class=\"elementor-spacer\">\n\t\t\t<div class=\"elementor-spacer-inner\"><\/div>\n\t\t<\/div>\n\t\t\t\t\t\t<\/div>\n\t\t\t\t<\/div>\n\t\t\t\t<div class=\"elementor-element elementor-element-db3f25f elementor-widget elementor-widget-heading\" data-id=\"db3f25f\" data-element_type=\"widget\" data-e-type=\"widget\" data-widget_type=\"heading.default\">\n\t\t\t\t<div class=\"elementor-widget-container\">\n\t\t\t\t\t<h3 class=\"elementor-heading-title elementor-size-large\">NosKURSER<\/h3>\t\t\t\t<\/div>\n\t\t\t\t<\/div>\n\t\t\t\t<div class=\"elementor-element elementor-element-3fb703a elementor-widget-divider--view-line elementor-widget elementor-widget-divider\" data-id=\"3fb703a\" data-element_type=\"widget\" data-e-type=\"widget\" data-widget_type=\"divider.default\">\n\t\t\t\t<div class=\"elementor-widget-container\">\n\t\t\t\t\t\t\t<div class=\"elementor-divider\">\n\t\t\t<span class=\"elementor-divider-separator\">\n\t\t\t\t\t\t<\/span>\n\t\t<\/div>\n\t\t\t\t\t\t<\/div>\n\t\t\t\t<\/div>\n\t\t\t\t<div class=\"elementor-element elementor-element-0012867 elementor-widget elementor-widget-shortcode\" data-id=\"0012867\" data-element_type=\"widget\" data-e-type=\"widget\" data-widget_type=\"shortcode.default\">\n\t\t\t\t<div class=\"elementor-widget-container\">\n\t\t\t\t\t\t\t<div class=\"elementor-shortcode\"><div class=\"pt-cv-wrapper\"><div class=\"pt-cv-view pt-cv-grid pt-cv-colsys pt-cv-nolf\" id=\"pt-cv-view-b564cb94s0\"><div data-id=\"pt-cv-page-1\" class=\"pt-cv-page cv-npf\" data-cvc=\"1\"><div class=\"col-md-12 col-sm-12 col-xs-12 pt-cv-content-item pt-cv-2-col\" ><div class='pt-cv-ifield'><div class=\"pt-cv-no-post\">Inga inl\u00e4gg hittades.<\/div><\/div><\/div><\/div><\/div><\/div><\/div>\n\t\t\t\t\t\t<\/div>\n\t\t\t\t<\/div>\n\t\t\t\t\t<\/div>\n\t\t<\/div>\n\t\t\t\t\t<\/div>\n\t\t<\/section>\n\t\t\t\t<section class=\"elementor-section elementor-top-section elementor-element elementor-element-28e484f elementor-section-boxed elementor-section-height-default elementor-section-height-default\" data-id=\"28e484f\" data-element_type=\"section\" data-e-type=\"section\">\n\t\t\t\t\t\t<div class=\"elementor-container elementor-column-gap-default\">\n\t\t\t\t\t<div class=\"elementor-column elementor-col-100 elementor-top-column elementor-element elementor-element-13e25f8\" data-id=\"13e25f8\" data-element_type=\"column\" data-e-type=\"column\">\n\t\t\t<div class=\"elementor-widget-wrap elementor-element-populated\">\n\t\t\t\t\t\t<div class=\"elementor-element elementor-element-ace8b8f elementor-widget elementor-widget-spacer\" data-id=\"ace8b8f\" data-element_type=\"widget\" data-e-type=\"widget\" data-widget_type=\"spacer.default\">\n\t\t\t\t<div class=\"elementor-widget-container\">\n\t\t\t\t\t\t\t<div class=\"elementor-spacer\">\n\t\t\t<div class=\"elementor-spacer-inner\"><\/div>\n\t\t<\/div>\n\t\t\t\t\t\t<\/div>\n\t\t\t\t<\/div>\n\t\t\t\t<div class=\"elementor-element elementor-element-62cab6a elementor-widget elementor-widget-heading\" data-id=\"62cab6a\" data-element_type=\"widget\" data-e-type=\"widget\" data-widget_type=\"heading.default\">\n\t\t\t\t<div class=\"elementor-widget-container\">\n\t\t\t\t\t<h3 class=\"elementor-heading-title elementor-size-large\">\u00d6vrigA KURSER<\/h3>\t\t\t\t<\/div>\n\t\t\t\t<\/div>\n\t\t\t\t<div class=\"elementor-element elementor-element-f90479b elementor-widget-divider--view-line elementor-widget elementor-widget-divider\" data-id=\"f90479b\" data-element_type=\"widget\" data-e-type=\"widget\" data-widget_type=\"divider.default\">\n\t\t\t\t<div class=\"elementor-widget-container\">\n\t\t\t\t\t\t\t<div class=\"elementor-divider\">\n\t\t\t<span class=\"elementor-divider-separator\">\n\t\t\t\t\t\t<\/span>\n\t\t<\/div>\n\t\t\t\t\t\t<\/div>\n\t\t\t\t<\/div>\n\t\t\t\t<div class=\"elementor-element elementor-element-4b32db3 elementor-widget elementor-widget-shortcode\" data-id=\"4b32db3\" data-element_type=\"widget\" data-e-type=\"widget\" data-widget_type=\"shortcode.default\">\n\t\t\t\t<div class=\"elementor-widget-container\">\n\t\t\t\t\t\t\t<div class=\"elementor-shortcode\"><div class=\"pt-cv-wrapper\"><div class=\"pt-cv-view pt-cv-grid pt-cv-colsys pt-cv-nolf\" id=\"pt-cv-view-cc94f7emz2\"><div data-id=\"pt-cv-page-1\" class=\"pt-cv-page cv-npf\" data-cvc=\"1\"><div class=\"col-md-12 col-sm-12 col-xs-12 pt-cv-content-item pt-cv-2-col\" ><div class='pt-cv-ifield'><div class=\"pt-cv-no-post\">Inga inl\u00e4gg hittades.<\/div><\/div><\/div><\/div><\/div><\/div><\/div>\n\t\t\t\t\t\t<\/div>\n\t\t\t\t<\/div>\n\t\t\t\t\t<\/div>\n\t\t<\/div>\n\t\t\t\t\t<\/div>\n\t\t<\/section>\n\t\t\t\t<section class=\"elementor-section elementor-top-section elementor-element elementor-element-840515d elementor-section-boxed elementor-section-height-default elementor-section-height-default\" data-id=\"840515d\" data-element_type=\"section\" data-e-type=\"section\">\n\t\t\t\t\t\t<div class=\"elementor-container elementor-column-gap-default\">\n\t\t\t\t\t<div class=\"elementor-column elementor-col-100 elementor-top-column elementor-element elementor-element-b2ff19d\" data-id=\"b2ff19d\" data-element_type=\"column\" data-e-type=\"column\">\n\t\t\t<div class=\"elementor-widget-wrap elementor-element-populated\">\n\t\t\t\t\t\t<div class=\"elementor-element elementor-element-b6586b1 elementor-widget elementor-widget-text-editor\" data-id=\"b6586b1\" data-element_type=\"widget\" data-e-type=\"widget\" data-widget_type=\"text-editor.default\">\n\t\t\t\t<div class=\"elementor-widget-container\">\n\t\t\t\t\t\t\t\t\t<blockquote><p><a href=\"https:\/\/svenskahundklubben.se\/sodertalje\/kurser\/temakurser\/\"><em>H\u00e5ll utkik och missa inte sp\u00e4nnande temakurser\u00a0<\/em><\/a><\/p><\/blockquote>\t\t\t\t\t\t\t\t<\/div>\n\t\t\t\t<\/div>\n\t\t\t\t\t<\/div>\n\t\t<\/div>\n\t\t\t\t\t<\/div>\n\t\t<\/section>\n\t\t\t\t<\/div>\n\t\t","protected":false},"excerpt":{"rendered":"<p>G\u00e5 kurs hos oss Kurser v\u00e5rterminen 2020 Svenska Hundklubben profilerar sig som klubben som satsar p\u00e5 berikande verksamhet f\u00f6r hunden, d\u00e4r hunden f\u00e5r anv\u00e4nda sin fantastiska nos i aktiviteter som Sp\u00e5r-, S\u00f6k och Nosarbete. Klubben &#8230; <a title=\"Kurser\" class=\"read-more\" href=\"https:\/\/svenskahundklubben.se\/uppsala\/kurser\/\">L\u00e4s mer<\/a><\/p>\n","protected":false},"author":1,"featured_media":0,"parent":0,"menu_order":0,"comment_status":"closed","ping_status":"closed","template":"elementor_header_footer","meta":{"_price":"","_stock":"","_tribe_ticket_header":"","_tribe_default_ticket_provider":"","_tribe_ticket_capacity":"0","_ticket_start_date":"","_ticket_end_date":"","_tribe_ticket_show_description":"","_tribe_ticket_show_not_going":false,"_tribe_ticket_use_global_stock":"","_tribe_ticket_global_stock_level":"","_global_stock_mode":"","_global_stock_cap":"","_tribe_rsvp_for_event":"","_tribe_ticket_going_count":"","_tribe_ticket_not_going_count":"","_tribe_tickets_list":"[]","_tribe_ticket_has_attendee_info_fields":false,"footnotes":"","_tec_slr_enabled":"","_tec_slr_layout":"","_links_to":"","_links_to_target":""},"class_list":["post-684","page","type-page","status-publish"],"yoast_head":"<!-- This site is optimized with the Yoast SEO plugin v25.6 - https:\/\/yoast.com\/wordpress\/plugins\/seo\/ -->\n<title>Kurser - Svenska Hundklubben - Uppsala<\/title>\n<meta name=\"robots\" content=\"index, follow, max-snippet:-1, max-image-preview:large, max-video-preview:-1\" \/>\n<link rel=\"canonical\" href=\"https:\/\/svenskahundklubben.se\/uppsala\/kurser\/\" \/>\n<meta property=\"og:locale\" content=\"sv_SE\" \/>\n<meta property=\"og:type\" content=\"article\" \/>\n<meta property=\"og:title\" content=\"Kurser - Svenska Hundklubben - Uppsala\" \/>\n<meta property=\"og:description\" content=\"G\u00e5 kurs hos oss Kurser v\u00e5rterminen 2020 Svenska Hundklubben profilerar sig som klubben som satsar p\u00e5 berikande verksamhet f\u00f6r hunden, d\u00e4r hunden f\u00e5r anv\u00e4nda sin fantastiska nos i aktiviteter som Sp\u00e5r-, S\u00f6k och Nosarbete. Klubben ... L\u00e4s mer\" \/>\n<meta property=\"og:url\" content=\"https:\/\/svenskahundklubben.se\/uppsala\/kurser\/\" \/>\n<meta property=\"og:site_name\" content=\"Svenska Hundklubben - Uppsala\" \/>\n<meta property=\"article:modified_time\" content=\"2020-01-12T16:35:50+00:00\" \/>\n<meta name=\"twitter:card\" content=\"summary_large_image\" \/>\n<meta name=\"twitter:label1\" content=\"Ber\u00e4knad l\u00e4stid\" \/>\n\t<meta name=\"twitter:data1\" content=\"2 minuter\" \/>\n<script type=\"application\/ld+json\" class=\"yoast-schema-graph\">{\"@context\":\"https:\/\/schema.org\",\"@graph\":[{\"@type\":\"WebPage\",\"@id\":\"https:\/\/svenskahundklubben.se\/uppsala\/kurser\/\",\"url\":\"https:\/\/svenskahundklubben.se\/uppsala\/kurser\/\",\"name\":\"Kurser - Svenska Hundklubben - Uppsala\",\"isPartOf\":{\"@id\":\"https:\/\/svenskahundklubben.se\/uppsala\/#website\"},\"datePublished\":\"2019-07-18T11:11:32+00:00\",\"dateModified\":\"2020-01-12T16:35:50+00:00\",\"breadcrumb\":{\"@id\":\"https:\/\/svenskahundklubben.se\/uppsala\/kurser\/#breadcrumb\"},\"inLanguage\":\"sv-SE\",\"potentialAction\":[{\"@type\":\"ReadAction\",\"target\":[\"https:\/\/svenskahundklubben.se\/uppsala\/kurser\/\"]}]},{\"@type\":\"BreadcrumbList\",\"@id\":\"https:\/\/svenskahundklubben.se\/uppsala\/kurser\/#breadcrumb\",\"itemListElement\":[{\"@type\":\"ListItem\",\"position\":1,\"name\":\"Hem\",\"item\":\"https:\/\/svenskahundklubben.se\/uppsala\/\"},{\"@type\":\"ListItem\",\"position\":2,\"name\":\"Kurser\"}]},{\"@type\":\"WebSite\",\"@id\":\"https:\/\/svenskahundklubben.se\/uppsala\/#website\",\"url\":\"https:\/\/svenskahundklubben.se\/uppsala\/\",\"name\":\"Svenska Hundklubben - Uppsala\",\"description\":\"Svenska Hundklubben\",\"publisher\":{\"@id\":\"https:\/\/svenskahundklubben.se\/uppsala\/#organization\"},\"potentialAction\":[{\"@type\":\"SearchAction\",\"target\":{\"@type\":\"EntryPoint\",\"urlTemplate\":\"https:\/\/svenskahundklubben.se\/uppsala\/?s={search_term_string}\"},\"query-input\":{\"@type\":\"PropertyValueSpecification\",\"valueRequired\":true,\"valueName\":\"search_term_string\"}}],\"inLanguage\":\"sv-SE\"},{\"@type\":\"Organization\",\"@id\":\"https:\/\/svenskahundklubben.se\/uppsala\/#organization\",\"name\":\"Svenska Hundklubben - Uppsala\",\"url\":\"https:\/\/svenskahundklubben.se\/uppsala\/\",\"logo\":{\"@type\":\"ImageObject\",\"inLanguage\":\"sv-SE\",\"@id\":\"https:\/\/svenskahundklubben.se\/uppsala\/#\/schema\/logo\/image\/\",\"url\":\"https:\/\/svenskahundklubben.se\/uppsala\/wp-content\/uploads\/sites\/14\/2020\/02\/SHK-UPPSALA-HEADERLOGO.png\",\"contentUrl\":\"https:\/\/svenskahundklubben.se\/uppsala\/wp-content\/uploads\/sites\/14\/2020\/02\/SHK-UPPSALA-HEADERLOGO.png\",\"width\":1200,\"height\":300,\"caption\":\"Svenska Hundklubben - Uppsala\"},\"image\":{\"@id\":\"https:\/\/svenskahundklubben.se\/uppsala\/#\/schema\/logo\/image\/\"}}]}<\/script>\n<!-- \/ Yoast SEO plugin. -->","yoast_head_json":{"title":"Kurser - Svenska Hundklubben - Uppsala","robots":{"index":"index","follow":"follow","max-snippet":"max-snippet:-1","max-image-preview":"max-image-preview:large","max-video-preview":"max-video-preview:-1"},"canonical":"https:\/\/svenskahundklubben.se\/uppsala\/kurser\/","og_locale":"sv_SE","og_type":"article","og_title":"Kurser - Svenska Hundklubben - Uppsala","og_description":"G\u00e5 kurs hos oss Kurser v\u00e5rterminen 2020 Svenska Hundklubben profilerar sig som klubben som satsar p\u00e5 berikande verksamhet f\u00f6r hunden, d\u00e4r hunden f\u00e5r anv\u00e4nda sin fantastiska nos i aktiviteter som Sp\u00e5r-, S\u00f6k och Nosarbete. Klubben ... L\u00e4s mer","og_url":"https:\/\/svenskahundklubben.se\/uppsala\/kurser\/","og_site_name":"Svenska Hundklubben - Uppsala","article_modified_time":"2020-01-12T16:35:50+00:00","twitter_card":"summary_large_image","twitter_misc":{"Ber\u00e4knad l\u00e4stid":"2 minuter"},"schema":{"@context":"https:\/\/schema.org","@graph":[{"@type":"WebPage","@id":"https:\/\/svenskahundklubben.se\/uppsala\/kurser\/","url":"https:\/\/svenskahundklubben.se\/uppsala\/kurser\/","name":"Kurser - Svenska Hundklubben - Uppsala","isPartOf":{"@id":"https:\/\/svenskahundklubben.se\/uppsala\/#website"},"datePublished":"2019-07-18T11:11:32+00:00","dateModified":"2020-01-12T16:35:50+00:00","breadcrumb":{"@id":"https:\/\/svenskahundklubben.se\/uppsala\/kurser\/#breadcrumb"},"inLanguage":"sv-SE","potentialAction":[{"@type":"ReadAction","target":["https:\/\/svenskahundklubben.se\/uppsala\/kurser\/"]}]},{"@type":"BreadcrumbList","@id":"https:\/\/svenskahundklubben.se\/uppsala\/kurser\/#breadcrumb","itemListElement":[{"@type":"ListItem","position":1,"name":"Hem","item":"https:\/\/svenskahundklubben.se\/uppsala\/"},{"@type":"ListItem","position":2,"name":"Kurser"}]},{"@type":"WebSite","@id":"https:\/\/svenskahundklubben.se\/uppsala\/#website","url":"https:\/\/svenskahundklubben.se\/uppsala\/","name":"Svenska Hundklubben - Uppsala","description":"Svenska Hundklubben","publisher":{"@id":"https:\/\/svenskahundklubben.se\/uppsala\/#organization"},"potentialAction":[{"@type":"SearchAction","target":{"@type":"EntryPoint","urlTemplate":"https:\/\/svenskahundklubben.se\/uppsala\/?s={search_term_string}"},"query-input":{"@type":"PropertyValueSpecification","valueRequired":true,"valueName":"search_term_string"}}],"inLanguage":"sv-SE"},{"@type":"Organization","@id":"https:\/\/svenskahundklubben.se\/uppsala\/#organization","name":"Svenska Hundklubben - Uppsala","url":"https:\/\/svenskahundklubben.se\/uppsala\/","logo":{"@type":"ImageObject","inLanguage":"sv-SE","@id":"https:\/\/svenskahundklubben.se\/uppsala\/#\/schema\/logo\/image\/","url":"https:\/\/svenskahundklubben.se\/uppsala\/wp-content\/uploads\/sites\/14\/2020\/02\/SHK-UPPSALA-HEADERLOGO.png","contentUrl":"https:\/\/svenskahundklubben.se\/uppsala\/wp-content\/uploads\/sites\/14\/2020\/02\/SHK-UPPSALA-HEADERLOGO.png","width":1200,"height":300,"caption":"Svenska Hundklubben - Uppsala"},"image":{"@id":"https:\/\/svenskahundklubben.se\/uppsala\/#\/schema\/logo\/image\/"}}]}},"ticketed":false,"_links":{"self":[{"href":"https:\/\/svenskahundklubben.se\/uppsala\/wp-json\/wp\/v2\/pages\/684"}],"collection":[{"href":"https:\/\/svenskahundklubben.se\/uppsala\/wp-json\/wp\/v2\/pages"}],"about":[{"href":"https:\/\/svenskahundklubben.se\/uppsala\/wp-json\/wp\/v2\/types\/page"}],"author":[{"embeddable":true,"href":"https:\/\/svenskahundklubben.se\/uppsala\/wp-json\/wp\/v2\/users\/1"}],"replies":[{"embeddable":true,"href":"https:\/\/svenskahundklubben.se\/uppsala\/wp-json\/wp\/v2\/comments?post=684"}],"version-history":[{"count":50,"href":"https:\/\/svenskahundklubben.se\/uppsala\/wp-json\/wp\/v2\/pages\/684\/revisions"}],"predecessor-version":[{"id":2743,"href":"https:\/\/svenskahundklubben.se\/uppsala\/wp-json\/wp\/v2\/pages\/684\/revisions\/2743"}],"wp:attachment":[{"href":"https:\/\/svenskahundklubben.se\/uppsala\/wp-json\/wp\/v2\/media?parent=684"}],"curies":[{"name":"wp","href":"https:\/\/api.w.org\/{rel}","templated":true}]}}