{"id":492,"date":"2019-07-16T14:09:18","date_gmt":"2019-07-16T12:09:18","guid":{"rendered":"https:\/\/svenskahundklubben.se\/uppsala\/?page_id=492"},"modified":"2020-01-24T16:51:00","modified_gmt":"2020-01-24T15:51:00","slug":"sodertalje-protokoll-2","status":"publish","type":"page","link":"https:\/\/svenskahundklubben.se\/uppsala\/om-shk\/sodertalje-protokoll-2\/","title":{"rendered":"S\u00f6dert\u00e4lje protokoll"},"content":{"rendered":"<h2>2020<\/h2>\n<ul>\n<li><a href=\"https:\/\/svenskahundklubben.se\/uppsala\/wp-content\/uploads\/sites\/14\/2020\/01\/LK_S\u00f6dert\u00e4ljeprotokoll-2020-01-21.pdf\">2020-01-21 Styrelseprotokoll<\/a><\/li>\n<\/ul>\n<h2>2019<\/h2>\n<ul>\n<li><a href=\"https:\/\/svenskahundklubben.se\/uppsala\/wp-content\/uploads\/sites\/14\/2019\/07\/2019-01-08-styr.pdf\">2019-01-08 styrelseprotokoll<\/a><\/li>\n<li><a href=\"https:\/\/svenskahundklubben.se\/uppsala\/wp-content\/uploads\/sites\/14\/2019\/07\/2019-02-12-styr.pdf\">2019-02-12 styrelseprotokoll<\/a><\/li>\n<li><a href=\"https:\/\/svenskahundklubben.se\/uppsala\/wp-content\/uploads\/sites\/14\/2019\/07\/2019-03-09-\u00e5rsm\u00f6te.pdf\">2019-03-09 \u00e5rsm\u00f6tesprotokoll<\/a><\/li>\n<li><a href=\"https:\/\/svenskahundklubben.se\/uppsala\/wp-content\/uploads\/sites\/14\/2019\/07\/2019-03-09-Verksamhetsber\u00e4ttelse.pdf\">2019-03-09 Verksamhetsber\u00e4ttelse<\/a><\/li>\n<li><a href=\"https:\/\/svenskahundklubben.se\/uppsala\/wp-content\/uploads\/sites\/14\/2019\/07\/2019-03-13-konst.pdf\">2019-03-13 konstituernade protokoll<\/a><\/li>\n<li><a href=\"https:\/\/svenskahundklubben.se\/uppsala\/wp-content\/uploads\/sites\/14\/2019\/07\/2019-03-13-styr.pdf\">2019-03-13 styrelseprotokoll<\/a><\/li>\n<li><a href=\"https:\/\/svenskahundklubben.se\/uppsala\/wp-content\/uploads\/sites\/14\/2019\/07\/2019-04-08-styr.pdf\">2019-04-08 styreleprotokoll<\/a><\/li>\n<li><a href=\"https:\/\/svenskahundklubben.se\/uppsala\/wp-content\/uploads\/sites\/14\/2019\/07\/2019-05-14-styr.pdf\">2019-05-14 styrelseprotokoll<\/a><\/li>\n<li><a href=\"https:\/\/svenskahundklubben.se\/uppsala\/wp-content\/uploads\/sites\/14\/2019\/07\/20190611-styr.pdf\">2019-06-11 styrelseprotokoll<\/a><\/li>\n<li><a href=\"https:\/\/svenskahundklubben.se\/uppsala\/wp-content\/uploads\/sites\/14\/2019\/09\/SHK-Styrelsem\u00f6te-20190910-002.pdf\">SHK Styrelsem\u00f6te 20190910<\/a>l<\/li>\n<li><a href=\"https:\/\/svenskahundklubben.se\/uppsala\/wp-content\/uploads\/sites\/14\/2019\/12\/Lk-S\u00f6dert\u00e4lje-Styrelseprotokoll-2019-10-08.pdf\">Lk S\u00f6dert\u00e4lje Styrelseprotokoll 2019-10-08<\/a><\/li>\n<li><a href=\"https:\/\/svenskahundklubben.se\/uppsala\/wp-content\/uploads\/sites\/14\/2019\/12\/Lk-S\u00f6dert\u00e4lje-Protokoll-2019-11-11-1.pdf\">Lk-S\u00f6dert\u00e4lje-Protokoll 2019-11-11<\/a><\/li>\n<li><a href=\"https:\/\/svenskahundklubben.se\/uppsala\/wp-content\/uploads\/sites\/14\/2019\/12\/Lk-S\u00f6dert\u00e4lje-Protokoll-2019-12-09.pdf\">Lk-S\u00f6dert\u00e4lje-Protokoll 2019-12-09<\/a><\/li>\n<\/ul>\n<h2>2018<\/h2>\n<ul>\n<li><a href=\"https:\/\/svenskahundklubben.se\/uppsala\/wp-content\/uploads\/sites\/14\/2019\/07\/2018-01-16-Styrelseprotokoll.pdf\">2018-01-16 Styrelseprotokoll<\/a><\/li>\n<li><a href=\"https:\/\/svenskahundklubben.se\/uppsala\/wp-content\/uploads\/sites\/14\/2019\/07\/2018-02-14-Styrelseprotokoll.pdf\">2018-02-14 Styrelseprotokoll<\/a><\/li>\n<li><a href=\"https:\/\/svenskahundklubben.se\/uppsala\/wp-content\/uploads\/sites\/14\/2019\/07\/2018-03-03-\u00c5rsm\u00f6tesprotokoll.pdf\">2018-03-03 \u00c5rsm\u00f6tesprotokoll<\/a><\/li>\n<li><a href=\"https:\/\/svenskahundklubben.se\/uppsala\/wp-content\/uploads\/sites\/14\/2019\/07\/2018-03-21-Konstituerande.pdf\">2018-03-21 Konstituerande<\/a><\/li>\n<li><a href=\"https:\/\/svenskahundklubben.se\/uppsala\/wp-content\/uploads\/sites\/14\/2019\/07\/2018-04-10-Styrelsem\u00f6te.pdf\">2018-04-10 Styrelseprotokoll<\/a><\/li>\n<li><a href=\"https:\/\/svenskahundklubben.se\/uppsala\/wp-content\/uploads\/sites\/14\/2019\/07\/2018-05-08-Styrelsem\u00f6te.pdf\">2018-05-08 Styrelseprotokoll<\/a><\/li>\n<li><a href=\"https:\/\/svenskahundklubben.se\/uppsala\/wp-content\/uploads\/sites\/14\/2019\/07\/2018-06-11-Styrelsem\u00f6te.pdf\">2018-06-11 Styrelseprotokoll<\/a><\/li>\n<li><a href=\"https:\/\/svenskahundklubben.se\/uppsala\/wp-content\/uploads\/sites\/14\/2019\/07\/2018-09-10-Styrelsem\u00f6te.pdf\">2018-09-10 Styrelseprotokoll<\/a><\/li>\n<li><a href=\"https:\/\/svenskahundklubben.se\/uppsala\/wp-content\/uploads\/sites\/14\/2019\/07\/2018-11-13-styrelsem\u00f6te-1.pdf\">2018-11-13 Styrelseprotokoll<\/a><\/li>\n<li><a href=\"https:\/\/svenskahundklubben.se\/uppsala\/wp-content\/uploads\/sites\/14\/2019\/07\/2018-12-12-Styrelsem\u00f6te-1.pdf\">2018-12-12 Styrelseprotokoll<\/a><\/li>\n<\/ul>\n<h2>2017<\/h2>\n<ul>\n<li><a href=\"https:\/\/svenskahundklubben.se\/uppsala\/wp-content\/uploads\/sites\/14\/2019\/07\/2017-01-10-Styrelseprotokoll.pdf\">2017-01-10 Styrelseprotokoll<\/a><\/li>\n<li><a href=\"https:\/\/svenskahundklubben.se\/uppsala\/wp-content\/uploads\/sites\/14\/2019\/07\/2017-02-07-Styrelseprotokoll.pdf\">2017-02-07 Styrelseprotokoll<\/a><\/li>\n<li><a href=\"https:\/\/svenskahundklubben.se\/uppsala\/wp-content\/uploads\/sites\/14\/2019\/07\/2017-03-11-kostituerandeprotokoll.pdf\">2017-03-11 kostituerandeprotokoll<\/a><\/li>\n<li><a href=\"https:\/\/svenskahundklubben.se\/uppsala\/wp-content\/uploads\/sites\/14\/2019\/07\/2017-03-21-Konstituerande-protokoll.pdf\">2017-03-21 Konstituerande protokoll<\/a><\/li>\n<li><a href=\"https:\/\/svenskahundklubben.se\/uppsala\/wp-content\/uploads\/sites\/14\/2019\/07\/2017-04-10-Styrelseprotokoll.pdf\">2017-04-10 Styrelseprotokoll<\/a><\/li>\n<li><a href=\"https:\/\/svenskahundklubben.se\/uppsala\/wp-content\/uploads\/sites\/14\/2019\/07\/2017-04-11-Styrelseprotokoll.pdf\">2017-04-11 Styrelseprotokoll<\/a><\/li>\n<li><a href=\"https:\/\/svenskahundklubben.se\/uppsala\/wp-content\/uploads\/sites\/14\/2019\/07\/2017-05-08-Styrelseprotokoll.pdf\">2017-05-08 Styrelseprotokoll<\/a><\/li>\n<li><a href=\"https:\/\/svenskahundklubben.se\/uppsala\/wp-content\/uploads\/sites\/14\/2019\/07\/2017-06-11-Styrelseprotokoll.pdf\">2017-06-11 Styrelseprotokoll<\/a><\/li>\n<li><a href=\"https:\/\/svenskahundklubben.se\/uppsala\/wp-content\/uploads\/sites\/14\/2019\/07\/2017-08-13-Styrelseprotokoll.pdf\">2017-08-13 Styrelseprotokoll<\/a><\/li>\n<li><a href=\"https:\/\/svenskahundklubben.se\/uppsala\/wp-content\/uploads\/sites\/14\/2019\/07\/2017-09-10-Styrelseprotokoll.pdf\">2017-09-10 Styrelseprotokoll<\/a><\/li>\n<li><a href=\"https:\/\/svenskahundklubben.se\/uppsala\/wp-content\/uploads\/sites\/14\/2019\/07\/2017-11-13-Styrelseprotokoll.pdf\">2017-11-13 Styrelseprotokoll<\/a><\/li>\n<li><a href=\"https:\/\/svenskahundklubben.se\/uppsala\/wp-content\/uploads\/sites\/14\/2019\/07\/2017-12-10-Styrelseprotokoll.pdf\">2017-12-10 Styrelseprotokoll<\/a><\/li>\n<\/ul>\n<p>&nbsp;<\/p>\n<h2>2016<\/h2>\n<ul>\n<li><a href=\"https:\/\/svenskahundklubben.se\/uppsala\/wp-content\/uploads\/sites\/14\/2019\/07\/2016-01-19-Styrelseprotokoll.pdf\">2016-01-19 Styrelseprotokoll<\/a><\/li>\n<li><a href=\"https:\/\/svenskahundklubben.se\/uppsala\/wp-content\/uploads\/sites\/14\/2019\/07\/2016-02-18-Styrelseprotokoll.pdf\">2016-02-18 Styrelseprotokoll<\/a><\/li>\n<li><a href=\"https:\/\/svenskahundklubben.se\/uppsala\/wp-content\/uploads\/sites\/14\/2019\/07\/2016-02-27-Konstituerande-protokoll.pdf\">2016-02-27 Konstituerande protokoll<\/a><\/li>\n<li><a href=\"https:\/\/svenskahundklubben.se\/uppsala\/wp-content\/uploads\/sites\/14\/2019\/07\/2016-02-27-\u00c5rsm\u00f6tesprotokoll.pdf\">2016-02-27 \u00c5rsm\u00f6tesprotokoll<\/a><\/li>\n<li><a href=\"https:\/\/svenskahundklubben.se\/uppsala\/wp-content\/uploads\/sites\/14\/2019\/07\/2016-03-08-Styrelseprotokoll.pdf\">2016-03-08 Styrelseprotokoll<\/a><\/li>\n<li><a href=\"https:\/\/svenskahundklubben.se\/uppsala\/wp-content\/uploads\/sites\/14\/2019\/07\/2016-04-11-Styrelseprotokoll.pdf\">2016-04-11 Styrelseprotokoll<\/a><\/li>\n<li><a href=\"https:\/\/svenskahundklubben.se\/uppsala\/wp-content\/uploads\/sites\/14\/2019\/07\/2016-05-10-Styrelseprotokoll.pdf\">2016-05-10 Styrelseprotokoll<\/a><\/li>\n<li><a href=\"https:\/\/svenskahundklubben.se\/uppsala\/wp-content\/uploads\/sites\/14\/2019\/07\/2016-06-14-Styrelseprotokoll.pdf\">2016-06-14 Styrelseprotokoll<\/a><\/li>\n<li><a href=\"https:\/\/svenskahundklubben.se\/uppsala\/wp-content\/uploads\/sites\/14\/2019\/07\/2016-08-23-Styrelseprotokoll.pdf\">2016-08-23 Styrelseprotokoll<\/a><\/li>\n<li><a href=\"https:\/\/svenskahundklubben.se\/uppsala\/wp-content\/uploads\/sites\/14\/2019\/07\/2016-09-13-Balans-och-styrelseprotokoll.pdf\">2016-09-13 Balans och styrelseprotokoll<\/a><\/li>\n<li><a href=\"https:\/\/svenskahundklubben.se\/uppsala\/wp-content\/uploads\/sites\/14\/2019\/07\/2016-10-11-Styreleprotokoll.pdf\">2016-10-11 Styrelseprotokoll<\/a><\/li>\n<li><a href=\"https:\/\/svenskahundklubben.se\/uppsala\/wp-content\/uploads\/sites\/14\/2019\/07\/2016-11-08-Styrelseprotokoll.pdf\">2016-11-08 Styrelseprotokoll<\/a><\/li>\n<li><a href=\"https:\/\/svenskahundklubben.se\/uppsala\/wp-content\/uploads\/sites\/14\/2019\/07\/2016-12-13-Styrelseprotokoll.pdf\">2016-12-13 Styrelseprotokoll<\/a><\/li>\n<\/ul>\n<h2>2015<\/h2>\n<ul>\n<li><a href=\"https:\/\/svenskahundklubben.se\/uppsala\/wp-content\/uploads\/sites\/14\/2019\/07\/2015-01-20-Styrelseprotokoll.pdf\">2015-01-20 Styrelseprotokoll<\/a><\/li>\n<li><a href=\"https:\/\/svenskahundklubben.se\/uppsala\/wp-content\/uploads\/sites\/14\/2019\/07\/2015-02-15-Konstituerande-protokoll.pdf\">2015-02-15 Konstituerande protokoll<\/a><\/li>\n<li><a href=\"https:\/\/svenskahundklubben.se\/uppsala\/wp-content\/uploads\/sites\/14\/2019\/07\/2015-02-15-\u00c5rsm\u00f6tesprotokoll.pdf\">2015-02-15 \u00c5rsm\u00f6tesprotokoll<\/a><\/li>\n<li><a href=\"https:\/\/svenskahundklubben.se\/uppsala\/wp-content\/uploads\/sites\/14\/2019\/07\/2015-03-12-Styrelsem\u00f6te.pdf\">2015-03-12 Styrelsem\u00f6te<\/a><\/li>\n<li><a href=\"https:\/\/svenskahundklubben.se\/uppsala\/wp-content\/uploads\/sites\/14\/2019\/07\/2015-04-21-Styrelseprotokoll.pdf\">2015-04-21 Styrelseprotokoll<\/a><\/li>\n<li><a href=\"https:\/\/svenskahundklubben.se\/uppsala\/wp-content\/uploads\/sites\/14\/2019\/07\/2015-05-18-Styrelseprotokoll.pdf\">2015-05-18 Styrelseprotokoll<\/a><\/li>\n<li><a href=\"https:\/\/svenskahundklubben.se\/uppsala\/wp-content\/uploads\/sites\/14\/2019\/07\/2015-08-03-Extram\u00f6tesprotokoll.pdf\">2015-08-03 Extram\u00f6tesprotokoll<\/a><\/li>\n<li><a href=\"https:\/\/svenskahundklubben.se\/uppsala\/wp-content\/uploads\/sites\/14\/2019\/07\/2015-08-17-Styrelseprotokoll.pdf\">2015-08-17 Styrelseprotokoll<\/a><\/li>\n<li><a href=\"https:\/\/svenskahundklubben.se\/uppsala\/wp-content\/uploads\/sites\/14\/2019\/07\/2015-09-15-Styrelseprotokoll.pdf\">2015-09-15 Styrelseprotokoll<\/a><\/li>\n<li><a href=\"https:\/\/svenskahundklubben.se\/uppsala\/wp-content\/uploads\/sites\/14\/2019\/07\/2015-10-31-Styrelseprotokoll.pdf\">2015-10-31 Styrelseprotokoll<\/a><\/li>\n<li><a href=\"https:\/\/svenskahundklubben.se\/uppsala\/wp-content\/uploads\/sites\/14\/2019\/07\/201506-15-Styrelseprotokoll.pdf\">2015-06-15 Styrelseprotokoll<\/a><\/li>\n<\/ul>\n<h2>2014<\/h2>\n<ul>\n<li><a href=\"https:\/\/svenskahundklubben.se\/uppsala\/wp-content\/uploads\/sites\/14\/2019\/07\/2014-01-14-Styrelseprotokoll.pdf\">2014-01-14 Styrelseprotokoll<\/a><\/li>\n<li><a href=\"https:\/\/svenskahundklubben.se\/uppsala\/wp-content\/uploads\/sites\/14\/2019\/07\/2014-02-10-Styrelseprotokoll.pdf\">2014-02-10 Styrelseprotokoll<\/a><\/li>\n<li><a href=\"https:\/\/svenskahundklubben.se\/uppsala\/wp-content\/uploads\/sites\/14\/2019\/07\/2014-02-16-Konstituerande-protokoll.pdf\">2014-02-16 Konstituerande protokoll<\/a><\/li>\n<li><a href=\"https:\/\/svenskahundklubben.se\/uppsala\/wp-content\/uploads\/sites\/14\/2019\/07\/2014-02-16-\u00c5rsm\u00f6tesprotokoll.pdf\">2014-02-16 \u00c5rsm\u00f6tesprotokoll<\/a><\/li>\n<li><a href=\"https:\/\/svenskahundklubben.se\/uppsala\/wp-content\/uploads\/sites\/14\/2019\/07\/2014-03-10-Styrelseprotokoll.pdf\">2014-03-10 Styrelseprotokoll<\/a><\/li>\n<li><a href=\"https:\/\/svenskahundklubben.se\/uppsala\/wp-content\/uploads\/sites\/14\/2019\/07\/2014-04-08-Extra-styrelseprotokoll.pdf\">2014-04-08 Extra styrelseprotokoll<\/a><\/li>\n<li><a href=\"https:\/\/svenskahundklubben.se\/uppsala\/wp-content\/uploads\/sites\/14\/2019\/07\/2014-04-08-styrelseprotokoll.pdf\">2014-04-08 styrelseprotokoll<\/a><\/li>\n<li><a href=\"https:\/\/svenskahundklubben.se\/uppsala\/wp-content\/uploads\/sites\/14\/2019\/07\/2014-04-22-Styrelseprotokoll.pdf\">2014-04-22 Styrelseprotokoll<\/a><\/li>\n<li><a href=\"https:\/\/svenskahundklubben.se\/uppsala\/wp-content\/uploads\/sites\/14\/2019\/07\/2014-06-03-Styrelseprotokoll.pdf\">2014-06-03 Styrelseprotokoll<\/a><\/li>\n<li><a href=\"https:\/\/svenskahundklubben.se\/uppsala\/wp-content\/uploads\/sites\/14\/2019\/07\/2014-06-24-Styrelseprotokoll.pdf\">2014-06-24 Styrelseprotokoll<\/a><\/li>\n<li><a href=\"https:\/\/svenskahundklubben.se\/uppsala\/wp-content\/uploads\/sites\/14\/2019\/07\/2014-09-09-Styrelseprotokoll.pdf\">2014-09-09 Styrelseprotokoll<\/a><\/li>\n<li><a href=\"https:\/\/svenskahundklubben.se\/uppsala\/wp-content\/uploads\/sites\/14\/2019\/07\/2014-10-07-Styrelseprotokoll.pdf\">2<\/a><a href=\"https:\/\/svenskahundklubben.se\/uppsala\/wp-content\/uploads\/sites\/14\/2019\/07\/2014-10-07-Styrelseprotokoll.pdf\">014-10-07 Styrelseprotokoll<\/a><\/li>\n<li><a href=\"https:\/\/svenskahundklubben.se\/uppsala\/wp-content\/uploads\/sites\/14\/2019\/07\/2014-11-06-Styrelseprotokoll.pdf\">2014-11-06 Styrelseprotokoll<\/a><\/li>\n<li><a href=\"https:\/\/svenskahundklubben.se\/uppsala\/wp-content\/uploads\/sites\/14\/2019\/07\/2014-12-21-Styrelsem\u00f6te.pdf\">2014-12-21 Styrelseprotokoll<\/a><\/li>\n<\/ul>\n<h2>2013<\/h2>\n<ul>\n<li><a href=\"https:\/\/svenskahundklubben.se\/uppsala\/wp-content\/uploads\/sites\/14\/2019\/07\/2013-02-17-\u00d6ppet-styrelse-m\u00f6te-portokoll.pdf\">2013-02-17 \u00d6ppet styrelse m\u00f6te portokoll<\/a><\/li>\n<li><a href=\"https:\/\/svenskahundklubben.se\/uppsala\/wp-content\/uploads\/sites\/14\/2019\/07\/2013-02-26-Styrelsem\u00f6te.pdf\">2013-02-26 Styrelseprotokoll<\/a><\/li>\n<li><a href=\"https:\/\/svenskahundklubben.se\/uppsala\/wp-content\/uploads\/sites\/14\/2019\/07\/2013-03-12-Styrelseprotokoll.pdf\">2013-03-12 Styrelseprotokoll<\/a><\/li>\n<li><a href=\"https:\/\/svenskahundklubben.se\/uppsala\/wp-content\/uploads\/sites\/14\/2019\/07\/2013-04-18-Styrelsem\u00f6te.pdf\">2013-04-18 Styrelseprotokoll<\/a><\/li>\n<li><a href=\"https:\/\/svenskahundklubben.se\/uppsala\/wp-content\/uploads\/sites\/14\/2019\/07\/2013-05-23-Styrelsem\u00f6te.pdf\">2013-05-23 Styrelseprotokoll<\/a><\/li>\n<li><a href=\"https:\/\/svenskahundklubben.se\/uppsala\/wp-content\/uploads\/sites\/14\/2019\/07\/2013-06-26-Styrelsem\u00f6te.pdf\">2013-06-26 Styrelseprotokoll<\/a><\/li>\n<li><a href=\"https:\/\/svenskahundklubben.se\/uppsala\/wp-content\/uploads\/sites\/14\/2019\/07\/2013-08-14-Styrelsem\u00f6te.pdf\">2013-08-14 Styrelseprotokoll<\/a><\/li>\n<li><a href=\"https:\/\/svenskahundklubben.se\/uppsala\/wp-content\/uploads\/sites\/14\/2019\/07\/2013-09-24-Styrelseprotokoll.pdf\">2013-09-24 Styrelseprotokoll<\/a><\/li>\n<li><a href=\"https:\/\/svenskahundklubben.se\/uppsala\/wp-content\/uploads\/sites\/14\/2019\/07\/2013-10-24-Styrelseprotokoll.pdf\">2013-10-24 Styrelseprotokoll<\/a><\/li>\n<li><a href=\"https:\/\/svenskahundklubben.se\/uppsala\/wp-content\/uploads\/sites\/14\/2019\/07\/2013-12-04-Styrelseprotokoll.pdf\">2013-12-04 Styrelseprotokoll<\/a><\/li>\n<li><a href=\"https:\/\/svenskahundklubben.se\/uppsala\/wp-content\/uploads\/sites\/14\/2019\/07\/2013-12-11-Styrelseprotokoll.pdf\">2013-12-11 Styrelseprotokoll<\/a><\/li>\n<\/ul>\n","protected":false},"excerpt":{"rendered":"<p>2020 2020-01-21 Styrelseprotokoll 2019 2019-01-08 styrelseprotokoll 2019-02-12 styrelseprotokoll 2019-03-09 \u00e5rsm\u00f6tesprotokoll 2019-03-09 Verksamhetsber\u00e4ttelse 2019-03-13 konstituernade protokoll 2019-03-13 styrelseprotokoll 2019-04-08 styreleprotokoll 2019-05-14 styrelseprotokoll 2019-06-11 styrelseprotokoll SHK Styrelsem\u00f6te 20190910l Lk S\u00f6dert\u00e4lje Styrelseprotokoll 2019-10-08 Lk-S\u00f6dert\u00e4lje-Protokoll 2019-11-11 Lk-S\u00f6dert\u00e4lje-Protokoll 2019-12-09 2018 &#8230; <a title=\"S\u00f6dert\u00e4lje protokoll\" class=\"read-more\" href=\"https:\/\/svenskahundklubben.se\/uppsala\/om-shk\/sodertalje-protokoll-2\/\">L\u00e4s mer<\/a><\/p>\n","protected":false},"author":4,"featured_media":0,"parent":48,"menu_order":0,"comment_status":"closed","ping_status":"closed","template":"","meta":{"_price":"","_stock":"","_tribe_ticket_header":"","_tribe_default_ticket_provider":"","_tribe_ticket_capacity":"0","_ticket_start_date":"","_ticket_end_date":"","_tribe_ticket_show_description":"","_tribe_ticket_show_not_going":false,"_tribe_ticket_use_global_stock":"","_tribe_ticket_global_stock_level":"","_global_stock_mode":"","_global_stock_cap":"","_tribe_rsvp_for_event":"","_tribe_ticket_going_count":"","_tribe_ticket_not_going_count":"","_tribe_tickets_list":"[]","_tribe_ticket_has_attendee_info_fields":false,"footnotes":"","_tec_slr_enabled":"","_tec_slr_layout":"","_links_to":"","_links_to_target":""},"class_list":["post-492","page","type-page","status-publish"],"yoast_head":"<!-- This site is optimized with the Yoast SEO plugin v25.6 - https:\/\/yoast.com\/wordpress\/plugins\/seo\/ -->\n<title>S\u00f6dert\u00e4lje protokoll - Svenska Hundklubben - Uppsala<\/title>\n<meta name=\"robots\" content=\"index, follow, max-snippet:-1, max-image-preview:large, max-video-preview:-1\" \/>\n<link rel=\"canonical\" href=\"https:\/\/svenskahundklubben.se\/uppsala\/om-shk\/sodertalje-protokoll-2\/\" \/>\n<meta property=\"og:locale\" content=\"sv_SE\" \/>\n<meta property=\"og:type\" content=\"article\" \/>\n<meta property=\"og:title\" content=\"S\u00f6dert\u00e4lje protokoll - Svenska Hundklubben - Uppsala\" \/>\n<meta property=\"og:description\" content=\"2020 2020-01-21 Styrelseprotokoll 2019 2019-01-08 styrelseprotokoll 2019-02-12 styrelseprotokoll 2019-03-09 \u00e5rsm\u00f6tesprotokoll 2019-03-09 Verksamhetsber\u00e4ttelse 2019-03-13 konstituernade protokoll 2019-03-13 styrelseprotokoll 2019-04-08 styreleprotokoll 2019-05-14 styrelseprotokoll 2019-06-11 styrelseprotokoll SHK Styrelsem\u00f6te 20190910l Lk S\u00f6dert\u00e4lje Styrelseprotokoll 2019-10-08 Lk-S\u00f6dert\u00e4lje-Protokoll 2019-11-11 Lk-S\u00f6dert\u00e4lje-Protokoll 2019-12-09 2018 ... L\u00e4s mer\" \/>\n<meta property=\"og:url\" content=\"https:\/\/svenskahundklubben.se\/uppsala\/om-shk\/sodertalje-protokoll-2\/\" \/>\n<meta property=\"og:site_name\" content=\"Svenska Hundklubben - Uppsala\" \/>\n<meta property=\"article:modified_time\" content=\"2020-01-24T15:51:00+00:00\" \/>\n<meta name=\"twitter:card\" content=\"summary_large_image\" \/>\n<meta name=\"twitter:label1\" content=\"Ber\u00e4knad l\u00e4stid\" \/>\n\t<meta name=\"twitter:data1\" content=\"1 minut\" \/>\n<script type=\"application\/ld+json\" class=\"yoast-schema-graph\">{\"@context\":\"https:\/\/schema.org\",\"@graph\":[{\"@type\":\"WebPage\",\"@id\":\"https:\/\/svenskahundklubben.se\/uppsala\/om-shk\/sodertalje-protokoll-2\/\",\"url\":\"https:\/\/svenskahundklubben.se\/uppsala\/om-shk\/sodertalje-protokoll-2\/\",\"name\":\"S\u00f6dert\u00e4lje protokoll - Svenska Hundklubben - Uppsala\",\"isPartOf\":{\"@id\":\"https:\/\/svenskahundklubben.se\/uppsala\/#website\"},\"datePublished\":\"2019-07-16T12:09:18+00:00\",\"dateModified\":\"2020-01-24T15:51:00+00:00\",\"breadcrumb\":{\"@id\":\"https:\/\/svenskahundklubben.se\/uppsala\/om-shk\/sodertalje-protokoll-2\/#breadcrumb\"},\"inLanguage\":\"sv-SE\",\"potentialAction\":[{\"@type\":\"ReadAction\",\"target\":[\"https:\/\/svenskahundklubben.se\/uppsala\/om-shk\/sodertalje-protokoll-2\/\"]}]},{\"@type\":\"BreadcrumbList\",\"@id\":\"https:\/\/svenskahundklubben.se\/uppsala\/om-shk\/sodertalje-protokoll-2\/#breadcrumb\",\"itemListElement\":[{\"@type\":\"ListItem\",\"position\":1,\"name\":\"Hem\",\"item\":\"https:\/\/svenskahundklubben.se\/uppsala\/\"},{\"@type\":\"ListItem\",\"position\":2,\"name\":\"Om Oss\",\"item\":\"https:\/\/svenskahundklubben.se\/uppsala\/om-shk\/\"},{\"@type\":\"ListItem\",\"position\":3,\"name\":\"S\u00f6dert\u00e4lje protokoll\"}]},{\"@type\":\"WebSite\",\"@id\":\"https:\/\/svenskahundklubben.se\/uppsala\/#website\",\"url\":\"https:\/\/svenskahundklubben.se\/uppsala\/\",\"name\":\"Svenska Hundklubben - Uppsala\",\"description\":\"Svenska Hundklubben\",\"publisher\":{\"@id\":\"https:\/\/svenskahundklubben.se\/uppsala\/#organization\"},\"potentialAction\":[{\"@type\":\"SearchAction\",\"target\":{\"@type\":\"EntryPoint\",\"urlTemplate\":\"https:\/\/svenskahundklubben.se\/uppsala\/?s={search_term_string}\"},\"query-input\":{\"@type\":\"PropertyValueSpecification\",\"valueRequired\":true,\"valueName\":\"search_term_string\"}}],\"inLanguage\":\"sv-SE\"},{\"@type\":\"Organization\",\"@id\":\"https:\/\/svenskahundklubben.se\/uppsala\/#organization\",\"name\":\"Svenska Hundklubben - Uppsala\",\"url\":\"https:\/\/svenskahundklubben.se\/uppsala\/\",\"logo\":{\"@type\":\"ImageObject\",\"inLanguage\":\"sv-SE\",\"@id\":\"https:\/\/svenskahundklubben.se\/uppsala\/#\/schema\/logo\/image\/\",\"url\":\"https:\/\/svenskahundklubben.se\/uppsala\/wp-content\/uploads\/sites\/14\/2020\/02\/SHK-UPPSALA-HEADERLOGO.png\",\"contentUrl\":\"https:\/\/svenskahundklubben.se\/uppsala\/wp-content\/uploads\/sites\/14\/2020\/02\/SHK-UPPSALA-HEADERLOGO.png\",\"width\":1200,\"height\":300,\"caption\":\"Svenska Hundklubben - Uppsala\"},\"image\":{\"@id\":\"https:\/\/svenskahundklubben.se\/uppsala\/#\/schema\/logo\/image\/\"}}]}<\/script>\n<!-- \/ Yoast SEO plugin. -->","yoast_head_json":{"title":"S\u00f6dert\u00e4lje protokoll - Svenska Hundklubben - Uppsala","robots":{"index":"index","follow":"follow","max-snippet":"max-snippet:-1","max-image-preview":"max-image-preview:large","max-video-preview":"max-video-preview:-1"},"canonical":"https:\/\/svenskahundklubben.se\/uppsala\/om-shk\/sodertalje-protokoll-2\/","og_locale":"sv_SE","og_type":"article","og_title":"S\u00f6dert\u00e4lje protokoll - Svenska Hundklubben - Uppsala","og_description":"2020 2020-01-21 Styrelseprotokoll 2019 2019-01-08 styrelseprotokoll 2019-02-12 styrelseprotokoll 2019-03-09 \u00e5rsm\u00f6tesprotokoll 2019-03-09 Verksamhetsber\u00e4ttelse 2019-03-13 konstituernade protokoll 2019-03-13 styrelseprotokoll 2019-04-08 styreleprotokoll 2019-05-14 styrelseprotokoll 2019-06-11 styrelseprotokoll SHK Styrelsem\u00f6te 20190910l Lk S\u00f6dert\u00e4lje Styrelseprotokoll 2019-10-08 Lk-S\u00f6dert\u00e4lje-Protokoll 2019-11-11 Lk-S\u00f6dert\u00e4lje-Protokoll 2019-12-09 2018 ... L\u00e4s mer","og_url":"https:\/\/svenskahundklubben.se\/uppsala\/om-shk\/sodertalje-protokoll-2\/","og_site_name":"Svenska Hundklubben - Uppsala","article_modified_time":"2020-01-24T15:51:00+00:00","twitter_card":"summary_large_image","twitter_misc":{"Ber\u00e4knad l\u00e4stid":"1 minut"},"schema":{"@context":"https:\/\/schema.org","@graph":[{"@type":"WebPage","@id":"https:\/\/svenskahundklubben.se\/uppsala\/om-shk\/sodertalje-protokoll-2\/","url":"https:\/\/svenskahundklubben.se\/uppsala\/om-shk\/sodertalje-protokoll-2\/","name":"S\u00f6dert\u00e4lje protokoll - Svenska Hundklubben - Uppsala","isPartOf":{"@id":"https:\/\/svenskahundklubben.se\/uppsala\/#website"},"datePublished":"2019-07-16T12:09:18+00:00","dateModified":"2020-01-24T15:51:00+00:00","breadcrumb":{"@id":"https:\/\/svenskahundklubben.se\/uppsala\/om-shk\/sodertalje-protokoll-2\/#breadcrumb"},"inLanguage":"sv-SE","potentialAction":[{"@type":"ReadAction","target":["https:\/\/svenskahundklubben.se\/uppsala\/om-shk\/sodertalje-protokoll-2\/"]}]},{"@type":"BreadcrumbList","@id":"https:\/\/svenskahundklubben.se\/uppsala\/om-shk\/sodertalje-protokoll-2\/#breadcrumb","itemListElement":[{"@type":"ListItem","position":1,"name":"Hem","item":"https:\/\/svenskahundklubben.se\/uppsala\/"},{"@type":"ListItem","position":2,"name":"Om Oss","item":"https:\/\/svenskahundklubben.se\/uppsala\/om-shk\/"},{"@type":"ListItem","position":3,"name":"S\u00f6dert\u00e4lje protokoll"}]},{"@type":"WebSite","@id":"https:\/\/svenskahundklubben.se\/uppsala\/#website","url":"https:\/\/svenskahundklubben.se\/uppsala\/","name":"Svenska Hundklubben - Uppsala","description":"Svenska Hundklubben","publisher":{"@id":"https:\/\/svenskahundklubben.se\/uppsala\/#organization"},"potentialAction":[{"@type":"SearchAction","target":{"@type":"EntryPoint","urlTemplate":"https:\/\/svenskahundklubben.se\/uppsala\/?s={search_term_string}"},"query-input":{"@type":"PropertyValueSpecification","valueRequired":true,"valueName":"search_term_string"}}],"inLanguage":"sv-SE"},{"@type":"Organization","@id":"https:\/\/svenskahundklubben.se\/uppsala\/#organization","name":"Svenska Hundklubben - Uppsala","url":"https:\/\/svenskahundklubben.se\/uppsala\/","logo":{"@type":"ImageObject","inLanguage":"sv-SE","@id":"https:\/\/svenskahundklubben.se\/uppsala\/#\/schema\/logo\/image\/","url":"https:\/\/svenskahundklubben.se\/uppsala\/wp-content\/uploads\/sites\/14\/2020\/02\/SHK-UPPSALA-HEADERLOGO.png","contentUrl":"https:\/\/svenskahundklubben.se\/uppsala\/wp-content\/uploads\/sites\/14\/2020\/02\/SHK-UPPSALA-HEADERLOGO.png","width":1200,"height":300,"caption":"Svenska Hundklubben - Uppsala"},"image":{"@id":"https:\/\/svenskahundklubben.se\/uppsala\/#\/schema\/logo\/image\/"}}]}},"ticketed":false,"_links":{"self":[{"href":"https:\/\/svenskahundklubben.se\/uppsala\/wp-json\/wp\/v2\/pages\/492"}],"collection":[{"href":"https:\/\/svenskahundklubben.se\/uppsala\/wp-json\/wp\/v2\/pages"}],"about":[{"href":"https:\/\/svenskahundklubben.se\/uppsala\/wp-json\/wp\/v2\/types\/page"}],"author":[{"embeddable":true,"href":"https:\/\/svenskahundklubben.se\/uppsala\/wp-json\/wp\/v2\/users\/4"}],"replies":[{"embeddable":true,"href":"https:\/\/svenskahundklubben.se\/uppsala\/wp-json\/wp\/v2\/comments?post=492"}],"version-history":[{"count":13,"href":"https:\/\/svenskahundklubben.se\/uppsala\/wp-json\/wp\/v2\/pages\/492\/revisions"}],"predecessor-version":[{"id":2879,"href":"https:\/\/svenskahundklubben.se\/uppsala\/wp-json\/wp\/v2\/pages\/492\/revisions\/2879"}],"up":[{"embeddable":true,"href":"https:\/\/svenskahundklubben.se\/uppsala\/wp-json\/wp\/v2\/pages\/48"}],"wp:attachment":[{"href":"https:\/\/svenskahundklubben.se\/uppsala\/wp-json\/wp\/v2\/media?parent=492"}],"curies":[{"name":"wp","href":"https:\/\/api.w.org\/{rel}","templated":true}]}}