{"id":48,"date":"2019-06-18T11:09:19","date_gmt":"2019-06-18T09:09:19","guid":{"rendered":"https:\/\/svenskahundklubben.se\/uppsala\/?page_id=48"},"modified":"2024-07-22T17:47:02","modified_gmt":"2024-07-22T15:47:02","slug":"om-shk","status":"publish","type":"page","link":"https:\/\/svenskahundklubben.se\/uppsala\/om-shk\/","title":{"rendered":"Om Oss"},"content":{"rendered":"\t\t<div data-elementor-type=\"wp-page\" data-elementor-id=\"48\" class=\"elementor elementor-48\">\n\t\t\t\t\t\t<section class=\"elementor-section elementor-top-section elementor-element elementor-element-715d1eb elementor-section-boxed elementor-section-height-default elementor-section-height-default\" data-id=\"715d1eb\" data-element_type=\"section\" data-e-type=\"section\">\n\t\t\t\t\t\t<div class=\"elementor-container elementor-column-gap-default\">\n\t\t\t\t\t<div class=\"elementor-column elementor-col-100 elementor-top-column elementor-element elementor-element-12b108d\" data-id=\"12b108d\" data-element_type=\"column\" data-e-type=\"column\">\n\t\t\t<div class=\"elementor-widget-wrap elementor-element-populated\">\n\t\t\t\t\t\t<div class=\"elementor-element elementor-element-6ddf001 elementor-widget elementor-widget-text-editor\" data-id=\"6ddf001\" data-element_type=\"widget\" data-e-type=\"widget\" data-widget_type=\"text-editor.default\">\n\t\t\t\t<div class=\"elementor-widget-container\">\n\t\t\t\t\t\t\t\t\t<h2><strong>V\u00c4LKOMMEN HUND\u00c4GARE TILL SVENSKA HUNDKLUBBEN I UPPSALA!<\/strong><\/h2><p>Klubbens anda genomsyras av en v\u00e4nlig attityd d\u00e4r eldsj\u00e4lar sprider gl\u00e4dje och engagemang, ser och uppm\u00e4rksammar individens behov och problem. Vi jobbar aktivt f\u00f6r att f\u00f6rst\u00e4rka SHK-andan, b\u00e5de inom organisationen och med externa akt\u00f6rer.<\/p><p>Vi erbjuder kurser, utbildningar, t\u00e4vlingar och prov samt utst\u00e4llningstillf\u00e4llen f\u00f6r \u00e4gare av alla sorters hundar. Klubbens moderna hundfilosofi genomsyrar all verksamhet och den samlade kompetensen finns tillg\u00e4nglig p\u00e5 ett rikst\u00e4ckande plan genom lokalklubbar och tr\u00e4ningsm\u00f6jligheter inomhus och utomhus.<\/p><p>Vi arbetar med lydnad och f\u00f6ljsamhet och samarbete mellan hund och f\u00f6rare. V\u00e5r hundfilosofi utg\u00e5r fr\u00e5n hundens v\u00e4lm\u00e5ende. Den baseras p\u00e5 tre grundl\u00e4ggande roller: trygghetsrollen, samarbetsrollen och best\u00e4mmanderollen. Vi har h\u00e4mtat den fr\u00e5n Kenth Svartbergs modell som utg\u00e5r fr\u00e5n dessa tre roller.<\/p><p><strong>Trygghetsrollen<\/strong><strong><br \/><\/strong>Det \u00e4r basen i relationen mellan hunden och \u00e4garen\/f\u00f6raren. Den pr\u00e4glas av v\u00e4nskap, trygghet och en v\u00e4nlig inst\u00e4llning. Vi fokuserar p\u00e5 att l\u00e4ra oss att tolka och f\u00f6rst\u00e5 hundens signaler och spr\u00e5k.<\/p><p><strong>Samarbetsrollen<\/strong><strong><br \/><\/strong>Vi arbetar med positiv f\u00f6rst\u00e4rkning. Att bel\u00f6na samarbetet genom r\u00f6st, godis, leksaker och ditt eget kroppsspr\u00e5k.<\/p><p><strong>Best\u00e4mmanderollen<\/strong><strong><br \/><\/strong>Anv\u00e4nds i huvudsak som ett s\u00e4tt att f\u00f6rhindra hundens o\u00f6nskade beteenden. Kroppsspr\u00e5k och r\u00f6st \u00e4r ofta de b\u00e4sta verktygen att kommunicera best\u00e4mmanderollen. Det \u00e4r viktigt att observera hundens beteende och genast uppmuntra och sl\u00e4ppa best\u00e4mmanderollen n\u00e4r hunden bryter sitt o\u00f6nskade beteende.<\/p>\t\t\t\t\t\t\t\t<\/div>\n\t\t\t\t<\/div>\n\t\t\t\t\t<\/div>\n\t\t<\/div>\n\t\t\t\t\t<\/div>\n\t\t<\/section>\n\t\t\t\t<\/div>\n\t\t","protected":false},"excerpt":{"rendered":"<p>V\u00c4LKOMMEN HUND\u00c4GARE TILL SVENSKA HUNDKLUBBEN I UPPSALA! Klubbens anda genomsyras av en v\u00e4nlig attityd d\u00e4r eldsj\u00e4lar sprider gl\u00e4dje och engagemang, ser och uppm\u00e4rksammar individens behov och problem. Vi jobbar aktivt f\u00f6r att f\u00f6rst\u00e4rka SHK-andan, b\u00e5de &#8230; <a title=\"Om Oss\" class=\"read-more\" href=\"https:\/\/svenskahundklubben.se\/uppsala\/om-shk\/\">L\u00e4s mer<\/a><\/p>\n","protected":false},"author":1,"featured_media":0,"parent":0,"menu_order":0,"comment_status":"closed","ping_status":"closed","template":"","meta":{"_price":"","_stock":"","_tribe_ticket_header":"","_tribe_default_ticket_provider":"","_tribe_ticket_capacity":"0","_ticket_start_date":"","_ticket_end_date":"","_tribe_ticket_show_description":"","_tribe_ticket_show_not_going":false,"_tribe_ticket_use_global_stock":"","_tribe_ticket_global_stock_level":"","_global_stock_mode":"","_global_stock_cap":"","_tribe_rsvp_for_event":"","_tribe_ticket_going_count":"","_tribe_ticket_not_going_count":"","_tribe_tickets_list":"[]","_tribe_ticket_has_attendee_info_fields":false,"footnotes":"","_tec_slr_enabled":"","_tec_slr_layout":"","_links_to":"","_links_to_target":""},"class_list":["post-48","page","type-page","status-publish"],"yoast_head":"<!-- This site is optimized with the Yoast SEO plugin v25.6 - https:\/\/yoast.com\/wordpress\/plugins\/seo\/ -->\n<title>Om Oss - Svenska Hundklubben - Uppsala<\/title>\n<meta name=\"robots\" content=\"index, follow, max-snippet:-1, max-image-preview:large, max-video-preview:-1\" \/>\n<link rel=\"canonical\" href=\"https:\/\/svenskahundklubben.se\/uppsala\/om-shk\/\" \/>\n<meta property=\"og:locale\" content=\"sv_SE\" \/>\n<meta property=\"og:type\" content=\"article\" \/>\n<meta property=\"og:title\" content=\"Om Oss - Svenska Hundklubben - Uppsala\" \/>\n<meta property=\"og:description\" content=\"V\u00c4LKOMMEN HUND\u00c4GARE TILL SVENSKA HUNDKLUBBEN I UPPSALA! Klubbens anda genomsyras av en v\u00e4nlig attityd d\u00e4r eldsj\u00e4lar sprider gl\u00e4dje och engagemang, ser och uppm\u00e4rksammar individens behov och problem. Vi jobbar aktivt f\u00f6r att f\u00f6rst\u00e4rka SHK-andan, b\u00e5de ... L\u00e4s mer\" \/>\n<meta property=\"og:url\" content=\"https:\/\/svenskahundklubben.se\/uppsala\/om-shk\/\" \/>\n<meta property=\"og:site_name\" content=\"Svenska Hundklubben - Uppsala\" \/>\n<meta property=\"article:modified_time\" content=\"2024-07-22T15:47:02+00:00\" \/>\n<meta name=\"twitter:card\" content=\"summary_large_image\" \/>\n<meta name=\"twitter:label1\" content=\"Ber\u00e4knad l\u00e4stid\" \/>\n\t<meta name=\"twitter:data1\" content=\"2 minuter\" \/>\n<script type=\"application\/ld+json\" class=\"yoast-schema-graph\">{\"@context\":\"https:\/\/schema.org\",\"@graph\":[{\"@type\":\"WebPage\",\"@id\":\"https:\/\/svenskahundklubben.se\/uppsala\/om-shk\/\",\"url\":\"https:\/\/svenskahundklubben.se\/uppsala\/om-shk\/\",\"name\":\"Om Oss - Svenska Hundklubben - Uppsala\",\"isPartOf\":{\"@id\":\"https:\/\/svenskahundklubben.se\/uppsala\/#website\"},\"datePublished\":\"2019-06-18T09:09:19+00:00\",\"dateModified\":\"2024-07-22T15:47:02+00:00\",\"breadcrumb\":{\"@id\":\"https:\/\/svenskahundklubben.se\/uppsala\/om-shk\/#breadcrumb\"},\"inLanguage\":\"sv-SE\",\"potentialAction\":[{\"@type\":\"ReadAction\",\"target\":[\"https:\/\/svenskahundklubben.se\/uppsala\/om-shk\/\"]}]},{\"@type\":\"BreadcrumbList\",\"@id\":\"https:\/\/svenskahundklubben.se\/uppsala\/om-shk\/#breadcrumb\",\"itemListElement\":[{\"@type\":\"ListItem\",\"position\":1,\"name\":\"Hem\",\"item\":\"https:\/\/svenskahundklubben.se\/uppsala\/\"},{\"@type\":\"ListItem\",\"position\":2,\"name\":\"Om Oss\"}]},{\"@type\":\"WebSite\",\"@id\":\"https:\/\/svenskahundklubben.se\/uppsala\/#website\",\"url\":\"https:\/\/svenskahundklubben.se\/uppsala\/\",\"name\":\"Svenska Hundklubben - Uppsala\",\"description\":\"Svenska Hundklubben\",\"publisher\":{\"@id\":\"https:\/\/svenskahundklubben.se\/uppsala\/#organization\"},\"potentialAction\":[{\"@type\":\"SearchAction\",\"target\":{\"@type\":\"EntryPoint\",\"urlTemplate\":\"https:\/\/svenskahundklubben.se\/uppsala\/?s={search_term_string}\"},\"query-input\":{\"@type\":\"PropertyValueSpecification\",\"valueRequired\":true,\"valueName\":\"search_term_string\"}}],\"inLanguage\":\"sv-SE\"},{\"@type\":\"Organization\",\"@id\":\"https:\/\/svenskahundklubben.se\/uppsala\/#organization\",\"name\":\"Svenska Hundklubben - Uppsala\",\"url\":\"https:\/\/svenskahundklubben.se\/uppsala\/\",\"logo\":{\"@type\":\"ImageObject\",\"inLanguage\":\"sv-SE\",\"@id\":\"https:\/\/svenskahundklubben.se\/uppsala\/#\/schema\/logo\/image\/\",\"url\":\"https:\/\/svenskahundklubben.se\/uppsala\/wp-content\/uploads\/sites\/14\/2020\/02\/SHK-UPPSALA-HEADERLOGO.png\",\"contentUrl\":\"https:\/\/svenskahundklubben.se\/uppsala\/wp-content\/uploads\/sites\/14\/2020\/02\/SHK-UPPSALA-HEADERLOGO.png\",\"width\":1200,\"height\":300,\"caption\":\"Svenska Hundklubben - Uppsala\"},\"image\":{\"@id\":\"https:\/\/svenskahundklubben.se\/uppsala\/#\/schema\/logo\/image\/\"}}]}<\/script>\n<!-- \/ Yoast SEO plugin. -->","yoast_head_json":{"title":"Om Oss - Svenska Hundklubben - Uppsala","robots":{"index":"index","follow":"follow","max-snippet":"max-snippet:-1","max-image-preview":"max-image-preview:large","max-video-preview":"max-video-preview:-1"},"canonical":"https:\/\/svenskahundklubben.se\/uppsala\/om-shk\/","og_locale":"sv_SE","og_type":"article","og_title":"Om Oss - Svenska Hundklubben - Uppsala","og_description":"V\u00c4LKOMMEN HUND\u00c4GARE TILL SVENSKA HUNDKLUBBEN I UPPSALA! Klubbens anda genomsyras av en v\u00e4nlig attityd d\u00e4r eldsj\u00e4lar sprider gl\u00e4dje och engagemang, ser och uppm\u00e4rksammar individens behov och problem. Vi jobbar aktivt f\u00f6r att f\u00f6rst\u00e4rka SHK-andan, b\u00e5de ... L\u00e4s mer","og_url":"https:\/\/svenskahundklubben.se\/uppsala\/om-shk\/","og_site_name":"Svenska Hundklubben - Uppsala","article_modified_time":"2024-07-22T15:47:02+00:00","twitter_card":"summary_large_image","twitter_misc":{"Ber\u00e4knad l\u00e4stid":"2 minuter"},"schema":{"@context":"https:\/\/schema.org","@graph":[{"@type":"WebPage","@id":"https:\/\/svenskahundklubben.se\/uppsala\/om-shk\/","url":"https:\/\/svenskahundklubben.se\/uppsala\/om-shk\/","name":"Om Oss - Svenska Hundklubben - Uppsala","isPartOf":{"@id":"https:\/\/svenskahundklubben.se\/uppsala\/#website"},"datePublished":"2019-06-18T09:09:19+00:00","dateModified":"2024-07-22T15:47:02+00:00","breadcrumb":{"@id":"https:\/\/svenskahundklubben.se\/uppsala\/om-shk\/#breadcrumb"},"inLanguage":"sv-SE","potentialAction":[{"@type":"ReadAction","target":["https:\/\/svenskahundklubben.se\/uppsala\/om-shk\/"]}]},{"@type":"BreadcrumbList","@id":"https:\/\/svenskahundklubben.se\/uppsala\/om-shk\/#breadcrumb","itemListElement":[{"@type":"ListItem","position":1,"name":"Hem","item":"https:\/\/svenskahundklubben.se\/uppsala\/"},{"@type":"ListItem","position":2,"name":"Om Oss"}]},{"@type":"WebSite","@id":"https:\/\/svenskahundklubben.se\/uppsala\/#website","url":"https:\/\/svenskahundklubben.se\/uppsala\/","name":"Svenska Hundklubben - Uppsala","description":"Svenska Hundklubben","publisher":{"@id":"https:\/\/svenskahundklubben.se\/uppsala\/#organization"},"potentialAction":[{"@type":"SearchAction","target":{"@type":"EntryPoint","urlTemplate":"https:\/\/svenskahundklubben.se\/uppsala\/?s={search_term_string}"},"query-input":{"@type":"PropertyValueSpecification","valueRequired":true,"valueName":"search_term_string"}}],"inLanguage":"sv-SE"},{"@type":"Organization","@id":"https:\/\/svenskahundklubben.se\/uppsala\/#organization","name":"Svenska Hundklubben - Uppsala","url":"https:\/\/svenskahundklubben.se\/uppsala\/","logo":{"@type":"ImageObject","inLanguage":"sv-SE","@id":"https:\/\/svenskahundklubben.se\/uppsala\/#\/schema\/logo\/image\/","url":"https:\/\/svenskahundklubben.se\/uppsala\/wp-content\/uploads\/sites\/14\/2020\/02\/SHK-UPPSALA-HEADERLOGO.png","contentUrl":"https:\/\/svenskahundklubben.se\/uppsala\/wp-content\/uploads\/sites\/14\/2020\/02\/SHK-UPPSALA-HEADERLOGO.png","width":1200,"height":300,"caption":"Svenska Hundklubben - Uppsala"},"image":{"@id":"https:\/\/svenskahundklubben.se\/uppsala\/#\/schema\/logo\/image\/"}}]}},"ticketed":false,"_links":{"self":[{"href":"https:\/\/svenskahundklubben.se\/uppsala\/wp-json\/wp\/v2\/pages\/48"}],"collection":[{"href":"https:\/\/svenskahundklubben.se\/uppsala\/wp-json\/wp\/v2\/pages"}],"about":[{"href":"https:\/\/svenskahundklubben.se\/uppsala\/wp-json\/wp\/v2\/types\/page"}],"author":[{"embeddable":true,"href":"https:\/\/svenskahundklubben.se\/uppsala\/wp-json\/wp\/v2\/users\/1"}],"replies":[{"embeddable":true,"href":"https:\/\/svenskahundklubben.se\/uppsala\/wp-json\/wp\/v2\/comments?post=48"}],"version-history":[{"count":10,"href":"https:\/\/svenskahundklubben.se\/uppsala\/wp-json\/wp\/v2\/pages\/48\/revisions"}],"predecessor-version":[{"id":3149,"href":"https:\/\/svenskahundklubben.se\/uppsala\/wp-json\/wp\/v2\/pages\/48\/revisions\/3149"}],"wp:attachment":[{"href":"https:\/\/svenskahundklubben.se\/uppsala\/wp-json\/wp\/v2\/media?parent=48"}],"curies":[{"name":"wp","href":"https:\/\/api.w.org\/{rel}","templated":true}]}}