{"id":3077,"date":"2020-02-09T16:41:49","date_gmt":"2020-02-09T15:41:49","guid":{"rendered":"https:\/\/svenskahundklubben.se\/uppsala\/?page_id=3077"},"modified":"2020-02-09T21:52:35","modified_gmt":"2020-02-09T20:52:35","slug":"andra-hundcafeet","status":"publish","type":"page","link":"https:\/\/svenskahundklubben.se\/uppsala\/andra-hundcafeet\/","title":{"rendered":"Andra hundcaf\u00e9et"},"content":{"rendered":"<p><img fetchpriority=\"high\" decoding=\"async\" class=\"alignnone size-medium wp-image-3080\" src=\"https:\/\/svenskahundklubben.se\/uppsala\/wp-content\/uploads\/sites\/14\/2020\/02\/IMGP7668-300x199.jpg\" alt=\"\" width=\"300\" height=\"199\" \/> <img decoding=\"async\" class=\"alignnone size-medium wp-image-3081\" src=\"https:\/\/svenskahundklubben.se\/uppsala\/wp-content\/uploads\/sites\/14\/2020\/02\/IMGP7669-300x199.jpg\" alt=\"\" width=\"300\" height=\"199\" \/><\/p>\n<p>\u00c4ven den andra HundCaf\u00e9-tr\u00e4ffen var mycket v\u00e4lbes\u00f6kt av b\u00e5da hussar\/mattar och hundar. \u00d6ver 30 personer och mer \u00e4n 15 hundar kom och fikade och lyssnade p\u00e5 Marie Henriksson som till vardags driver hunddagiset Telge Hundcenter i Wedaomr\u00e5det i S\u00f6dert\u00e4lje. Hon har \u00e4ven specialiserat sig p\u00e5 f\u00f6rebyggande och avhj\u00e4lpande hundfriskv\u00e5rd och -rehabilitering.<\/p>\n<p>Marie f\u00f6revisade hur man kan anv\u00e4nda balansbollar f\u00f6r att stimulera hundens olika muskler, bland annat f\u00f6r att st\u00e4rka ryggmusklerna.<\/p>\n<p>-Tr\u00e4ning med balansboll anv\u00e4nds i rehabilitering f\u00f6r hundar eftersom bollen har en f\u00f6rm\u00e5ga att n\u00e5 alla muskler i kroppen och bygga upp styrka och balans, ber\u00e4ttade hon och visade hur man kan g\u00f6ra.<\/p>\n<p>Hon ber\u00e4ttade ocks\u00e5 att balansbollen \u00e4r en mycket bra tr\u00e4ning f\u00f6r f\u00f6rsiktiga eller r\u00e4dda hundar eftersom den h\u00f6jer sj\u00e4lvf\u00f6rtroendet hos hunden.<\/p>\n<p>-Jag jobbar med hundens v\u00e4lbefinnande, s\u00e4ger Marie som \u00e4ven \u00e4r diplomerad hundmass\u00f6r.<\/p>\n<p><img decoding=\"async\" class=\"alignnone size-medium wp-image-3082\" src=\"https:\/\/svenskahundklubben.se\/uppsala\/wp-content\/uploads\/sites\/14\/2020\/02\/IMGP7670-199x300.jpg\" alt=\"\" width=\"199\" height=\"300\" \/> <img loading=\"lazy\" decoding=\"async\" class=\"alignnone size-medium wp-image-3083\" src=\"https:\/\/svenskahundklubben.se\/uppsala\/wp-content\/uploads\/sites\/14\/2020\/02\/IMGP7671-199x300.jpg\" alt=\"\" width=\"199\" height=\"300\" \/> <img loading=\"lazy\" decoding=\"async\" class=\"alignnone size-medium wp-image-3084\" src=\"https:\/\/svenskahundklubben.se\/uppsala\/wp-content\/uploads\/sites\/14\/2020\/02\/IMGP7672-199x300.jpg\" alt=\"\" width=\"199\" height=\"300\" \/> <img loading=\"lazy\" decoding=\"async\" class=\"alignnone size-medium wp-image-3086\" src=\"https:\/\/svenskahundklubben.se\/uppsala\/wp-content\/uploads\/sites\/14\/2020\/02\/IMGP7675-1-199x300.jpg\" alt=\"\" width=\"199\" height=\"300\" \/><img loading=\"lazy\" decoding=\"async\" class=\"alignnone size-medium wp-image-3078\" src=\"https:\/\/svenskahundklubben.se\/uppsala\/wp-content\/uploads\/sites\/14\/2020\/02\/IMGP7674-199x300.jpg\" alt=\"\" width=\"199\" height=\"300\" \/><\/p>\n<p>N\u00e4sta HundCaf\u00e9, den 16 februari klockan 12-14 har Rallylydnad som tema. D\u00e5 kommer Sara Ryrfeldt och ber\u00e4ttar mer om vad Rallylydnad \u00e4r och ger tr\u00e4ningstips. Dessutom serveras go-fika, f\u00f6r husse\/matte och v\u00e5ra fyrbenta v\u00e4nner. Vi ses v\u00e4l \u00e4ven n\u00e4sta s\u00f6ndag? V\u00e4lkomna!<\/p>\n","protected":false},"excerpt":{"rendered":"<p>\u00c4ven den andra HundCaf\u00e9-tr\u00e4ffen var mycket v\u00e4lbes\u00f6kt av b\u00e5da hussar\/mattar och hundar. \u00d6ver 30 personer och mer \u00e4n 15 hundar kom och fikade och lyssnade p\u00e5 Marie Henriksson som till vardags driver hunddagiset Telge Hundcenter &#8230; <a title=\"Andra hundcaf\u00e9et\" class=\"read-more\" href=\"https:\/\/svenskahundklubben.se\/uppsala\/andra-hundcafeet\/\">L\u00e4s mer<\/a><\/p>\n","protected":false},"author":4,"featured_media":0,"parent":0,"menu_order":0,"comment_status":"closed","ping_status":"closed","template":"","meta":{"_price":"","_stock":"","_tribe_ticket_header":"","_tribe_default_ticket_provider":"","_tribe_ticket_capacity":"0","_ticket_start_date":"","_ticket_end_date":"","_tribe_ticket_show_description":"","_tribe_ticket_show_not_going":false,"_tribe_ticket_use_global_stock":"","_tribe_ticket_global_stock_level":"","_global_stock_mode":"","_global_stock_cap":"","_tribe_rsvp_for_event":"","_tribe_ticket_going_count":"","_tribe_ticket_not_going_count":"","_tribe_tickets_list":"[]","_tribe_ticket_has_attendee_info_fields":false,"footnotes":"","_tec_slr_enabled":"","_tec_slr_layout":"","_links_to":"","_links_to_target":""},"class_list":["post-3077","page","type-page","status-publish"],"yoast_head":"<!-- This site is optimized with the Yoast SEO plugin v25.6 - https:\/\/yoast.com\/wordpress\/plugins\/seo\/ -->\n<title>Andra hundcaf\u00e9et - Svenska Hundklubben - Uppsala<\/title>\n<meta name=\"robots\" content=\"index, follow, max-snippet:-1, max-image-preview:large, max-video-preview:-1\" \/>\n<link rel=\"canonical\" href=\"https:\/\/svenskahundklubben.se\/uppsala\/andra-hundcafeet\/\" \/>\n<meta property=\"og:locale\" content=\"sv_SE\" \/>\n<meta property=\"og:type\" content=\"article\" \/>\n<meta property=\"og:title\" content=\"Andra hundcaf\u00e9et - Svenska Hundklubben - Uppsala\" \/>\n<meta property=\"og:description\" content=\"\u00c4ven den andra HundCaf\u00e9-tr\u00e4ffen var mycket v\u00e4lbes\u00f6kt av b\u00e5da hussar\/mattar och hundar. \u00d6ver 30 personer och mer \u00e4n 15 hundar kom och fikade och lyssnade p\u00e5 Marie Henriksson som till vardags driver hunddagiset Telge Hundcenter ... L\u00e4s mer\" \/>\n<meta property=\"og:url\" content=\"https:\/\/svenskahundklubben.se\/uppsala\/andra-hundcafeet\/\" \/>\n<meta property=\"og:site_name\" content=\"Svenska Hundklubben - Uppsala\" \/>\n<meta property=\"article:modified_time\" content=\"2020-02-09T20:52:35+00:00\" \/>\n<meta property=\"og:image\" content=\"https:\/\/svenskahundklubben.se\/uppsala\/wp-content\/uploads\/sites\/14\/2020\/02\/IMGP7668-300x199.jpg\" \/>\n<meta name=\"twitter:card\" content=\"summary_large_image\" \/>\n<meta name=\"twitter:label1\" content=\"Ber\u00e4knad l\u00e4stid\" \/>\n\t<meta name=\"twitter:data1\" content=\"1 minut\" \/>\n<script type=\"application\/ld+json\" class=\"yoast-schema-graph\">{\"@context\":\"https:\/\/schema.org\",\"@graph\":[{\"@type\":\"WebPage\",\"@id\":\"https:\/\/svenskahundklubben.se\/uppsala\/andra-hundcafeet\/\",\"url\":\"https:\/\/svenskahundklubben.se\/uppsala\/andra-hundcafeet\/\",\"name\":\"Andra hundcaf\u00e9et - Svenska Hundklubben - Uppsala\",\"isPartOf\":{\"@id\":\"https:\/\/svenskahundklubben.se\/uppsala\/#website\"},\"primaryImageOfPage\":{\"@id\":\"https:\/\/svenskahundklubben.se\/uppsala\/andra-hundcafeet\/#primaryimage\"},\"image\":{\"@id\":\"https:\/\/svenskahundklubben.se\/uppsala\/andra-hundcafeet\/#primaryimage\"},\"thumbnailUrl\":\"https:\/\/svenskahundklubben.se\/uppsala\/wp-content\/uploads\/sites\/14\/2020\/02\/IMGP7668-300x199.jpg\",\"datePublished\":\"2020-02-09T15:41:49+00:00\",\"dateModified\":\"2020-02-09T20:52:35+00:00\",\"breadcrumb\":{\"@id\":\"https:\/\/svenskahundklubben.se\/uppsala\/andra-hundcafeet\/#breadcrumb\"},\"inLanguage\":\"sv-SE\",\"potentialAction\":[{\"@type\":\"ReadAction\",\"target\":[\"https:\/\/svenskahundklubben.se\/uppsala\/andra-hundcafeet\/\"]}]},{\"@type\":\"ImageObject\",\"inLanguage\":\"sv-SE\",\"@id\":\"https:\/\/svenskahundklubben.se\/uppsala\/andra-hundcafeet\/#primaryimage\",\"url\":\"https:\/\/svenskahundklubben.se\/uppsala\/wp-content\/uploads\/sites\/14\/2020\/02\/IMGP7668-300x199.jpg\",\"contentUrl\":\"https:\/\/svenskahundklubben.se\/uppsala\/wp-content\/uploads\/sites\/14\/2020\/02\/IMGP7668-300x199.jpg\"},{\"@type\":\"BreadcrumbList\",\"@id\":\"https:\/\/svenskahundklubben.se\/uppsala\/andra-hundcafeet\/#breadcrumb\",\"itemListElement\":[{\"@type\":\"ListItem\",\"position\":1,\"name\":\"Hem\",\"item\":\"https:\/\/svenskahundklubben.se\/uppsala\/\"},{\"@type\":\"ListItem\",\"position\":2,\"name\":\"Andra hundcaf\u00e9et\"}]},{\"@type\":\"WebSite\",\"@id\":\"https:\/\/svenskahundklubben.se\/uppsala\/#website\",\"url\":\"https:\/\/svenskahundklubben.se\/uppsala\/\",\"name\":\"Svenska Hundklubben - Uppsala\",\"description\":\"Svenska Hundklubben\",\"publisher\":{\"@id\":\"https:\/\/svenskahundklubben.se\/uppsala\/#organization\"},\"potentialAction\":[{\"@type\":\"SearchAction\",\"target\":{\"@type\":\"EntryPoint\",\"urlTemplate\":\"https:\/\/svenskahundklubben.se\/uppsala\/?s={search_term_string}\"},\"query-input\":{\"@type\":\"PropertyValueSpecification\",\"valueRequired\":true,\"valueName\":\"search_term_string\"}}],\"inLanguage\":\"sv-SE\"},{\"@type\":\"Organization\",\"@id\":\"https:\/\/svenskahundklubben.se\/uppsala\/#organization\",\"name\":\"Svenska Hundklubben - Uppsala\",\"url\":\"https:\/\/svenskahundklubben.se\/uppsala\/\",\"logo\":{\"@type\":\"ImageObject\",\"inLanguage\":\"sv-SE\",\"@id\":\"https:\/\/svenskahundklubben.se\/uppsala\/#\/schema\/logo\/image\/\",\"url\":\"https:\/\/svenskahundklubben.se\/uppsala\/wp-content\/uploads\/sites\/14\/2020\/02\/SHK-UPPSALA-HEADERLOGO.png\",\"contentUrl\":\"https:\/\/svenskahundklubben.se\/uppsala\/wp-content\/uploads\/sites\/14\/2020\/02\/SHK-UPPSALA-HEADERLOGO.png\",\"width\":1200,\"height\":300,\"caption\":\"Svenska Hundklubben - Uppsala\"},\"image\":{\"@id\":\"https:\/\/svenskahundklubben.se\/uppsala\/#\/schema\/logo\/image\/\"}}]}<\/script>\n<!-- \/ Yoast SEO plugin. -->","yoast_head_json":{"title":"Andra hundcaf\u00e9et - Svenska Hundklubben - Uppsala","robots":{"index":"index","follow":"follow","max-snippet":"max-snippet:-1","max-image-preview":"max-image-preview:large","max-video-preview":"max-video-preview:-1"},"canonical":"https:\/\/svenskahundklubben.se\/uppsala\/andra-hundcafeet\/","og_locale":"sv_SE","og_type":"article","og_title":"Andra hundcaf\u00e9et - Svenska Hundklubben - Uppsala","og_description":"\u00c4ven den andra HundCaf\u00e9-tr\u00e4ffen var mycket v\u00e4lbes\u00f6kt av b\u00e5da hussar\/mattar och hundar. \u00d6ver 30 personer och mer \u00e4n 15 hundar kom och fikade och lyssnade p\u00e5 Marie Henriksson som till vardags driver hunddagiset Telge Hundcenter ... L\u00e4s mer","og_url":"https:\/\/svenskahundklubben.se\/uppsala\/andra-hundcafeet\/","og_site_name":"Svenska Hundklubben - Uppsala","article_modified_time":"2020-02-09T20:52:35+00:00","og_image":[{"url":"https:\/\/svenskahundklubben.se\/uppsala\/wp-content\/uploads\/sites\/14\/2020\/02\/IMGP7668-300x199.jpg","type":"","width":"","height":""}],"twitter_card":"summary_large_image","twitter_misc":{"Ber\u00e4knad l\u00e4stid":"1 minut"},"schema":{"@context":"https:\/\/schema.org","@graph":[{"@type":"WebPage","@id":"https:\/\/svenskahundklubben.se\/uppsala\/andra-hundcafeet\/","url":"https:\/\/svenskahundklubben.se\/uppsala\/andra-hundcafeet\/","name":"Andra hundcaf\u00e9et - Svenska Hundklubben - Uppsala","isPartOf":{"@id":"https:\/\/svenskahundklubben.se\/uppsala\/#website"},"primaryImageOfPage":{"@id":"https:\/\/svenskahundklubben.se\/uppsala\/andra-hundcafeet\/#primaryimage"},"image":{"@id":"https:\/\/svenskahundklubben.se\/uppsala\/andra-hundcafeet\/#primaryimage"},"thumbnailUrl":"https:\/\/svenskahundklubben.se\/uppsala\/wp-content\/uploads\/sites\/14\/2020\/02\/IMGP7668-300x199.jpg","datePublished":"2020-02-09T15:41:49+00:00","dateModified":"2020-02-09T20:52:35+00:00","breadcrumb":{"@id":"https:\/\/svenskahundklubben.se\/uppsala\/andra-hundcafeet\/#breadcrumb"},"inLanguage":"sv-SE","potentialAction":[{"@type":"ReadAction","target":["https:\/\/svenskahundklubben.se\/uppsala\/andra-hundcafeet\/"]}]},{"@type":"ImageObject","inLanguage":"sv-SE","@id":"https:\/\/svenskahundklubben.se\/uppsala\/andra-hundcafeet\/#primaryimage","url":"https:\/\/svenskahundklubben.se\/uppsala\/wp-content\/uploads\/sites\/14\/2020\/02\/IMGP7668-300x199.jpg","contentUrl":"https:\/\/svenskahundklubben.se\/uppsala\/wp-content\/uploads\/sites\/14\/2020\/02\/IMGP7668-300x199.jpg"},{"@type":"BreadcrumbList","@id":"https:\/\/svenskahundklubben.se\/uppsala\/andra-hundcafeet\/#breadcrumb","itemListElement":[{"@type":"ListItem","position":1,"name":"Hem","item":"https:\/\/svenskahundklubben.se\/uppsala\/"},{"@type":"ListItem","position":2,"name":"Andra hundcaf\u00e9et"}]},{"@type":"WebSite","@id":"https:\/\/svenskahundklubben.se\/uppsala\/#website","url":"https:\/\/svenskahundklubben.se\/uppsala\/","name":"Svenska Hundklubben - Uppsala","description":"Svenska Hundklubben","publisher":{"@id":"https:\/\/svenskahundklubben.se\/uppsala\/#organization"},"potentialAction":[{"@type":"SearchAction","target":{"@type":"EntryPoint","urlTemplate":"https:\/\/svenskahundklubben.se\/uppsala\/?s={search_term_string}"},"query-input":{"@type":"PropertyValueSpecification","valueRequired":true,"valueName":"search_term_string"}}],"inLanguage":"sv-SE"},{"@type":"Organization","@id":"https:\/\/svenskahundklubben.se\/uppsala\/#organization","name":"Svenska Hundklubben - Uppsala","url":"https:\/\/svenskahundklubben.se\/uppsala\/","logo":{"@type":"ImageObject","inLanguage":"sv-SE","@id":"https:\/\/svenskahundklubben.se\/uppsala\/#\/schema\/logo\/image\/","url":"https:\/\/svenskahundklubben.se\/uppsala\/wp-content\/uploads\/sites\/14\/2020\/02\/SHK-UPPSALA-HEADERLOGO.png","contentUrl":"https:\/\/svenskahundklubben.se\/uppsala\/wp-content\/uploads\/sites\/14\/2020\/02\/SHK-UPPSALA-HEADERLOGO.png","width":1200,"height":300,"caption":"Svenska Hundklubben - Uppsala"},"image":{"@id":"https:\/\/svenskahundklubben.se\/uppsala\/#\/schema\/logo\/image\/"}}]}},"ticketed":false,"_links":{"self":[{"href":"https:\/\/svenskahundklubben.se\/uppsala\/wp-json\/wp\/v2\/pages\/3077"}],"collection":[{"href":"https:\/\/svenskahundklubben.se\/uppsala\/wp-json\/wp\/v2\/pages"}],"about":[{"href":"https:\/\/svenskahundklubben.se\/uppsala\/wp-json\/wp\/v2\/types\/page"}],"author":[{"embeddable":true,"href":"https:\/\/svenskahundklubben.se\/uppsala\/wp-json\/wp\/v2\/users\/4"}],"replies":[{"embeddable":true,"href":"https:\/\/svenskahundklubben.se\/uppsala\/wp-json\/wp\/v2\/comments?post=3077"}],"version-history":[{"count":3,"href":"https:\/\/svenskahundklubben.se\/uppsala\/wp-json\/wp\/v2\/pages\/3077\/revisions"}],"predecessor-version":[{"id":3093,"href":"https:\/\/svenskahundklubben.se\/uppsala\/wp-json\/wp\/v2\/pages\/3077\/revisions\/3093"}],"wp:attachment":[{"href":"https:\/\/svenskahundklubben.se\/uppsala\/wp-json\/wp\/v2\/media?parent=3077"}],"curies":[{"name":"wp","href":"https:\/\/api.w.org\/{rel}","templated":true}]}}