{"id":67,"date":"2019-06-18T11:15:19","date_gmt":"2019-06-18T09:15:19","guid":{"rendered":"https:\/\/svenskahundklubben.se\/sodertalje\/?page_id=67"},"modified":"2021-09-29T09:19:03","modified_gmt":"2021-09-29T07:19:03","slug":"kontakt","status":"publish","type":"page","link":"https:\/\/svenskahundklubben.se\/sodertalje\/om-shk\/kontakt\/","title":{"rendered":"Kontakt"},"content":{"rendered":"<p>Klubbens motto \u201dMed Hunden i Centrum\u201d f\u00f6rpliktar. Vi prioriterar den goda relationen mellan f\u00f6rare och hund, vilket i sin tur ska leda till ett gott samarbete, f\u00f6ljsamhet och trygghet. Det bygger vidare till ett ledarskap som hunden f\u00f6rst\u00e5r och resulterar i en trivsam samvaro mellan f\u00f6rare och hund. Vi baserar all inl\u00e4rning p\u00e5 individanpassad bel\u00f6ningstr\u00e4ning.<\/p>\n<p>Vill du kontakta oss, fr\u00e5ga, komma med id\u00e9er, eller undrar \u00f6ver n\u00e5got, kontakta oss g\u00e4rna!<\/p>\n<p>Mvh<\/p>\n<p>Styrelsen SHK S\u00f6dert\u00e4lje<\/p>\n\n<div class=\"wpcf7 no-js\" id=\"wpcf7-f122-o1\" lang=\"sv-SE\" dir=\"ltr\" data-wpcf7-id=\"122\">\n<div class=\"screen-reader-response\"><p role=\"status\" aria-live=\"polite\" aria-atomic=\"true\"><\/p> <ul><\/ul><\/div>\n<form action=\"\/sodertalje\/wp-json\/wp\/v2\/pages\/67#wpcf7-f122-o1\" method=\"post\" class=\"wpcf7-form init\" aria-label=\"Kontaktformul\u00e4r\" novalidate=\"novalidate\" data-status=\"init\">\n<div style=\"display: none;\">\n<input type=\"hidden\" name=\"_wpcf7\" value=\"122\" \/>\n<input type=\"hidden\" name=\"_wpcf7_version\" value=\"6.0.6\" \/>\n<input type=\"hidden\" name=\"_wpcf7_locale\" value=\"sv_SE\" \/>\n<input type=\"hidden\" name=\"_wpcf7_unit_tag\" value=\"wpcf7-f122-o1\" \/>\n<input type=\"hidden\" name=\"_wpcf7_container_post\" value=\"0\" \/>\n<input type=\"hidden\" name=\"_wpcf7_posted_data_hash\" value=\"\" \/>\n<\/div>\n<p><label> Ditt namn (obligatorisk)<br \/>\n<span class=\"wpcf7-form-control-wrap\" data-name=\"your-name\"><input size=\"40\" maxlength=\"400\" class=\"wpcf7-form-control wpcf7-text wpcf7-validates-as-required\" aria-required=\"true\" aria-invalid=\"false\" value=\"\" type=\"text\" name=\"your-name\" \/><\/span> <\/label>\n<\/p>\n<p><label> Din e-post (obligatorisk)<br \/>\n<span class=\"wpcf7-form-control-wrap\" data-name=\"your-email\"><input size=\"40\" maxlength=\"400\" class=\"wpcf7-form-control wpcf7-email wpcf7-validates-as-required wpcf7-text wpcf7-validates-as-email\" aria-required=\"true\" aria-invalid=\"false\" value=\"\" type=\"email\" name=\"your-email\" \/><\/span> <\/label>\n<\/p>\n<p><label> \u00c4mne<br \/>\n<span class=\"wpcf7-form-control-wrap\" data-name=\"your-subject\"><input size=\"40\" maxlength=\"400\" class=\"wpcf7-form-control wpcf7-text\" aria-invalid=\"false\" value=\"\" type=\"text\" name=\"your-subject\" \/><\/span> <\/label>\n<\/p>\n<p><label> Ditt meddelande<br \/>\n<span class=\"wpcf7-form-control-wrap\" data-name=\"your-message\"><textarea cols=\"40\" rows=\"10\" maxlength=\"2000\" class=\"wpcf7-form-control wpcf7-textarea\" aria-invalid=\"false\" name=\"your-message\"><\/textarea><\/span> <\/label>\n<\/p>\n<p><input class=\"wpcf7-form-control wpcf7-submit has-spinner\" type=\"submit\" value=\"Skicka\" \/>\n<\/p><p style=\"display: none !important;\" class=\"akismet-fields-container\" data-prefix=\"_wpcf7_ak_\"><label>&#916;<textarea name=\"_wpcf7_ak_hp_textarea\" cols=\"45\" rows=\"8\" maxlength=\"100\"><\/textarea><\/label><input type=\"hidden\" id=\"ak_js_1\" name=\"_wpcf7_ak_js\" value=\"225\"\/><script>\ndocument.getElementById( \"ak_js_1\" ).setAttribute( \"value\", ( new Date() ).getTime() );\n<\/script>\n<\/p><div class=\"wpcf7-response-output\" aria-hidden=\"true\"><\/div>\n<\/form>\n<\/div>\n\n<p>&nbsp;<\/p>\n<p>&nbsp;<\/p>\n","protected":false},"excerpt":{"rendered":"<p>Klubbens motto \u201dMed Hunden i Centrum\u201d f\u00f6rpliktar. Vi prioriterar den goda relationen mellan f\u00f6rare och hund, vilket i sin tur ska leda till ett gott samarbete, f\u00f6ljsamhet och trygghet. Det bygger vidare till ett ledarskap &#8230; <a title=\"Kontakt\" class=\"read-more\" href=\"https:\/\/svenskahundklubben.se\/sodertalje\/om-shk\/kontakt\/\">L\u00e4s mer<\/a><\/p>\n","protected":false},"author":1,"featured_media":0,"parent":48,"menu_order":0,"comment_status":"closed","ping_status":"closed","template":"elementor_header_footer","meta":{"_price":"","_stock":"","_tribe_ticket_header":"","_tribe_default_ticket_provider":"","_tribe_ticket_capacity":"0","_ticket_start_date":"","_ticket_end_date":"","_tribe_ticket_show_description":"","_tribe_ticket_show_not_going":false,"_tribe_ticket_use_global_stock":"","_tribe_ticket_global_stock_level":"","_global_stock_mode":"","_global_stock_cap":"","_tribe_rsvp_for_event":"","_tribe_ticket_going_count":"","_tribe_ticket_not_going_count":"","_tribe_tickets_list":"[]","_tribe_ticket_has_attendee_info_fields":false,"footnotes":"","_tec_slr_enabled":"","_tec_slr_layout":"","_links_to":"","_links_to_target":""},"class_list":["post-67","page","type-page","status-publish"],"yoast_head":"<!-- This site is optimized with the Yoast SEO plugin v25.6 - https:\/\/yoast.com\/wordpress\/plugins\/seo\/ -->\n<title>Kontakt - Svenska Hundklubben - S\u00f6dert\u00e4lje<\/title>\n<meta name=\"robots\" content=\"index, follow, max-snippet:-1, max-image-preview:large, max-video-preview:-1\" \/>\n<link rel=\"canonical\" href=\"https:\/\/svenskahundklubben.se\/sodertalje\/om-shk\/kontakt\/\" \/>\n<meta property=\"og:locale\" content=\"sv_SE\" \/>\n<meta property=\"og:type\" content=\"article\" \/>\n<meta property=\"og:title\" content=\"Kontakt - Svenska Hundklubben - S\u00f6dert\u00e4lje\" \/>\n<meta property=\"og:description\" content=\"Klubbens motto \u201dMed Hunden i Centrum\u201d f\u00f6rpliktar. Vi prioriterar den goda relationen mellan f\u00f6rare och hund, vilket i sin tur ska leda till ett gott samarbete, f\u00f6ljsamhet och trygghet. Det bygger vidare till ett ledarskap ... L\u00e4s mer\" \/>\n<meta property=\"og:url\" content=\"https:\/\/svenskahundklubben.se\/sodertalje\/om-shk\/kontakt\/\" \/>\n<meta property=\"og:site_name\" content=\"Svenska Hundklubben - S\u00f6dert\u00e4lje\" \/>\n<meta property=\"article:modified_time\" content=\"2021-09-29T07:19:03+00:00\" \/>\n<meta name=\"twitter:card\" content=\"summary_large_image\" \/>\n<meta name=\"twitter:label1\" content=\"Ber\u00e4knad l\u00e4stid\" \/>\n\t<meta name=\"twitter:data1\" content=\"1 minut\" \/>\n<script type=\"application\/ld+json\" class=\"yoast-schema-graph\">{\"@context\":\"https:\/\/schema.org\",\"@graph\":[{\"@type\":\"WebPage\",\"@id\":\"https:\/\/svenskahundklubben.se\/sodertalje\/om-shk\/kontakt\/\",\"url\":\"https:\/\/svenskahundklubben.se\/sodertalje\/om-shk\/kontakt\/\",\"name\":\"Kontakt - Svenska Hundklubben - S\u00f6dert\u00e4lje\",\"isPartOf\":{\"@id\":\"https:\/\/svenskahundklubben.se\/sodertalje\/#website\"},\"datePublished\":\"2019-06-18T09:15:19+00:00\",\"dateModified\":\"2021-09-29T07:19:03+00:00\",\"breadcrumb\":{\"@id\":\"https:\/\/svenskahundklubben.se\/sodertalje\/om-shk\/kontakt\/#breadcrumb\"},\"inLanguage\":\"sv-SE\",\"potentialAction\":[{\"@type\":\"ReadAction\",\"target\":[\"https:\/\/svenskahundklubben.se\/sodertalje\/om-shk\/kontakt\/\"]}]},{\"@type\":\"BreadcrumbList\",\"@id\":\"https:\/\/svenskahundklubben.se\/sodertalje\/om-shk\/kontakt\/#breadcrumb\",\"itemListElement\":[{\"@type\":\"ListItem\",\"position\":1,\"name\":\"Hem\",\"item\":\"https:\/\/svenskahundklubben.se\/sodertalje\/\"},{\"@type\":\"ListItem\",\"position\":2,\"name\":\"Om Oss\",\"item\":\"https:\/\/svenskahundklubben.se\/sodertalje\/om-shk\/\"},{\"@type\":\"ListItem\",\"position\":3,\"name\":\"Kontakt\"}]},{\"@type\":\"WebSite\",\"@id\":\"https:\/\/svenskahundklubben.se\/sodertalje\/#website\",\"url\":\"https:\/\/svenskahundklubben.se\/sodertalje\/\",\"name\":\"Svenska Hundklubben - S\u00f6dert\u00e4lje\",\"description\":\"Svenska Hundklubben-webbplats\",\"publisher\":{\"@id\":\"https:\/\/svenskahundklubben.se\/sodertalje\/#organization\"},\"potentialAction\":[{\"@type\":\"SearchAction\",\"target\":{\"@type\":\"EntryPoint\",\"urlTemplate\":\"https:\/\/svenskahundklubben.se\/sodertalje\/?s={search_term_string}\"},\"query-input\":{\"@type\":\"PropertyValueSpecification\",\"valueRequired\":true,\"valueName\":\"search_term_string\"}}],\"inLanguage\":\"sv-SE\"},{\"@type\":\"Organization\",\"@id\":\"https:\/\/svenskahundklubben.se\/sodertalje\/#organization\",\"name\":\"Svenska Hundklubben - S\u00f6dert\u00e4lje\",\"url\":\"https:\/\/svenskahundklubben.se\/sodertalje\/\",\"logo\":{\"@type\":\"ImageObject\",\"inLanguage\":\"sv-SE\",\"@id\":\"https:\/\/svenskahundklubben.se\/sodertalje\/#\/schema\/logo\/image\/\",\"url\":\"https:\/\/svenskahundklubben.se\/sodertalje\/wp-content\/uploads\/sites\/4\/2019\/08\/SHK-S\u00d6DERT\u00c4LJE-HEADERLOGO.png\",\"contentUrl\":\"https:\/\/svenskahundklubben.se\/sodertalje\/wp-content\/uploads\/sites\/4\/2019\/08\/SHK-S\u00d6DERT\u00c4LJE-HEADERLOGO.png\",\"width\":1200,\"height\":300,\"caption\":\"Svenska Hundklubben - S\u00f6dert\u00e4lje\"},\"image\":{\"@id\":\"https:\/\/svenskahundklubben.se\/sodertalje\/#\/schema\/logo\/image\/\"}}]}<\/script>\n<!-- \/ Yoast SEO plugin. -->","yoast_head_json":{"title":"Kontakt - Svenska Hundklubben - S\u00f6dert\u00e4lje","robots":{"index":"index","follow":"follow","max-snippet":"max-snippet:-1","max-image-preview":"max-image-preview:large","max-video-preview":"max-video-preview:-1"},"canonical":"https:\/\/svenskahundklubben.se\/sodertalje\/om-shk\/kontakt\/","og_locale":"sv_SE","og_type":"article","og_title":"Kontakt - Svenska Hundklubben - S\u00f6dert\u00e4lje","og_description":"Klubbens motto \u201dMed Hunden i Centrum\u201d f\u00f6rpliktar. Vi prioriterar den goda relationen mellan f\u00f6rare och hund, vilket i sin tur ska leda till ett gott samarbete, f\u00f6ljsamhet och trygghet. Det bygger vidare till ett ledarskap ... L\u00e4s mer","og_url":"https:\/\/svenskahundklubben.se\/sodertalje\/om-shk\/kontakt\/","og_site_name":"Svenska Hundklubben - S\u00f6dert\u00e4lje","article_modified_time":"2021-09-29T07:19:03+00:00","twitter_card":"summary_large_image","twitter_misc":{"Ber\u00e4knad l\u00e4stid":"1 minut"},"schema":{"@context":"https:\/\/schema.org","@graph":[{"@type":"WebPage","@id":"https:\/\/svenskahundklubben.se\/sodertalje\/om-shk\/kontakt\/","url":"https:\/\/svenskahundklubben.se\/sodertalje\/om-shk\/kontakt\/","name":"Kontakt - Svenska Hundklubben - S\u00f6dert\u00e4lje","isPartOf":{"@id":"https:\/\/svenskahundklubben.se\/sodertalje\/#website"},"datePublished":"2019-06-18T09:15:19+00:00","dateModified":"2021-09-29T07:19:03+00:00","breadcrumb":{"@id":"https:\/\/svenskahundklubben.se\/sodertalje\/om-shk\/kontakt\/#breadcrumb"},"inLanguage":"sv-SE","potentialAction":[{"@type":"ReadAction","target":["https:\/\/svenskahundklubben.se\/sodertalje\/om-shk\/kontakt\/"]}]},{"@type":"BreadcrumbList","@id":"https:\/\/svenskahundklubben.se\/sodertalje\/om-shk\/kontakt\/#breadcrumb","itemListElement":[{"@type":"ListItem","position":1,"name":"Hem","item":"https:\/\/svenskahundklubben.se\/sodertalje\/"},{"@type":"ListItem","position":2,"name":"Om Oss","item":"https:\/\/svenskahundklubben.se\/sodertalje\/om-shk\/"},{"@type":"ListItem","position":3,"name":"Kontakt"}]},{"@type":"WebSite","@id":"https:\/\/svenskahundklubben.se\/sodertalje\/#website","url":"https:\/\/svenskahundklubben.se\/sodertalje\/","name":"Svenska Hundklubben - S\u00f6dert\u00e4lje","description":"Svenska Hundklubben-webbplats","publisher":{"@id":"https:\/\/svenskahundklubben.se\/sodertalje\/#organization"},"potentialAction":[{"@type":"SearchAction","target":{"@type":"EntryPoint","urlTemplate":"https:\/\/svenskahundklubben.se\/sodertalje\/?s={search_term_string}"},"query-input":{"@type":"PropertyValueSpecification","valueRequired":true,"valueName":"search_term_string"}}],"inLanguage":"sv-SE"},{"@type":"Organization","@id":"https:\/\/svenskahundklubben.se\/sodertalje\/#organization","name":"Svenska Hundklubben - S\u00f6dert\u00e4lje","url":"https:\/\/svenskahundklubben.se\/sodertalje\/","logo":{"@type":"ImageObject","inLanguage":"sv-SE","@id":"https:\/\/svenskahundklubben.se\/sodertalje\/#\/schema\/logo\/image\/","url":"https:\/\/svenskahundklubben.se\/sodertalje\/wp-content\/uploads\/sites\/4\/2019\/08\/SHK-S\u00d6DERT\u00c4LJE-HEADERLOGO.png","contentUrl":"https:\/\/svenskahundklubben.se\/sodertalje\/wp-content\/uploads\/sites\/4\/2019\/08\/SHK-S\u00d6DERT\u00c4LJE-HEADERLOGO.png","width":1200,"height":300,"caption":"Svenska Hundklubben - S\u00f6dert\u00e4lje"},"image":{"@id":"https:\/\/svenskahundklubben.se\/sodertalje\/#\/schema\/logo\/image\/"}}]}},"ticketed":false,"_links":{"self":[{"href":"https:\/\/svenskahundklubben.se\/sodertalje\/wp-json\/wp\/v2\/pages\/67"}],"collection":[{"href":"https:\/\/svenskahundklubben.se\/sodertalje\/wp-json\/wp\/v2\/pages"}],"about":[{"href":"https:\/\/svenskahundklubben.se\/sodertalje\/wp-json\/wp\/v2\/types\/page"}],"author":[{"embeddable":true,"href":"https:\/\/svenskahundklubben.se\/sodertalje\/wp-json\/wp\/v2\/users\/1"}],"replies":[{"embeddable":true,"href":"https:\/\/svenskahundklubben.se\/sodertalje\/wp-json\/wp\/v2\/comments?post=67"}],"version-history":[{"count":8,"href":"https:\/\/svenskahundklubben.se\/sodertalje\/wp-json\/wp\/v2\/pages\/67\/revisions"}],"predecessor-version":[{"id":5761,"href":"https:\/\/svenskahundklubben.se\/sodertalje\/wp-json\/wp\/v2\/pages\/67\/revisions\/5761"}],"up":[{"embeddable":true,"href":"https:\/\/svenskahundklubben.se\/sodertalje\/wp-json\/wp\/v2\/pages\/48"}],"wp:attachment":[{"href":"https:\/\/svenskahundklubben.se\/sodertalje\/wp-json\/wp\/v2\/media?parent=67"}],"curies":[{"name":"wp","href":"https:\/\/api.w.org\/{rel}","templated":true}]}}