{"id":48,"date":"2019-06-18T11:09:19","date_gmt":"2019-06-18T09:09:19","guid":{"rendered":"https:\/\/svenskahundklubben.se\/sodertalje\/?page_id=48"},"modified":"2025-11-04T16:49:00","modified_gmt":"2025-11-04T15:49:00","slug":"om-shk","status":"publish","type":"page","link":"https:\/\/svenskahundklubben.se\/sodertalje\/om-shk\/","title":{"rendered":"Om Oss"},"content":{"rendered":"<h2><strong>V\u00c4LKOMMEN HUND\u00c4GARE TILL SVENSKA HUNDKLUBBEN I S\u00d6DERT\u00c4LJE!<\/strong><\/h2>\n<p>Klubbens anda genomsyras av en v\u00e4nlig attityd d\u00e4r eldsj\u00e4lar sprider gl\u00e4dje och engagemang, ser och uppm\u00e4rksammar individens behov och problem. Vi jobbar aktivt f\u00f6r att f\u00f6rst\u00e4rka SHK-andan, b\u00e5de inom organisationen och med externa akt\u00f6rer.<\/p>\n<p>Vi erbjuder kurser, utbildningar, t\u00e4vlingar och prov samt utst\u00e4llningstillf\u00e4llen f\u00f6r \u00e4gare av alla sorters hundar. Klubbens moderna hundfilosofi genomsyrar all verksamhet och den samlade kompetensen finns tillg\u00e4nglig p\u00e5 ett rikst\u00e4ckande plan genom lokalklubbar och tr\u00e4ningsm\u00f6jligheter inomhus och utomhus.<\/p>\n<p>Vi arbetar med lydnad och f\u00f6ljsamhet och samarbete mellan hund och f\u00f6rare. V\u00e5r hundfilosofi utg\u00e5r fr\u00e5n hundens v\u00e4lm\u00e5ende. Den baseras p\u00e5 tre grundl\u00e4ggande roller: trygghetsrollen, samarbetsrollen och best\u00e4mmanderollen. Vi har h\u00e4mtat den fr\u00e5n Kenth Svartbergs modell som utg\u00e5r fr\u00e5n dessa tre roller.<\/p>\n<p><strong>Trygghetsrollen<\/strong><strong><br \/>\n<\/strong>Det \u00e4r basen i relationen mellan hunden och \u00e4garen\/f\u00f6raren. Den pr\u00e4glas av v\u00e4nskap, trygghet och en v\u00e4nlig inst\u00e4llning. Fokus \u00e4r att tolka och f\u00f6rst\u00e5 hundens signaler och spr\u00e5k.<\/p>\n<p><strong>Samarbetsrollen<\/strong><strong><br \/>\n<\/strong>Vi arbetar med positiv f\u00f6rst\u00e4rkning. Att bel\u00f6na samarbetet genom r\u00f6st, godis, leksaker och ditt eget kroppsspr\u00e5k.<\/p>\n<p><strong>Best\u00e4mmanderollen<\/strong><strong><br \/>\n<\/strong>Anv\u00e4nds i huvudsak som ett s\u00e4tt att f\u00f6rhindra hundens o\u00f6nskade beteenden. Kroppsspr\u00e5k och r\u00f6st \u00e4r ofta de b\u00e4sta verktygen att kommunicera best\u00e4mmanderollen. Det \u00e4r viktigt att observera hundens beteende och genast uppmuntra och sl\u00e4ppa best\u00e4mmanderollen n\u00e4r hunden bryter sitt o\u00f6nskade beteende.<\/p>\n<p><strong>Svenska Hundklubben S\u00f6dert\u00e4lje s\u00e4tter hunden i centrum, precis som v\u00e5r huvudklubb Svenska Hundklubben.<\/strong><br \/>\nAllt arbete sker p\u00e5 ideell basis.<\/p>\n<ul>\n<li>G\u00e5 en hundkurs hos oss eller g\u00f6r ett hundtest, ett prov i personsp\u00e5r eller persons\u00f6k!<\/li>\n<li>Vi arrangerar ocks\u00e5 lydnadst\u00e4vlingar och utst\u00e4llningar!<\/li>\n<\/ul>\n<p>Som medlem hos oss \u00e4r du alltid v\u00e4lkommen att tr\u00e4na p\u00e5 v\u00e5rt fina omr\u00e5de i Bastmora, S\u00f6dert\u00e4lje.<br \/>\n&#8211; Kontakta din instrukt\u00f6r f\u00f6r kod:\u00a0Vi har kodl\u00e5s p\u00e5 grindarna f\u00f6r att inte obeh\u00f6riga ska f\u00e5 tilltr\u00e4de till omr\u00e5det.<br \/>\nVi finns vid Enh\u00f6rnaleden, strax intill Bastmora fritidsomr\u00e5de. H\u00e4r har vi v\u00e5rt fina klubbhus och v\u00e5rt stora \u00f6vningsomr\u00e5de.<br \/>\n<strong>V\u00e4lkommen till Svenska Hundklubben S\u00f6dert\u00e4lje!<\/strong><\/p>\n<p><strong>Bakgrund<br \/>\n<\/strong>S\u00f6dert\u00e4ljeavdelningen grundades 1956 med inriktning mot exteri\u00f6rutst\u00e4llningar, men p\u00e5 1960-talet tar \u00e4ven dressyrverksamheten fart.<\/p>\n<ul>\n<li>1969 f\u00e5r vi v\u00e5r f\u00f6rsta klubbstuga &#8211; F\u00e5gels\u00e5ngen i Pershagen (nuvarande S\u00f6dert\u00e4lje Syd).<\/li>\n<li>P\u00e5 1970-talet utvecklas avdelningen och medlemsantalet \u00f6kar snabbt fr\u00e5n ca 25 till betydligt \u00f6ver 100. Under n\u00e5gra \u00e5r finns en filial i Gnesta.<\/li>\n<li>P\u00e5 1980-talet utvecklas avdelningen ytterligare och blir landets st\u00f6rsta lokalavdelning med \u00f6ver 400 medlemmar.<\/li>\n<li>1984 byter Svenska S\u00e4llskapshundklubben namn till Svenska Hundklubben.<\/li>\n<li>1988 flyttar vi till v\u00e5r nya stuga i Bastmora.<\/li>\n<li>P\u00e5 1990-talet \u00f6kar utbildningsverksamheten kraftigt, d\u00e5 f\u00f6rutom lydnadsdressyren \u00e4ven agilityverksamheten och sp\u00e5rverksamheten skjuter fart.<\/li>\n<\/ul>\n","protected":false},"excerpt":{"rendered":"<p>V\u00c4LKOMMEN HUND\u00c4GARE TILL SVENSKA HUNDKLUBBEN I S\u00d6DERT\u00c4LJE! Klubbens anda genomsyras av en v\u00e4nlig attityd d\u00e4r eldsj\u00e4lar sprider gl\u00e4dje och engagemang, ser och uppm\u00e4rksammar individens behov och problem. Vi jobbar aktivt f\u00f6r att f\u00f6rst\u00e4rka SHK-andan, b\u00e5de &#8230; <a title=\"Om Oss\" class=\"read-more\" href=\"https:\/\/svenskahundklubben.se\/sodertalje\/om-shk\/\">L\u00e4s mer<\/a><\/p>\n","protected":false},"author":1,"featured_media":0,"parent":0,"menu_order":0,"comment_status":"closed","ping_status":"closed","template":"","meta":{"_price":"","_stock":"","_tribe_ticket_header":"","_tribe_default_ticket_provider":"","_tribe_ticket_capacity":"0","_ticket_start_date":"","_ticket_end_date":"","_tribe_ticket_show_description":"","_tribe_ticket_show_not_going":false,"_tribe_ticket_use_global_stock":"","_tribe_ticket_global_stock_level":"","_global_stock_mode":"","_global_stock_cap":"","_tribe_rsvp_for_event":"","_tribe_ticket_going_count":"","_tribe_ticket_not_going_count":"","_tribe_tickets_list":"[]","_tribe_ticket_has_attendee_info_fields":false,"footnotes":"","_tec_slr_enabled":"","_tec_slr_layout":"","_links_to":"","_links_to_target":""},"class_list":["post-48","page","type-page","status-publish"],"yoast_head":"<!-- This site is optimized with the Yoast SEO plugin v25.6 - https:\/\/yoast.com\/wordpress\/plugins\/seo\/ -->\n<title>Om Oss - Svenska Hundklubben - S\u00f6dert\u00e4lje<\/title>\n<meta name=\"robots\" content=\"index, follow, max-snippet:-1, max-image-preview:large, max-video-preview:-1\" \/>\n<link rel=\"canonical\" href=\"https:\/\/svenskahundklubben.se\/sodertalje\/om-shk\/\" \/>\n<meta property=\"og:locale\" content=\"sv_SE\" \/>\n<meta property=\"og:type\" content=\"article\" \/>\n<meta property=\"og:title\" content=\"Om Oss - Svenska Hundklubben - S\u00f6dert\u00e4lje\" \/>\n<meta property=\"og:description\" content=\"V\u00c4LKOMMEN HUND\u00c4GARE TILL SVENSKA HUNDKLUBBEN I S\u00d6DERT\u00c4LJE! Klubbens anda genomsyras av en v\u00e4nlig attityd d\u00e4r eldsj\u00e4lar sprider gl\u00e4dje och engagemang, ser och uppm\u00e4rksammar individens behov och problem. Vi jobbar aktivt f\u00f6r att f\u00f6rst\u00e4rka SHK-andan, b\u00e5de ... L\u00e4s mer\" \/>\n<meta property=\"og:url\" content=\"https:\/\/svenskahundklubben.se\/sodertalje\/om-shk\/\" \/>\n<meta property=\"og:site_name\" content=\"Svenska Hundklubben - S\u00f6dert\u00e4lje\" \/>\n<meta property=\"article:modified_time\" content=\"2025-11-04T15:49:00+00:00\" \/>\n<meta name=\"twitter:card\" content=\"summary_large_image\" \/>\n<meta name=\"twitter:label1\" content=\"Ber\u00e4knad l\u00e4stid\" \/>\n\t<meta name=\"twitter:data1\" content=\"3 minuter\" \/>\n<script type=\"application\/ld+json\" class=\"yoast-schema-graph\">{\"@context\":\"https:\/\/schema.org\",\"@graph\":[{\"@type\":\"WebPage\",\"@id\":\"https:\/\/svenskahundklubben.se\/sodertalje\/om-shk\/\",\"url\":\"https:\/\/svenskahundklubben.se\/sodertalje\/om-shk\/\",\"name\":\"Om Oss - Svenska Hundklubben - S\u00f6dert\u00e4lje\",\"isPartOf\":{\"@id\":\"https:\/\/svenskahundklubben.se\/sodertalje\/#website\"},\"datePublished\":\"2019-06-18T09:09:19+00:00\",\"dateModified\":\"2025-11-04T15:49:00+00:00\",\"breadcrumb\":{\"@id\":\"https:\/\/svenskahundklubben.se\/sodertalje\/om-shk\/#breadcrumb\"},\"inLanguage\":\"sv-SE\",\"potentialAction\":[{\"@type\":\"ReadAction\",\"target\":[\"https:\/\/svenskahundklubben.se\/sodertalje\/om-shk\/\"]}]},{\"@type\":\"BreadcrumbList\",\"@id\":\"https:\/\/svenskahundklubben.se\/sodertalje\/om-shk\/#breadcrumb\",\"itemListElement\":[{\"@type\":\"ListItem\",\"position\":1,\"name\":\"Hem\",\"item\":\"https:\/\/svenskahundklubben.se\/sodertalje\/\"},{\"@type\":\"ListItem\",\"position\":2,\"name\":\"Om Oss\"}]},{\"@type\":\"WebSite\",\"@id\":\"https:\/\/svenskahundklubben.se\/sodertalje\/#website\",\"url\":\"https:\/\/svenskahundklubben.se\/sodertalje\/\",\"name\":\"Svenska Hundklubben - S\u00f6dert\u00e4lje\",\"description\":\"Svenska Hundklubben-webbplats\",\"publisher\":{\"@id\":\"https:\/\/svenskahundklubben.se\/sodertalje\/#organization\"},\"potentialAction\":[{\"@type\":\"SearchAction\",\"target\":{\"@type\":\"EntryPoint\",\"urlTemplate\":\"https:\/\/svenskahundklubben.se\/sodertalje\/?s={search_term_string}\"},\"query-input\":{\"@type\":\"PropertyValueSpecification\",\"valueRequired\":true,\"valueName\":\"search_term_string\"}}],\"inLanguage\":\"sv-SE\"},{\"@type\":\"Organization\",\"@id\":\"https:\/\/svenskahundklubben.se\/sodertalje\/#organization\",\"name\":\"Svenska Hundklubben - S\u00f6dert\u00e4lje\",\"url\":\"https:\/\/svenskahundklubben.se\/sodertalje\/\",\"logo\":{\"@type\":\"ImageObject\",\"inLanguage\":\"sv-SE\",\"@id\":\"https:\/\/svenskahundklubben.se\/sodertalje\/#\/schema\/logo\/image\/\",\"url\":\"https:\/\/svenskahundklubben.se\/sodertalje\/wp-content\/uploads\/sites\/4\/2019\/08\/SHK-S\u00d6DERT\u00c4LJE-HEADERLOGO.png\",\"contentUrl\":\"https:\/\/svenskahundklubben.se\/sodertalje\/wp-content\/uploads\/sites\/4\/2019\/08\/SHK-S\u00d6DERT\u00c4LJE-HEADERLOGO.png\",\"width\":1200,\"height\":300,\"caption\":\"Svenska Hundklubben - S\u00f6dert\u00e4lje\"},\"image\":{\"@id\":\"https:\/\/svenskahundklubben.se\/sodertalje\/#\/schema\/logo\/image\/\"}}]}<\/script>\n<!-- \/ Yoast SEO plugin. -->","yoast_head_json":{"title":"Om Oss - Svenska Hundklubben - S\u00f6dert\u00e4lje","robots":{"index":"index","follow":"follow","max-snippet":"max-snippet:-1","max-image-preview":"max-image-preview:large","max-video-preview":"max-video-preview:-1"},"canonical":"https:\/\/svenskahundklubben.se\/sodertalje\/om-shk\/","og_locale":"sv_SE","og_type":"article","og_title":"Om Oss - Svenska Hundklubben - S\u00f6dert\u00e4lje","og_description":"V\u00c4LKOMMEN HUND\u00c4GARE TILL SVENSKA HUNDKLUBBEN I S\u00d6DERT\u00c4LJE! Klubbens anda genomsyras av en v\u00e4nlig attityd d\u00e4r eldsj\u00e4lar sprider gl\u00e4dje och engagemang, ser och uppm\u00e4rksammar individens behov och problem. Vi jobbar aktivt f\u00f6r att f\u00f6rst\u00e4rka SHK-andan, b\u00e5de ... L\u00e4s mer","og_url":"https:\/\/svenskahundklubben.se\/sodertalje\/om-shk\/","og_site_name":"Svenska Hundklubben - S\u00f6dert\u00e4lje","article_modified_time":"2025-11-04T15:49:00+00:00","twitter_card":"summary_large_image","twitter_misc":{"Ber\u00e4knad l\u00e4stid":"3 minuter"},"schema":{"@context":"https:\/\/schema.org","@graph":[{"@type":"WebPage","@id":"https:\/\/svenskahundklubben.se\/sodertalje\/om-shk\/","url":"https:\/\/svenskahundklubben.se\/sodertalje\/om-shk\/","name":"Om Oss - Svenska Hundklubben - S\u00f6dert\u00e4lje","isPartOf":{"@id":"https:\/\/svenskahundklubben.se\/sodertalje\/#website"},"datePublished":"2019-06-18T09:09:19+00:00","dateModified":"2025-11-04T15:49:00+00:00","breadcrumb":{"@id":"https:\/\/svenskahundklubben.se\/sodertalje\/om-shk\/#breadcrumb"},"inLanguage":"sv-SE","potentialAction":[{"@type":"ReadAction","target":["https:\/\/svenskahundklubben.se\/sodertalje\/om-shk\/"]}]},{"@type":"BreadcrumbList","@id":"https:\/\/svenskahundklubben.se\/sodertalje\/om-shk\/#breadcrumb","itemListElement":[{"@type":"ListItem","position":1,"name":"Hem","item":"https:\/\/svenskahundklubben.se\/sodertalje\/"},{"@type":"ListItem","position":2,"name":"Om Oss"}]},{"@type":"WebSite","@id":"https:\/\/svenskahundklubben.se\/sodertalje\/#website","url":"https:\/\/svenskahundklubben.se\/sodertalje\/","name":"Svenska Hundklubben - S\u00f6dert\u00e4lje","description":"Svenska Hundklubben-webbplats","publisher":{"@id":"https:\/\/svenskahundklubben.se\/sodertalje\/#organization"},"potentialAction":[{"@type":"SearchAction","target":{"@type":"EntryPoint","urlTemplate":"https:\/\/svenskahundklubben.se\/sodertalje\/?s={search_term_string}"},"query-input":{"@type":"PropertyValueSpecification","valueRequired":true,"valueName":"search_term_string"}}],"inLanguage":"sv-SE"},{"@type":"Organization","@id":"https:\/\/svenskahundklubben.se\/sodertalje\/#organization","name":"Svenska Hundklubben - S\u00f6dert\u00e4lje","url":"https:\/\/svenskahundklubben.se\/sodertalje\/","logo":{"@type":"ImageObject","inLanguage":"sv-SE","@id":"https:\/\/svenskahundklubben.se\/sodertalje\/#\/schema\/logo\/image\/","url":"https:\/\/svenskahundklubben.se\/sodertalje\/wp-content\/uploads\/sites\/4\/2019\/08\/SHK-S\u00d6DERT\u00c4LJE-HEADERLOGO.png","contentUrl":"https:\/\/svenskahundklubben.se\/sodertalje\/wp-content\/uploads\/sites\/4\/2019\/08\/SHK-S\u00d6DERT\u00c4LJE-HEADERLOGO.png","width":1200,"height":300,"caption":"Svenska Hundklubben - S\u00f6dert\u00e4lje"},"image":{"@id":"https:\/\/svenskahundklubben.se\/sodertalje\/#\/schema\/logo\/image\/"}}]}},"ticketed":false,"_links":{"self":[{"href":"https:\/\/svenskahundklubben.se\/sodertalje\/wp-json\/wp\/v2\/pages\/48"}],"collection":[{"href":"https:\/\/svenskahundklubben.se\/sodertalje\/wp-json\/wp\/v2\/pages"}],"about":[{"href":"https:\/\/svenskahundklubben.se\/sodertalje\/wp-json\/wp\/v2\/types\/page"}],"author":[{"embeddable":true,"href":"https:\/\/svenskahundklubben.se\/sodertalje\/wp-json\/wp\/v2\/users\/1"}],"replies":[{"embeddable":true,"href":"https:\/\/svenskahundklubben.se\/sodertalje\/wp-json\/wp\/v2\/comments?post=48"}],"version-history":[{"count":8,"href":"https:\/\/svenskahundklubben.se\/sodertalje\/wp-json\/wp\/v2\/pages\/48\/revisions"}],"predecessor-version":[{"id":10824,"href":"https:\/\/svenskahundklubben.se\/sodertalje\/wp-json\/wp\/v2\/pages\/48\/revisions\/10824"}],"wp:attachment":[{"href":"https:\/\/svenskahundklubben.se\/sodertalje\/wp-json\/wp\/v2\/media?parent=48"}],"curies":[{"name":"wp","href":"https:\/\/api.w.org\/{rel}","templated":true}]}}