{"id":2205,"date":"2019-12-26T10:27:18","date_gmt":"2019-12-26T09:27:18","guid":{"rendered":"https:\/\/svenskahundklubben.se\/sodertalje\/?p=2205"},"modified":"2021-07-02T08:47:39","modified_gmt":"2021-07-02T06:47:39","slug":"gdpr-for-shk-sodertalje","status":"publish","type":"page","link":"https:\/\/svenskahundklubben.se\/sodertalje\/om-shk\/gdpr-for-shk-sodertalje\/","title":{"rendered":"GDPR f\u00f6r SHK S\u00f6dert\u00e4lje"},"content":{"rendered":"<p>N\u00e4r du blir medlem hos Svenska Hundklubben S\u00f6dert\u00e4lje beh\u00f6ver vi samla in information om dig, s\u00e5som namn, telefonnummer, mejladress och personnummer. Detta g\u00f6r vi i syfte f\u00f6r att ha ett medlemsregister d\u00e4r vi kan ge dig information om v\u00e5r verksamhet , som till exempel kommande kurser och evenemang.<\/p>\n<p>Personnummer samlar vi in f\u00f6r att vi samarbetar med Studiefr\u00e4mjandet som beh\u00f6ver detta f\u00f6r att kunna registrera dig p\u00e5 v\u00e5ra kurser (se Studiefr\u00e4mjandets GDPR policy). Personnumret raderas fr\u00e5n v\u00e5r medlemslista direkt Studiefr\u00e4mjandet registrerat dig p\u00e5 kursen.<\/p>\n<p>Vi beh\u00e5ller dina personuppgifter i v\u00e5rt medlemsregister s\u00e5 l\u00e4nge du \u00e4r medlem hos oss, du kan n\u00e4r som helst \u00e5terkalla ditt samtycke. Det g\u00f6r du genom att maila kontakt.sodertalje@svenskahundklubben.se.<\/p>\n<p>Kontaktperson f\u00f6r GDPR i lokalklubben i S\u00f6dert\u00e4lje \u00e4r Annica Sandstr\u00f6m, ledamot i klubbstyrelsen.<\/p>\n<p>Fastst\u00e4lld i maj 2021 efter beslut i lokalklubbstyrelsen<\/p>\n","protected":false},"excerpt":{"rendered":"<p>N\u00e4r du blir medlem hos Svenska Hundklubben S\u00f6dert\u00e4lje beh\u00f6ver vi samla in information om dig, s\u00e5som namn, telefonnummer, mejladress och personnummer. Detta g\u00f6r vi i syfte f\u00f6r att ha ett medlemsregister d\u00e4r vi kan ge &#8230; <a title=\"GDPR f\u00f6r SHK S\u00f6dert\u00e4lje\" class=\"read-more\" href=\"https:\/\/svenskahundklubben.se\/sodertalje\/om-shk\/gdpr-for-shk-sodertalje\/\">L\u00e4s mer<\/a><\/p>\n","protected":false},"author":4,"featured_media":0,"parent":48,"menu_order":0,"comment_status":"closed","ping_status":"closed","template":"","meta":{"_price":"","_stock":"","_tribe_ticket_header":"","_tribe_default_ticket_provider":"","_tribe_ticket_capacity":"0","_ticket_start_date":"","_ticket_end_date":"","_tribe_ticket_show_description":"","_tribe_ticket_show_not_going":false,"_tribe_ticket_use_global_stock":"","_tribe_ticket_global_stock_level":"","_global_stock_mode":"","_global_stock_cap":"","_tribe_rsvp_for_event":"","_tribe_ticket_going_count":"","_tribe_ticket_not_going_count":"","_tribe_tickets_list":"[]","_tribe_ticket_has_attendee_info_fields":false,"footnotes":"","_tec_slr_enabled":"","_tec_slr_layout":"","_links_to":"","_links_to_target":""},"class_list":["post-2205","page","type-page","status-publish"],"yoast_head":"<!-- This site is optimized with the Yoast SEO plugin v25.6 - https:\/\/yoast.com\/wordpress\/plugins\/seo\/ -->\n<title>GDPR f\u00f6r SHK S\u00f6dert\u00e4lje - Svenska Hundklubben - S\u00f6dert\u00e4lje<\/title>\n<meta name=\"robots\" content=\"index, follow, max-snippet:-1, max-image-preview:large, max-video-preview:-1\" \/>\n<link rel=\"canonical\" href=\"https:\/\/svenskahundklubben.se\/sodertalje\/om-shk\/gdpr-for-shk-sodertalje\/\" \/>\n<meta property=\"og:locale\" content=\"sv_SE\" \/>\n<meta property=\"og:type\" content=\"article\" \/>\n<meta property=\"og:title\" content=\"GDPR f\u00f6r SHK S\u00f6dert\u00e4lje - Svenska Hundklubben - S\u00f6dert\u00e4lje\" \/>\n<meta property=\"og:description\" content=\"N\u00e4r du blir medlem hos Svenska Hundklubben S\u00f6dert\u00e4lje beh\u00f6ver vi samla in information om dig, s\u00e5som namn, telefonnummer, mejladress och personnummer. Detta g\u00f6r vi i syfte f\u00f6r att ha ett medlemsregister d\u00e4r vi kan ge ... L\u00e4s mer\" \/>\n<meta property=\"og:url\" content=\"https:\/\/svenskahundklubben.se\/sodertalje\/om-shk\/gdpr-for-shk-sodertalje\/\" \/>\n<meta property=\"og:site_name\" content=\"Svenska Hundklubben - S\u00f6dert\u00e4lje\" \/>\n<meta property=\"article:modified_time\" content=\"2021-07-02T06:47:39+00:00\" \/>\n<meta name=\"twitter:card\" content=\"summary_large_image\" \/>\n<meta name=\"twitter:label1\" content=\"Ber\u00e4knad l\u00e4stid\" \/>\n\t<meta name=\"twitter:data1\" content=\"1 minut\" \/>\n<script type=\"application\/ld+json\" class=\"yoast-schema-graph\">{\"@context\":\"https:\/\/schema.org\",\"@graph\":[{\"@type\":\"WebPage\",\"@id\":\"https:\/\/svenskahundklubben.se\/sodertalje\/om-shk\/gdpr-for-shk-sodertalje\/\",\"url\":\"https:\/\/svenskahundklubben.se\/sodertalje\/om-shk\/gdpr-for-shk-sodertalje\/\",\"name\":\"GDPR f\u00f6r SHK S\u00f6dert\u00e4lje - Svenska Hundklubben - S\u00f6dert\u00e4lje\",\"isPartOf\":{\"@id\":\"https:\/\/svenskahundklubben.se\/sodertalje\/#website\"},\"datePublished\":\"2019-12-26T09:27:18+00:00\",\"dateModified\":\"2021-07-02T06:47:39+00:00\",\"breadcrumb\":{\"@id\":\"https:\/\/svenskahundklubben.se\/sodertalje\/om-shk\/gdpr-for-shk-sodertalje\/#breadcrumb\"},\"inLanguage\":\"sv-SE\",\"potentialAction\":[{\"@type\":\"ReadAction\",\"target\":[\"https:\/\/svenskahundklubben.se\/sodertalje\/om-shk\/gdpr-for-shk-sodertalje\/\"]}]},{\"@type\":\"BreadcrumbList\",\"@id\":\"https:\/\/svenskahundklubben.se\/sodertalje\/om-shk\/gdpr-for-shk-sodertalje\/#breadcrumb\",\"itemListElement\":[{\"@type\":\"ListItem\",\"position\":1,\"name\":\"Hem\",\"item\":\"https:\/\/svenskahundklubben.se\/sodertalje\/\"},{\"@type\":\"ListItem\",\"position\":2,\"name\":\"Om Oss\",\"item\":\"https:\/\/svenskahundklubben.se\/sodertalje\/om-shk\/\"},{\"@type\":\"ListItem\",\"position\":3,\"name\":\"GDPR f\u00f6r SHK S\u00f6dert\u00e4lje\"}]},{\"@type\":\"WebSite\",\"@id\":\"https:\/\/svenskahundklubben.se\/sodertalje\/#website\",\"url\":\"https:\/\/svenskahundklubben.se\/sodertalje\/\",\"name\":\"Svenska Hundklubben - S\u00f6dert\u00e4lje\",\"description\":\"Svenska Hundklubben-webbplats\",\"publisher\":{\"@id\":\"https:\/\/svenskahundklubben.se\/sodertalje\/#organization\"},\"potentialAction\":[{\"@type\":\"SearchAction\",\"target\":{\"@type\":\"EntryPoint\",\"urlTemplate\":\"https:\/\/svenskahundklubben.se\/sodertalje\/?s={search_term_string}\"},\"query-input\":{\"@type\":\"PropertyValueSpecification\",\"valueRequired\":true,\"valueName\":\"search_term_string\"}}],\"inLanguage\":\"sv-SE\"},{\"@type\":\"Organization\",\"@id\":\"https:\/\/svenskahundklubben.se\/sodertalje\/#organization\",\"name\":\"Svenska Hundklubben - S\u00f6dert\u00e4lje\",\"url\":\"https:\/\/svenskahundklubben.se\/sodertalje\/\",\"logo\":{\"@type\":\"ImageObject\",\"inLanguage\":\"sv-SE\",\"@id\":\"https:\/\/svenskahundklubben.se\/sodertalje\/#\/schema\/logo\/image\/\",\"url\":\"https:\/\/svenskahundklubben.se\/sodertalje\/wp-content\/uploads\/sites\/4\/2019\/08\/SHK-S\u00d6DERT\u00c4LJE-HEADERLOGO.png\",\"contentUrl\":\"https:\/\/svenskahundklubben.se\/sodertalje\/wp-content\/uploads\/sites\/4\/2019\/08\/SHK-S\u00d6DERT\u00c4LJE-HEADERLOGO.png\",\"width\":1200,\"height\":300,\"caption\":\"Svenska Hundklubben - S\u00f6dert\u00e4lje\"},\"image\":{\"@id\":\"https:\/\/svenskahundklubben.se\/sodertalje\/#\/schema\/logo\/image\/\"}}]}<\/script>\n<!-- \/ Yoast SEO plugin. -->","yoast_head_json":{"title":"GDPR f\u00f6r SHK S\u00f6dert\u00e4lje - Svenska Hundklubben - S\u00f6dert\u00e4lje","robots":{"index":"index","follow":"follow","max-snippet":"max-snippet:-1","max-image-preview":"max-image-preview:large","max-video-preview":"max-video-preview:-1"},"canonical":"https:\/\/svenskahundklubben.se\/sodertalje\/om-shk\/gdpr-for-shk-sodertalje\/","og_locale":"sv_SE","og_type":"article","og_title":"GDPR f\u00f6r SHK S\u00f6dert\u00e4lje - Svenska Hundklubben - S\u00f6dert\u00e4lje","og_description":"N\u00e4r du blir medlem hos Svenska Hundklubben S\u00f6dert\u00e4lje beh\u00f6ver vi samla in information om dig, s\u00e5som namn, telefonnummer, mejladress och personnummer. Detta g\u00f6r vi i syfte f\u00f6r att ha ett medlemsregister d\u00e4r vi kan ge ... L\u00e4s mer","og_url":"https:\/\/svenskahundklubben.se\/sodertalje\/om-shk\/gdpr-for-shk-sodertalje\/","og_site_name":"Svenska Hundklubben - S\u00f6dert\u00e4lje","article_modified_time":"2021-07-02T06:47:39+00:00","twitter_card":"summary_large_image","twitter_misc":{"Ber\u00e4knad l\u00e4stid":"1 minut"},"schema":{"@context":"https:\/\/schema.org","@graph":[{"@type":"WebPage","@id":"https:\/\/svenskahundklubben.se\/sodertalje\/om-shk\/gdpr-for-shk-sodertalje\/","url":"https:\/\/svenskahundklubben.se\/sodertalje\/om-shk\/gdpr-for-shk-sodertalje\/","name":"GDPR f\u00f6r SHK S\u00f6dert\u00e4lje - Svenska Hundklubben - S\u00f6dert\u00e4lje","isPartOf":{"@id":"https:\/\/svenskahundklubben.se\/sodertalje\/#website"},"datePublished":"2019-12-26T09:27:18+00:00","dateModified":"2021-07-02T06:47:39+00:00","breadcrumb":{"@id":"https:\/\/svenskahundklubben.se\/sodertalje\/om-shk\/gdpr-for-shk-sodertalje\/#breadcrumb"},"inLanguage":"sv-SE","potentialAction":[{"@type":"ReadAction","target":["https:\/\/svenskahundklubben.se\/sodertalje\/om-shk\/gdpr-for-shk-sodertalje\/"]}]},{"@type":"BreadcrumbList","@id":"https:\/\/svenskahundklubben.se\/sodertalje\/om-shk\/gdpr-for-shk-sodertalje\/#breadcrumb","itemListElement":[{"@type":"ListItem","position":1,"name":"Hem","item":"https:\/\/svenskahundklubben.se\/sodertalje\/"},{"@type":"ListItem","position":2,"name":"Om Oss","item":"https:\/\/svenskahundklubben.se\/sodertalje\/om-shk\/"},{"@type":"ListItem","position":3,"name":"GDPR f\u00f6r SHK S\u00f6dert\u00e4lje"}]},{"@type":"WebSite","@id":"https:\/\/svenskahundklubben.se\/sodertalje\/#website","url":"https:\/\/svenskahundklubben.se\/sodertalje\/","name":"Svenska Hundklubben - S\u00f6dert\u00e4lje","description":"Svenska Hundklubben-webbplats","publisher":{"@id":"https:\/\/svenskahundklubben.se\/sodertalje\/#organization"},"potentialAction":[{"@type":"SearchAction","target":{"@type":"EntryPoint","urlTemplate":"https:\/\/svenskahundklubben.se\/sodertalje\/?s={search_term_string}"},"query-input":{"@type":"PropertyValueSpecification","valueRequired":true,"valueName":"search_term_string"}}],"inLanguage":"sv-SE"},{"@type":"Organization","@id":"https:\/\/svenskahundklubben.se\/sodertalje\/#organization","name":"Svenska Hundklubben - S\u00f6dert\u00e4lje","url":"https:\/\/svenskahundklubben.se\/sodertalje\/","logo":{"@type":"ImageObject","inLanguage":"sv-SE","@id":"https:\/\/svenskahundklubben.se\/sodertalje\/#\/schema\/logo\/image\/","url":"https:\/\/svenskahundklubben.se\/sodertalje\/wp-content\/uploads\/sites\/4\/2019\/08\/SHK-S\u00d6DERT\u00c4LJE-HEADERLOGO.png","contentUrl":"https:\/\/svenskahundklubben.se\/sodertalje\/wp-content\/uploads\/sites\/4\/2019\/08\/SHK-S\u00d6DERT\u00c4LJE-HEADERLOGO.png","width":1200,"height":300,"caption":"Svenska Hundklubben - S\u00f6dert\u00e4lje"},"image":{"@id":"https:\/\/svenskahundklubben.se\/sodertalje\/#\/schema\/logo\/image\/"}}]}},"ticketed":false,"_links":{"self":[{"href":"https:\/\/svenskahundklubben.se\/sodertalje\/wp-json\/wp\/v2\/pages\/2205"}],"collection":[{"href":"https:\/\/svenskahundklubben.se\/sodertalje\/wp-json\/wp\/v2\/pages"}],"about":[{"href":"https:\/\/svenskahundklubben.se\/sodertalje\/wp-json\/wp\/v2\/types\/page"}],"author":[{"embeddable":true,"href":"https:\/\/svenskahundklubben.se\/sodertalje\/wp-json\/wp\/v2\/users\/4"}],"replies":[{"embeddable":true,"href":"https:\/\/svenskahundklubben.se\/sodertalje\/wp-json\/wp\/v2\/comments?post=2205"}],"version-history":[{"count":5,"href":"https:\/\/svenskahundklubben.se\/sodertalje\/wp-json\/wp\/v2\/pages\/2205\/revisions"}],"predecessor-version":[{"id":5450,"href":"https:\/\/svenskahundklubben.se\/sodertalje\/wp-json\/wp\/v2\/pages\/2205\/revisions\/5450"}],"up":[{"embeddable":true,"href":"https:\/\/svenskahundklubben.se\/sodertalje\/wp-json\/wp\/v2\/pages\/48"}],"wp:attachment":[{"href":"https:\/\/svenskahundklubben.se\/sodertalje\/wp-json\/wp\/v2\/media?parent=2205"}],"curies":[{"name":"wp","href":"https:\/\/api.w.org\/{rel}","templated":true}]}}