{"id":2115,"date":"2019-12-04T14:43:04","date_gmt":"2019-12-04T13:43:04","guid":{"rendered":"https:\/\/svenskahundklubben.se\/sodertalje\/?page_id=2115"},"modified":"2020-01-12T17:43:21","modified_gmt":"2020-01-12T16:43:21","slug":"hitta-hit","status":"publish","type":"page","link":"https:\/\/svenskahundklubben.se\/sodertalje\/hitta-hit\/","title":{"rendered":"Hitta hit"},"content":{"rendered":"\t\t<div data-elementor-type=\"wp-page\" data-elementor-id=\"2115\" class=\"elementor elementor-2115\">\n\t\t\t\t\t\t<section class=\"elementor-section elementor-top-section elementor-element elementor-element-62a0c61 elementor-section-boxed elementor-section-height-default elementor-section-height-default\" data-id=\"62a0c61\" data-element_type=\"section\" data-e-type=\"section\">\n\t\t\t\t\t\t<div class=\"elementor-container elementor-column-gap-default\">\n\t\t\t\t\t<div class=\"elementor-column elementor-col-50 elementor-top-column elementor-element elementor-element-81b317d\" data-id=\"81b317d\" data-element_type=\"column\" data-e-type=\"column\">\n\t\t\t<div class=\"elementor-widget-wrap elementor-element-populated\">\n\t\t\t\t\t\t<div class=\"elementor-element elementor-element-1601cde elementor-widget elementor-widget-heading\" data-id=\"1601cde\" data-element_type=\"widget\" data-e-type=\"widget\" data-widget_type=\"heading.default\">\n\t\t\t\t<div class=\"elementor-widget-container\">\n\t\t\t\t\t<h3 class=\"elementor-heading-title elementor-size-large\">Hitta Hit<\/h3>\t\t\t\t<\/div>\n\t\t\t\t<\/div>\n\t\t\t\t<div class=\"elementor-element elementor-element-e06fc95 elementor-widget elementor-widget-text-editor\" data-id=\"e06fc95\" data-element_type=\"widget\" data-e-type=\"widget\" data-widget_type=\"text-editor.default\">\n\t\t\t\t<div class=\"elementor-widget-container\">\n\t\t\t\t\t\t\t\t\t<p>Klubben ligger bel\u00e4gen strax utanf\u00f6r S\u00f6dert\u00e4ljes stadsk\u00e4rna.<\/p><p>Omr\u00e5det som \u00e4r b\u00e5de stort och v\u00e4lsk\u00f6tt \u00e4r inh\u00e4gnat och omslutet av skog och mark vilket g\u00f6r det perfekt utg\u00e5ngspunkt \u00e4ven f\u00f6r skogspromenader.<\/p><p>Klubbstugan som ligger p\u00e5 omr\u00e5det \u00e4r fullt utrustad med k\u00f6k och faciliteter.<\/p>\t\t\t\t\t\t\t\t<\/div>\n\t\t\t\t<\/div>\n\t\t\t\t<div class=\"elementor-element elementor-element-ee78122 elementor-widget elementor-widget-google_maps\" data-id=\"ee78122\" data-element_type=\"widget\" data-e-type=\"widget\" data-widget_type=\"google_maps.default\">\n\t\t\t\t<div class=\"elementor-widget-container\">\n\t\t\t\t\t\t\t<div class=\"elementor-custom-embed\">\n\t\t\t<iframe loading=\"lazy\"\n\t\t\t\t\tsrc=\"https:\/\/maps.google.com\/maps?q=svenska%20hundklubben%20s%C3%B6dert%C3%A4lje&#038;t=m&#038;z=10&#038;output=embed&#038;iwloc=near\"\n\t\t\t\t\ttitle=\"svenska hundklubben s\u00f6dert\u00e4lje\"\n\t\t\t\t\taria-label=\"svenska hundklubben s\u00f6dert\u00e4lje\"\n\t\t\t><\/iframe>\n\t\t<\/div>\n\t\t\t\t\t\t<\/div>\n\t\t\t\t<\/div>\n\t\t\t\t\t<\/div>\n\t\t<\/div>\n\t\t\t\t<div class=\"elementor-column elementor-col-50 elementor-top-column elementor-element elementor-element-3b91a71\" data-id=\"3b91a71\" data-element_type=\"column\" data-e-type=\"column\">\n\t\t\t<div class=\"elementor-widget-wrap elementor-element-populated\">\n\t\t\t\t\t\t<div class=\"elementor-element elementor-element-b134a74 elementor-widget elementor-widget-image\" data-id=\"b134a74\" data-element_type=\"widget\" data-e-type=\"widget\" data-widget_type=\"image.default\">\n\t\t\t\t<div class=\"elementor-widget-container\">\n\t\t\t\t\t\t\t\t\t\t\t\t\t\t\t<img fetchpriority=\"high\" decoding=\"async\" width=\"825\" height=\"251\" src=\"https:\/\/svenskahundklubben.se\/sodertalje\/wp-content\/uploads\/sites\/4\/2019\/06\/SHK-bastmora-1024x311.jpg\" class=\"attachment-large size-large wp-image-114\" alt=\"\" srcset=\"https:\/\/svenskahundklubben.se\/sodertalje\/wp-content\/uploads\/sites\/4\/2019\/06\/SHK-bastmora-1024x311.jpg 1024w, https:\/\/svenskahundklubben.se\/sodertalje\/wp-content\/uploads\/sites\/4\/2019\/06\/SHK-bastmora-300x91.jpg 300w, https:\/\/svenskahundklubben.se\/sodertalje\/wp-content\/uploads\/sites\/4\/2019\/06\/SHK-bastmora-768x233.jpg 768w, https:\/\/svenskahundklubben.se\/sodertalje\/wp-content\/uploads\/sites\/4\/2019\/06\/SHK-bastmora.jpg 1100w\" sizes=\"(max-width: 825px) 100vw, 825px\" \/>\t\t\t\t\t\t\t\t\t\t\t\t\t\t\t<\/div>\n\t\t\t\t<\/div>\n\t\t\t\t<div class=\"elementor-element elementor-element-26ef713 elementor-widget elementor-widget-image\" data-id=\"26ef713\" data-element_type=\"widget\" data-e-type=\"widget\" data-widget_type=\"image.default\">\n\t\t\t\t<div class=\"elementor-widget-container\">\n\t\t\t\t\t\t\t\t\t\t\t\t\t\t\t<img decoding=\"async\" width=\"825\" height=\"619\" src=\"https:\/\/svenskahundklubben.se\/sodertalje\/wp-content\/uploads\/sites\/4\/2019\/08\/IMG_0505-1024x768.jpg\" class=\"attachment-large size-large wp-image-1313\" alt=\"\" srcset=\"https:\/\/svenskahundklubben.se\/sodertalje\/wp-content\/uploads\/sites\/4\/2019\/08\/IMG_0505-1024x768.jpg 1024w, https:\/\/svenskahundklubben.se\/sodertalje\/wp-content\/uploads\/sites\/4\/2019\/08\/IMG_0505-300x225.jpg 300w, https:\/\/svenskahundklubben.se\/sodertalje\/wp-content\/uploads\/sites\/4\/2019\/08\/IMG_0505-768x576.jpg 768w, https:\/\/svenskahundklubben.se\/sodertalje\/wp-content\/uploads\/sites\/4\/2019\/08\/IMG_0505.jpg 1280w\" sizes=\"(max-width: 825px) 100vw, 825px\" \/>\t\t\t\t\t\t\t\t\t\t\t\t\t\t\t<\/div>\n\t\t\t\t<\/div>\n\t\t\t\t\t<\/div>\n\t\t<\/div>\n\t\t\t\t\t<\/div>\n\t\t<\/section>\n\t\t\t\t<section class=\"elementor-section elementor-top-section elementor-element elementor-element-d037cd3 elementor-hidden-desktop elementor-hidden-tablet elementor-hidden-phone elementor-section-boxed elementor-section-height-default elementor-section-height-default\" data-id=\"d037cd3\" data-element_type=\"section\" data-e-type=\"section\">\n\t\t\t\t\t\t<div class=\"elementor-container elementor-column-gap-default\">\n\t\t\t\t\t<div class=\"elementor-column elementor-col-100 elementor-top-column elementor-element elementor-element-45587b28\" data-id=\"45587b28\" data-element_type=\"column\" data-e-type=\"column\">\n\t\t\t<div class=\"elementor-widget-wrap elementor-element-populated\">\n\t\t\t\t\t\t<div class=\"elementor-element elementor-element-5e8b9d07 elementor-widget elementor-widget-text-editor\" data-id=\"5e8b9d07\" data-element_type=\"widget\" data-e-type=\"widget\" data-widget_type=\"text-editor.default\">\n\t\t\t\t<div class=\"elementor-widget-container\">\n\t\t\t\t\t\t\t\t\t<img decoding=\"async\" class=\"alignnone wp-image-114\" src=\"https:\/\/svenskahundklubben.se\/sodertalje\/wp-content\/uploads\/sites\/4\/2019\/06\/SHK-bastmora-300x91.jpg\" alt=\"\" width=\"410\" height=\"150\" \/> <a href=\"https:\/\/www.google.com\/maps\/place\/Svenska+Hundklubben+S%C3%B6dert%C3%A4lje\/@59.253787,17.556662,10z\/data=!4m5!3m4!1s0x0:0xc427ea3b5ae990a0!8m2!3d59.253787!4d17.5566619?hl=sv-SE\"><img loading=\"lazy\" decoding=\"async\" class=\"alignnone size-medium wp-image-2116\" src=\"https:\/\/svenskahundklubben.se\/sodertalje\/wp-content\/uploads\/sites\/4\/2019\/12\/Karta-300x189.jpg\" alt=\"\" width=\"300\" height=\"189\" srcset=\"https:\/\/svenskahundklubben.se\/sodertalje\/wp-content\/uploads\/sites\/4\/2019\/12\/Karta-300x189.jpg 300w, https:\/\/svenskahundklubben.se\/sodertalje\/wp-content\/uploads\/sites\/4\/2019\/12\/Karta.jpg 605w\" sizes=\"(max-width: 300px) 100vw, 300px\" \/><\/a>\r\n<h4><strong>SHK S\u00f6dert\u00e4ljes kurs-, t\u00e4vlings- och provverksamhet\u00a0h\u00e5ller h\u00f6gsta kvalitet och \u00e4r\u00a0v\u00e4l k\u00e4nd \u00e4ven utanf\u00f6r S\u00f6dert\u00e4lje.<\/strong><\/h4>\t\t\t\t\t\t\t\t<\/div>\n\t\t\t\t<\/div>\n\t\t\t\t\t<\/div>\n\t\t<\/div>\n\t\t\t\t\t<\/div>\n\t\t<\/section>\n\t\t\t\t<\/div>\n\t\t","protected":false},"excerpt":{"rendered":"<p>Hitta Hit Klubben ligger bel\u00e4gen strax utanf\u00f6r S\u00f6dert\u00e4ljes stadsk\u00e4rna. Omr\u00e5det som \u00e4r b\u00e5de stort och v\u00e4lsk\u00f6tt \u00e4r inh\u00e4gnat och omslutet av skog och mark vilket g\u00f6r det perfekt utg\u00e5ngspunkt \u00e4ven f\u00f6r skogspromenader. Klubbstugan som ligger &#8230; <a title=\"Hitta hit\" class=\"read-more\" href=\"https:\/\/svenskahundklubben.se\/sodertalje\/hitta-hit\/\">L\u00e4s mer<\/a><\/p>\n","protected":false},"author":4,"featured_media":0,"parent":0,"menu_order":0,"comment_status":"closed","ping_status":"closed","template":"elementor_header_footer","meta":{"_price":"","_stock":"","_tribe_ticket_header":"","_tribe_default_ticket_provider":"","_tribe_ticket_capacity":"0","_ticket_start_date":"","_ticket_end_date":"","_tribe_ticket_show_description":"","_tribe_ticket_show_not_going":false,"_tribe_ticket_use_global_stock":"","_tribe_ticket_global_stock_level":"","_global_stock_mode":"","_global_stock_cap":"","_tribe_rsvp_for_event":"","_tribe_ticket_going_count":"","_tribe_ticket_not_going_count":"","_tribe_tickets_list":"[]","_tribe_ticket_has_attendee_info_fields":false,"footnotes":"","_tec_slr_enabled":"","_tec_slr_layout":"","_links_to":"","_links_to_target":""},"class_list":["post-2115","page","type-page","status-publish"],"yoast_head":"<!-- This site is optimized with the Yoast SEO plugin v25.6 - https:\/\/yoast.com\/wordpress\/plugins\/seo\/ -->\n<title>Hitta hit - Svenska Hundklubben - S\u00f6dert\u00e4lje<\/title>\n<meta name=\"robots\" content=\"index, follow, max-snippet:-1, max-image-preview:large, max-video-preview:-1\" \/>\n<link rel=\"canonical\" href=\"https:\/\/svenskahundklubben.se\/sodertalje\/hitta-hit\/\" \/>\n<meta property=\"og:locale\" content=\"sv_SE\" \/>\n<meta property=\"og:type\" content=\"article\" \/>\n<meta property=\"og:title\" content=\"Hitta hit - Svenska Hundklubben - S\u00f6dert\u00e4lje\" \/>\n<meta property=\"og:description\" content=\"Hitta Hit Klubben ligger bel\u00e4gen strax utanf\u00f6r S\u00f6dert\u00e4ljes stadsk\u00e4rna. Omr\u00e5det som \u00e4r b\u00e5de stort och v\u00e4lsk\u00f6tt \u00e4r inh\u00e4gnat och omslutet av skog och mark vilket g\u00f6r det perfekt utg\u00e5ngspunkt \u00e4ven f\u00f6r skogspromenader. Klubbstugan som ligger ... L\u00e4s mer\" \/>\n<meta property=\"og:url\" content=\"https:\/\/svenskahundklubben.se\/sodertalje\/hitta-hit\/\" \/>\n<meta property=\"og:site_name\" content=\"Svenska Hundklubben - S\u00f6dert\u00e4lje\" \/>\n<meta property=\"article:modified_time\" content=\"2020-01-12T16:43:21+00:00\" \/>\n<meta property=\"og:image\" content=\"https:\/\/svenskahundklubben.se\/sodertalje\/wp-content\/uploads\/sites\/4\/2019\/06\/SHK-bastmora-1024x311.jpg\" \/>\n<meta name=\"twitter:card\" content=\"summary_large_image\" \/>\n<script type=\"application\/ld+json\" class=\"yoast-schema-graph\">{\"@context\":\"https:\/\/schema.org\",\"@graph\":[{\"@type\":\"WebPage\",\"@id\":\"https:\/\/svenskahundklubben.se\/sodertalje\/hitta-hit\/\",\"url\":\"https:\/\/svenskahundklubben.se\/sodertalje\/hitta-hit\/\",\"name\":\"Hitta hit - Svenska Hundklubben - S\u00f6dert\u00e4lje\",\"isPartOf\":{\"@id\":\"https:\/\/svenskahundklubben.se\/sodertalje\/#website\"},\"primaryImageOfPage\":{\"@id\":\"https:\/\/svenskahundklubben.se\/sodertalje\/hitta-hit\/#primaryimage\"},\"image\":{\"@id\":\"https:\/\/svenskahundklubben.se\/sodertalje\/hitta-hit\/#primaryimage\"},\"thumbnailUrl\":\"https:\/\/svenskahundklubben.se\/sodertalje\/wp-content\/uploads\/sites\/4\/2019\/06\/SHK-bastmora-1024x311.jpg\",\"datePublished\":\"2019-12-04T13:43:04+00:00\",\"dateModified\":\"2020-01-12T16:43:21+00:00\",\"breadcrumb\":{\"@id\":\"https:\/\/svenskahundklubben.se\/sodertalje\/hitta-hit\/#breadcrumb\"},\"inLanguage\":\"sv-SE\",\"potentialAction\":[{\"@type\":\"ReadAction\",\"target\":[\"https:\/\/svenskahundklubben.se\/sodertalje\/hitta-hit\/\"]}]},{\"@type\":\"ImageObject\",\"inLanguage\":\"sv-SE\",\"@id\":\"https:\/\/svenskahundklubben.se\/sodertalje\/hitta-hit\/#primaryimage\",\"url\":\"https:\/\/svenskahundklubben.se\/sodertalje\/wp-content\/uploads\/sites\/4\/2019\/06\/SHK-bastmora.jpg\",\"contentUrl\":\"https:\/\/svenskahundklubben.se\/sodertalje\/wp-content\/uploads\/sites\/4\/2019\/06\/SHK-bastmora.jpg\",\"width\":1100,\"height\":334},{\"@type\":\"BreadcrumbList\",\"@id\":\"https:\/\/svenskahundklubben.se\/sodertalje\/hitta-hit\/#breadcrumb\",\"itemListElement\":[{\"@type\":\"ListItem\",\"position\":1,\"name\":\"Hem\",\"item\":\"https:\/\/svenskahundklubben.se\/sodertalje\/\"},{\"@type\":\"ListItem\",\"position\":2,\"name\":\"Hitta hit\"}]},{\"@type\":\"WebSite\",\"@id\":\"https:\/\/svenskahundklubben.se\/sodertalje\/#website\",\"url\":\"https:\/\/svenskahundklubben.se\/sodertalje\/\",\"name\":\"Svenska Hundklubben - S\u00f6dert\u00e4lje\",\"description\":\"Svenska Hundklubben-webbplats\",\"publisher\":{\"@id\":\"https:\/\/svenskahundklubben.se\/sodertalje\/#organization\"},\"potentialAction\":[{\"@type\":\"SearchAction\",\"target\":{\"@type\":\"EntryPoint\",\"urlTemplate\":\"https:\/\/svenskahundklubben.se\/sodertalje\/?s={search_term_string}\"},\"query-input\":{\"@type\":\"PropertyValueSpecification\",\"valueRequired\":true,\"valueName\":\"search_term_string\"}}],\"inLanguage\":\"sv-SE\"},{\"@type\":\"Organization\",\"@id\":\"https:\/\/svenskahundklubben.se\/sodertalje\/#organization\",\"name\":\"Svenska Hundklubben - S\u00f6dert\u00e4lje\",\"url\":\"https:\/\/svenskahundklubben.se\/sodertalje\/\",\"logo\":{\"@type\":\"ImageObject\",\"inLanguage\":\"sv-SE\",\"@id\":\"https:\/\/svenskahundklubben.se\/sodertalje\/#\/schema\/logo\/image\/\",\"url\":\"https:\/\/svenskahundklubben.se\/sodertalje\/wp-content\/uploads\/sites\/4\/2019\/08\/SHK-S\u00d6DERT\u00c4LJE-HEADERLOGO.png\",\"contentUrl\":\"https:\/\/svenskahundklubben.se\/sodertalje\/wp-content\/uploads\/sites\/4\/2019\/08\/SHK-S\u00d6DERT\u00c4LJE-HEADERLOGO.png\",\"width\":1200,\"height\":300,\"caption\":\"Svenska Hundklubben - S\u00f6dert\u00e4lje\"},\"image\":{\"@id\":\"https:\/\/svenskahundklubben.se\/sodertalje\/#\/schema\/logo\/image\/\"}}]}<\/script>\n<!-- \/ Yoast SEO plugin. -->","yoast_head_json":{"title":"Hitta hit - Svenska Hundklubben - S\u00f6dert\u00e4lje","robots":{"index":"index","follow":"follow","max-snippet":"max-snippet:-1","max-image-preview":"max-image-preview:large","max-video-preview":"max-video-preview:-1"},"canonical":"https:\/\/svenskahundklubben.se\/sodertalje\/hitta-hit\/","og_locale":"sv_SE","og_type":"article","og_title":"Hitta hit - Svenska Hundklubben - S\u00f6dert\u00e4lje","og_description":"Hitta Hit Klubben ligger bel\u00e4gen strax utanf\u00f6r S\u00f6dert\u00e4ljes stadsk\u00e4rna. Omr\u00e5det som \u00e4r b\u00e5de stort och v\u00e4lsk\u00f6tt \u00e4r inh\u00e4gnat och omslutet av skog och mark vilket g\u00f6r det perfekt utg\u00e5ngspunkt \u00e4ven f\u00f6r skogspromenader. Klubbstugan som ligger ... L\u00e4s mer","og_url":"https:\/\/svenskahundklubben.se\/sodertalje\/hitta-hit\/","og_site_name":"Svenska Hundklubben - S\u00f6dert\u00e4lje","article_modified_time":"2020-01-12T16:43:21+00:00","og_image":[{"url":"https:\/\/svenskahundklubben.se\/sodertalje\/wp-content\/uploads\/sites\/4\/2019\/06\/SHK-bastmora-1024x311.jpg","type":"","width":"","height":""}],"twitter_card":"summary_large_image","schema":{"@context":"https:\/\/schema.org","@graph":[{"@type":"WebPage","@id":"https:\/\/svenskahundklubben.se\/sodertalje\/hitta-hit\/","url":"https:\/\/svenskahundklubben.se\/sodertalje\/hitta-hit\/","name":"Hitta hit - Svenska Hundklubben - S\u00f6dert\u00e4lje","isPartOf":{"@id":"https:\/\/svenskahundklubben.se\/sodertalje\/#website"},"primaryImageOfPage":{"@id":"https:\/\/svenskahundklubben.se\/sodertalje\/hitta-hit\/#primaryimage"},"image":{"@id":"https:\/\/svenskahundklubben.se\/sodertalje\/hitta-hit\/#primaryimage"},"thumbnailUrl":"https:\/\/svenskahundklubben.se\/sodertalje\/wp-content\/uploads\/sites\/4\/2019\/06\/SHK-bastmora-1024x311.jpg","datePublished":"2019-12-04T13:43:04+00:00","dateModified":"2020-01-12T16:43:21+00:00","breadcrumb":{"@id":"https:\/\/svenskahundklubben.se\/sodertalje\/hitta-hit\/#breadcrumb"},"inLanguage":"sv-SE","potentialAction":[{"@type":"ReadAction","target":["https:\/\/svenskahundklubben.se\/sodertalje\/hitta-hit\/"]}]},{"@type":"ImageObject","inLanguage":"sv-SE","@id":"https:\/\/svenskahundklubben.se\/sodertalje\/hitta-hit\/#primaryimage","url":"https:\/\/svenskahundklubben.se\/sodertalje\/wp-content\/uploads\/sites\/4\/2019\/06\/SHK-bastmora.jpg","contentUrl":"https:\/\/svenskahundklubben.se\/sodertalje\/wp-content\/uploads\/sites\/4\/2019\/06\/SHK-bastmora.jpg","width":1100,"height":334},{"@type":"BreadcrumbList","@id":"https:\/\/svenskahundklubben.se\/sodertalje\/hitta-hit\/#breadcrumb","itemListElement":[{"@type":"ListItem","position":1,"name":"Hem","item":"https:\/\/svenskahundklubben.se\/sodertalje\/"},{"@type":"ListItem","position":2,"name":"Hitta hit"}]},{"@type":"WebSite","@id":"https:\/\/svenskahundklubben.se\/sodertalje\/#website","url":"https:\/\/svenskahundklubben.se\/sodertalje\/","name":"Svenska Hundklubben - S\u00f6dert\u00e4lje","description":"Svenska Hundklubben-webbplats","publisher":{"@id":"https:\/\/svenskahundklubben.se\/sodertalje\/#organization"},"potentialAction":[{"@type":"SearchAction","target":{"@type":"EntryPoint","urlTemplate":"https:\/\/svenskahundklubben.se\/sodertalje\/?s={search_term_string}"},"query-input":{"@type":"PropertyValueSpecification","valueRequired":true,"valueName":"search_term_string"}}],"inLanguage":"sv-SE"},{"@type":"Organization","@id":"https:\/\/svenskahundklubben.se\/sodertalje\/#organization","name":"Svenska Hundklubben - S\u00f6dert\u00e4lje","url":"https:\/\/svenskahundklubben.se\/sodertalje\/","logo":{"@type":"ImageObject","inLanguage":"sv-SE","@id":"https:\/\/svenskahundklubben.se\/sodertalje\/#\/schema\/logo\/image\/","url":"https:\/\/svenskahundklubben.se\/sodertalje\/wp-content\/uploads\/sites\/4\/2019\/08\/SHK-S\u00d6DERT\u00c4LJE-HEADERLOGO.png","contentUrl":"https:\/\/svenskahundklubben.se\/sodertalje\/wp-content\/uploads\/sites\/4\/2019\/08\/SHK-S\u00d6DERT\u00c4LJE-HEADERLOGO.png","width":1200,"height":300,"caption":"Svenska Hundklubben - S\u00f6dert\u00e4lje"},"image":{"@id":"https:\/\/svenskahundklubben.se\/sodertalje\/#\/schema\/logo\/image\/"}}]}},"ticketed":false,"_links":{"self":[{"href":"https:\/\/svenskahundklubben.se\/sodertalje\/wp-json\/wp\/v2\/pages\/2115"}],"collection":[{"href":"https:\/\/svenskahundklubben.se\/sodertalje\/wp-json\/wp\/v2\/pages"}],"about":[{"href":"https:\/\/svenskahundklubben.se\/sodertalje\/wp-json\/wp\/v2\/types\/page"}],"author":[{"embeddable":true,"href":"https:\/\/svenskahundklubben.se\/sodertalje\/wp-json\/wp\/v2\/users\/4"}],"replies":[{"embeddable":true,"href":"https:\/\/svenskahundklubben.se\/sodertalje\/wp-json\/wp\/v2\/comments?post=2115"}],"version-history":[{"count":6,"href":"https:\/\/svenskahundklubben.se\/sodertalje\/wp-json\/wp\/v2\/pages\/2115\/revisions"}],"predecessor-version":[{"id":2749,"href":"https:\/\/svenskahundklubben.se\/sodertalje\/wp-json\/wp\/v2\/pages\/2115\/revisions\/2749"}],"wp:attachment":[{"href":"https:\/\/svenskahundklubben.se\/sodertalje\/wp-json\/wp\/v2\/media?parent=2115"}],"curies":[{"name":"wp","href":"https:\/\/api.w.org\/{rel}","templated":true}]}}