{"id":1471,"date":"2019-08-23T23:57:22","date_gmt":"2019-08-23T21:57:22","guid":{"rendered":"https:\/\/svenskahundklubben.se\/sodertalje\/?page_id=1471"},"modified":"2025-08-08T06:49:43","modified_gmt":"2025-08-08T04:49:43","slug":"bli-medlem-i-sodertalje","status":"publish","type":"page","link":"https:\/\/svenskahundklubben.se\/sodertalje\/bli-medlem-i-sodertalje\/","title":{"rendered":"Bli medlem i S\u00f6dert\u00e4lje"},"content":{"rendered":"\t\t<div data-elementor-type=\"wp-post\" data-elementor-id=\"1471\" class=\"elementor elementor-1471\">\n\t\t\t\t\t\t<section class=\"elementor-section elementor-top-section elementor-element elementor-element-655b1389 elementor-section-boxed elementor-section-height-default elementor-section-height-default\" data-id=\"655b1389\" data-element_type=\"section\" data-e-type=\"section\">\n\t\t\t\t\t\t<div class=\"elementor-container elementor-column-gap-default\">\n\t\t\t\t\t<div class=\"elementor-column elementor-col-100 elementor-top-column elementor-element elementor-element-3fa11238\" data-id=\"3fa11238\" data-element_type=\"column\" data-e-type=\"column\">\n\t\t\t<div class=\"elementor-widget-wrap elementor-element-populated\">\n\t\t\t\t\t\t<div class=\"elementor-element elementor-element-27adca4f elementor-widget elementor-widget-text-editor\" data-id=\"27adca4f\" data-element_type=\"widget\" data-e-type=\"widget\" data-widget_type=\"text-editor.default\">\n\t\t\t\t<div class=\"elementor-widget-container\">\n\t\t\t\t\t\t\t\t\t<p><b>Hej hund\u00e4gare<\/b><\/p>\n<p><b>Kul att du vill bli medlem i Svenska Hundklubben&nbsp;S\u00f6dert\u00e4lje<\/b><\/p>\n<p>&nbsp;F\u00f6r 375 kr per \u00e5r f\u00e5r du tillg\u00e5ng till hela v\u00e5rt utbud och v\u00e5rt inh\u00e4gnade omr\u00e5de f\u00f6r tr\u00e4ning, lek och samvaro. Familjemedlemmar och ungdomar under 18 \u00e5r betalar bara 225.<\/p>\n<p>F\u00f6r att registrera dig som medlem <strong><a href=\"https:\/\/svenskahundklubben.se\/medlem\/\">klickar du h\u00e4r<\/a><\/strong>&nbsp;och v\u00e4ljer du vilken lokalklubb du vill tillh\u00f6ra och fyller i dina uppgifter.<\/p>\n<p>Dina uppgifter l\u00e4ggs in i klubbens medlemsregister Myclub.se. D\u00e4r kan du sedan logga in f\u00f6r att se dina fakturor, ditt medlemskort, \u00e4ndra din mejladress\/mobilnummer etc. Spara dina inloggningsuppgifter.<\/p>\n<p>Du kommer \u00e5rsvis f\u00e5 en faktura p\u00e5 medlemsavgiften fr\u00e5n och med det datum du blev medlem. Den skickas till den angivna mejladressen.&nbsp;Vill du inte l\u00e4ngre vara medlem s\u00e5 meddelar du klubben det eller l\u00e5ter bli att betala fakturan.&nbsp;&nbsp;&nbsp;<\/p>\n<p>V\u00e5r klubbstuga ligger i Bastmora utanf\u00f6r Enh\u00f6rna och du hittar dit genom att klicka p\u00e5 kartan som du hittar under fliken hem. F\u00f6r att f\u00e5 koden till lilla grinden mejlar du till <strong><a title=\"mailto:kontakt.sodertalje@svenskahundklubben.se\" href=\"mailto:kontakt.sodertalje@svenskahundklubben.se\">kontakt.sodertalje@svenskahundklubben.se<\/a>&nbsp;<\/strong><\/p>\n<p>Hj\u00e4rtligt V\u00e4lkommen!<br><\/p>\n<p><\/p>\t\t\t\t\t\t\t\t<\/div>\n\t\t\t\t<\/div>\n\t\t\t\t\t<\/div>\n\t\t<\/div>\n\t\t\t\t\t<\/div>\n\t\t<\/section>\n\t\t\t\t<\/div>\n\t\t","protected":false},"excerpt":{"rendered":"<p>Hej hund\u00e4gare Kul att du vill bli medlem i Svenska Hundklubben&nbsp;S\u00f6dert\u00e4lje &nbsp;F\u00f6r 375 kr per \u00e5r f\u00e5r du tillg\u00e5ng till hela v\u00e5rt utbud och v\u00e5rt inh\u00e4gnade omr\u00e5de f\u00f6r tr\u00e4ning, lek och samvaro. Familjemedlemmar och ungdomar &#8230; <a title=\"Bli medlem i S\u00f6dert\u00e4lje\" class=\"read-more\" href=\"https:\/\/svenskahundklubben.se\/sodertalje\/bli-medlem-i-sodertalje\/\">L\u00e4s mer<\/a><\/p>\n","protected":false},"author":4,"featured_media":0,"parent":0,"menu_order":0,"comment_status":"closed","ping_status":"closed","template":"","meta":{"_price":"","_stock":"","_tribe_ticket_header":"","_tribe_default_ticket_provider":"","_tribe_ticket_capacity":"0","_ticket_start_date":"","_ticket_end_date":"","_tribe_ticket_show_description":"","_tribe_ticket_show_not_going":false,"_tribe_ticket_use_global_stock":"","_tribe_ticket_global_stock_level":"","_global_stock_mode":"","_global_stock_cap":"","_tribe_rsvp_for_event":"","_tribe_ticket_going_count":"","_tribe_ticket_not_going_count":"","_tribe_tickets_list":"[]","_tribe_ticket_has_attendee_info_fields":false,"footnotes":"","_tec_slr_enabled":"","_tec_slr_layout":"","_links_to":"","_links_to_target":""},"class_list":["post-1471","page","type-page","status-publish"],"yoast_head":"<!-- This site is optimized with the Yoast SEO plugin v25.6 - https:\/\/yoast.com\/wordpress\/plugins\/seo\/ -->\n<title>Bli medlem i S\u00f6dert\u00e4lje - Svenska Hundklubben - S\u00f6dert\u00e4lje<\/title>\n<meta name=\"robots\" content=\"index, follow, max-snippet:-1, max-image-preview:large, max-video-preview:-1\" \/>\n<link rel=\"canonical\" href=\"https:\/\/svenskahundklubben.se\/sodertalje\/bli-medlem-i-sodertalje\/\" \/>\n<meta property=\"og:locale\" content=\"sv_SE\" \/>\n<meta property=\"og:type\" content=\"article\" \/>\n<meta property=\"og:title\" content=\"Bli medlem i S\u00f6dert\u00e4lje - Svenska Hundklubben - S\u00f6dert\u00e4lje\" \/>\n<meta property=\"og:description\" content=\"Hej hund\u00e4gare Kul att du vill bli medlem i Svenska Hundklubben&nbsp;S\u00f6dert\u00e4lje &nbsp;F\u00f6r 375 kr per \u00e5r f\u00e5r du tillg\u00e5ng till hela v\u00e5rt utbud och v\u00e5rt inh\u00e4gnade omr\u00e5de f\u00f6r tr\u00e4ning, lek och samvaro. Familjemedlemmar och ungdomar ... L\u00e4s mer\" \/>\n<meta property=\"og:url\" content=\"https:\/\/svenskahundklubben.se\/sodertalje\/bli-medlem-i-sodertalje\/\" \/>\n<meta property=\"og:site_name\" content=\"Svenska Hundklubben - S\u00f6dert\u00e4lje\" \/>\n<meta property=\"article:modified_time\" content=\"2025-08-08T04:49:43+00:00\" \/>\n<meta name=\"twitter:card\" content=\"summary_large_image\" \/>\n<meta name=\"twitter:label1\" content=\"Ber\u00e4knad l\u00e4stid\" \/>\n\t<meta name=\"twitter:data1\" content=\"1 minut\" \/>\n<script type=\"application\/ld+json\" class=\"yoast-schema-graph\">{\"@context\":\"https:\/\/schema.org\",\"@graph\":[{\"@type\":\"WebPage\",\"@id\":\"https:\/\/svenskahundklubben.se\/sodertalje\/bli-medlem-i-sodertalje\/\",\"url\":\"https:\/\/svenskahundklubben.se\/sodertalje\/bli-medlem-i-sodertalje\/\",\"name\":\"Bli medlem i S\u00f6dert\u00e4lje - Svenska Hundklubben - S\u00f6dert\u00e4lje\",\"isPartOf\":{\"@id\":\"https:\/\/svenskahundklubben.se\/sodertalje\/#website\"},\"datePublished\":\"2019-08-23T21:57:22+00:00\",\"dateModified\":\"2025-08-08T04:49:43+00:00\",\"breadcrumb\":{\"@id\":\"https:\/\/svenskahundklubben.se\/sodertalje\/bli-medlem-i-sodertalje\/#breadcrumb\"},\"inLanguage\":\"sv-SE\",\"potentialAction\":[{\"@type\":\"ReadAction\",\"target\":[\"https:\/\/svenskahundklubben.se\/sodertalje\/bli-medlem-i-sodertalje\/\"]}]},{\"@type\":\"BreadcrumbList\",\"@id\":\"https:\/\/svenskahundklubben.se\/sodertalje\/bli-medlem-i-sodertalje\/#breadcrumb\",\"itemListElement\":[{\"@type\":\"ListItem\",\"position\":1,\"name\":\"Hem\",\"item\":\"https:\/\/svenskahundklubben.se\/sodertalje\/\"},{\"@type\":\"ListItem\",\"position\":2,\"name\":\"Bli medlem i S\u00f6dert\u00e4lje\"}]},{\"@type\":\"WebSite\",\"@id\":\"https:\/\/svenskahundklubben.se\/sodertalje\/#website\",\"url\":\"https:\/\/svenskahundklubben.se\/sodertalje\/\",\"name\":\"Svenska Hundklubben - S\u00f6dert\u00e4lje\",\"description\":\"Svenska Hundklubben-webbplats\",\"publisher\":{\"@id\":\"https:\/\/svenskahundklubben.se\/sodertalje\/#organization\"},\"potentialAction\":[{\"@type\":\"SearchAction\",\"target\":{\"@type\":\"EntryPoint\",\"urlTemplate\":\"https:\/\/svenskahundklubben.se\/sodertalje\/?s={search_term_string}\"},\"query-input\":{\"@type\":\"PropertyValueSpecification\",\"valueRequired\":true,\"valueName\":\"search_term_string\"}}],\"inLanguage\":\"sv-SE\"},{\"@type\":\"Organization\",\"@id\":\"https:\/\/svenskahundklubben.se\/sodertalje\/#organization\",\"name\":\"Svenska Hundklubben - S\u00f6dert\u00e4lje\",\"url\":\"https:\/\/svenskahundklubben.se\/sodertalje\/\",\"logo\":{\"@type\":\"ImageObject\",\"inLanguage\":\"sv-SE\",\"@id\":\"https:\/\/svenskahundklubben.se\/sodertalje\/#\/schema\/logo\/image\/\",\"url\":\"https:\/\/svenskahundklubben.se\/sodertalje\/wp-content\/uploads\/sites\/4\/2019\/08\/SHK-S\u00d6DERT\u00c4LJE-HEADERLOGO.png\",\"contentUrl\":\"https:\/\/svenskahundklubben.se\/sodertalje\/wp-content\/uploads\/sites\/4\/2019\/08\/SHK-S\u00d6DERT\u00c4LJE-HEADERLOGO.png\",\"width\":1200,\"height\":300,\"caption\":\"Svenska Hundklubben - S\u00f6dert\u00e4lje\"},\"image\":{\"@id\":\"https:\/\/svenskahundklubben.se\/sodertalje\/#\/schema\/logo\/image\/\"}}]}<\/script>\n<!-- \/ Yoast SEO plugin. -->","yoast_head_json":{"title":"Bli medlem i S\u00f6dert\u00e4lje - Svenska Hundklubben - S\u00f6dert\u00e4lje","robots":{"index":"index","follow":"follow","max-snippet":"max-snippet:-1","max-image-preview":"max-image-preview:large","max-video-preview":"max-video-preview:-1"},"canonical":"https:\/\/svenskahundklubben.se\/sodertalje\/bli-medlem-i-sodertalje\/","og_locale":"sv_SE","og_type":"article","og_title":"Bli medlem i S\u00f6dert\u00e4lje - Svenska Hundklubben - S\u00f6dert\u00e4lje","og_description":"Hej hund\u00e4gare Kul att du vill bli medlem i Svenska Hundklubben&nbsp;S\u00f6dert\u00e4lje &nbsp;F\u00f6r 375 kr per \u00e5r f\u00e5r du tillg\u00e5ng till hela v\u00e5rt utbud och v\u00e5rt inh\u00e4gnade omr\u00e5de f\u00f6r tr\u00e4ning, lek och samvaro. Familjemedlemmar och ungdomar ... L\u00e4s mer","og_url":"https:\/\/svenskahundklubben.se\/sodertalje\/bli-medlem-i-sodertalje\/","og_site_name":"Svenska Hundklubben - S\u00f6dert\u00e4lje","article_modified_time":"2025-08-08T04:49:43+00:00","twitter_card":"summary_large_image","twitter_misc":{"Ber\u00e4knad l\u00e4stid":"1 minut"},"schema":{"@context":"https:\/\/schema.org","@graph":[{"@type":"WebPage","@id":"https:\/\/svenskahundklubben.se\/sodertalje\/bli-medlem-i-sodertalje\/","url":"https:\/\/svenskahundklubben.se\/sodertalje\/bli-medlem-i-sodertalje\/","name":"Bli medlem i S\u00f6dert\u00e4lje - Svenska Hundklubben - S\u00f6dert\u00e4lje","isPartOf":{"@id":"https:\/\/svenskahundklubben.se\/sodertalje\/#website"},"datePublished":"2019-08-23T21:57:22+00:00","dateModified":"2025-08-08T04:49:43+00:00","breadcrumb":{"@id":"https:\/\/svenskahundklubben.se\/sodertalje\/bli-medlem-i-sodertalje\/#breadcrumb"},"inLanguage":"sv-SE","potentialAction":[{"@type":"ReadAction","target":["https:\/\/svenskahundklubben.se\/sodertalje\/bli-medlem-i-sodertalje\/"]}]},{"@type":"BreadcrumbList","@id":"https:\/\/svenskahundklubben.se\/sodertalje\/bli-medlem-i-sodertalje\/#breadcrumb","itemListElement":[{"@type":"ListItem","position":1,"name":"Hem","item":"https:\/\/svenskahundklubben.se\/sodertalje\/"},{"@type":"ListItem","position":2,"name":"Bli medlem i S\u00f6dert\u00e4lje"}]},{"@type":"WebSite","@id":"https:\/\/svenskahundklubben.se\/sodertalje\/#website","url":"https:\/\/svenskahundklubben.se\/sodertalje\/","name":"Svenska Hundklubben - S\u00f6dert\u00e4lje","description":"Svenska Hundklubben-webbplats","publisher":{"@id":"https:\/\/svenskahundklubben.se\/sodertalje\/#organization"},"potentialAction":[{"@type":"SearchAction","target":{"@type":"EntryPoint","urlTemplate":"https:\/\/svenskahundklubben.se\/sodertalje\/?s={search_term_string}"},"query-input":{"@type":"PropertyValueSpecification","valueRequired":true,"valueName":"search_term_string"}}],"inLanguage":"sv-SE"},{"@type":"Organization","@id":"https:\/\/svenskahundklubben.se\/sodertalje\/#organization","name":"Svenska Hundklubben - S\u00f6dert\u00e4lje","url":"https:\/\/svenskahundklubben.se\/sodertalje\/","logo":{"@type":"ImageObject","inLanguage":"sv-SE","@id":"https:\/\/svenskahundklubben.se\/sodertalje\/#\/schema\/logo\/image\/","url":"https:\/\/svenskahundklubben.se\/sodertalje\/wp-content\/uploads\/sites\/4\/2019\/08\/SHK-S\u00d6DERT\u00c4LJE-HEADERLOGO.png","contentUrl":"https:\/\/svenskahundklubben.se\/sodertalje\/wp-content\/uploads\/sites\/4\/2019\/08\/SHK-S\u00d6DERT\u00c4LJE-HEADERLOGO.png","width":1200,"height":300,"caption":"Svenska Hundklubben - S\u00f6dert\u00e4lje"},"image":{"@id":"https:\/\/svenskahundklubben.se\/sodertalje\/#\/schema\/logo\/image\/"}}]}},"ticketed":false,"_links":{"self":[{"href":"https:\/\/svenskahundklubben.se\/sodertalje\/wp-json\/wp\/v2\/pages\/1471"}],"collection":[{"href":"https:\/\/svenskahundklubben.se\/sodertalje\/wp-json\/wp\/v2\/pages"}],"about":[{"href":"https:\/\/svenskahundklubben.se\/sodertalje\/wp-json\/wp\/v2\/types\/page"}],"author":[{"embeddable":true,"href":"https:\/\/svenskahundklubben.se\/sodertalje\/wp-json\/wp\/v2\/users\/4"}],"replies":[{"embeddable":true,"href":"https:\/\/svenskahundklubben.se\/sodertalje\/wp-json\/wp\/v2\/comments?post=1471"}],"version-history":[{"count":48,"href":"https:\/\/svenskahundklubben.se\/sodertalje\/wp-json\/wp\/v2\/pages\/1471\/revisions"}],"predecessor-version":[{"id":10697,"href":"https:\/\/svenskahundklubben.se\/sodertalje\/wp-json\/wp\/v2\/pages\/1471\/revisions\/10697"}],"wp:attachment":[{"href":"https:\/\/svenskahundklubben.se\/sodertalje\/wp-json\/wp\/v2\/media?parent=1471"}],"curies":[{"name":"wp","href":"https:\/\/api.w.org\/{rel}","templated":true}]}}