{"id":1089,"date":"2019-07-26T08:40:25","date_gmt":"2019-07-26T06:40:25","guid":{"rendered":"https:\/\/svenskahundklubben.se\/sodertalje\/?page_id=1089"},"modified":"2019-07-26T10:44:54","modified_gmt":"2019-07-26T08:44:54","slug":"hem-test","status":"publish","type":"page","link":"https:\/\/svenskahundklubben.se\/sodertalje\/hem-test\/","title":{"rendered":"Hem-test"},"content":{"rendered":"\t\t<div data-elementor-type=\"wp-post\" data-elementor-id=\"1089\" class=\"elementor elementor-1089\">\n\t\t\t\t\t\t<section class=\"elementor-section elementor-top-section elementor-element elementor-element-8622f31 elementor-section-boxed elementor-section-height-default elementor-section-height-default\" data-id=\"8622f31\" data-element_type=\"section\" data-e-type=\"section\">\n\t\t\t\t\t\t<div class=\"elementor-container elementor-column-gap-default\">\n\t\t\t\t\t<div class=\"elementor-column elementor-col-100 elementor-top-column elementor-element elementor-element-ed628ef\" data-id=\"ed628ef\" data-element_type=\"column\" data-e-type=\"column\">\n\t\t\t<div class=\"elementor-widget-wrap elementor-element-populated\">\n\t\t\t\t\t\t<div class=\"elementor-element elementor-element-50218c7 elementor-widget elementor-widget-image\" data-id=\"50218c7\" data-element_type=\"widget\" data-e-type=\"widget\" data-widget_type=\"image.default\">\n\t\t\t\t<div class=\"elementor-widget-container\">\n\t\t\t\t\t\t\t\t\t\t\t\t\t\t\t<img fetchpriority=\"high\" decoding=\"async\" width=\"1100\" height=\"334\" src=\"https:\/\/svenskahundklubben.se\/sodertalje\/wp-content\/uploads\/sites\/4\/2019\/06\/SHK-bastmora.jpg\" class=\"attachment-full size-full wp-image-114\" alt=\"\" srcset=\"https:\/\/svenskahundklubben.se\/sodertalje\/wp-content\/uploads\/sites\/4\/2019\/06\/SHK-bastmora.jpg 1100w, https:\/\/svenskahundklubben.se\/sodertalje\/wp-content\/uploads\/sites\/4\/2019\/06\/SHK-bastmora-300x91.jpg 300w, https:\/\/svenskahundklubben.se\/sodertalje\/wp-content\/uploads\/sites\/4\/2019\/06\/SHK-bastmora-768x233.jpg 768w, https:\/\/svenskahundklubben.se\/sodertalje\/wp-content\/uploads\/sites\/4\/2019\/06\/SHK-bastmora-1024x311.jpg 1024w\" sizes=\"(max-width: 1100px) 100vw, 1100px\" \/>\t\t\t\t\t\t\t\t\t\t\t\t\t\t\t<\/div>\n\t\t\t\t<\/div>\n\t\t\t\t\t<\/div>\n\t\t<\/div>\n\t\t\t\t\t<\/div>\n\t\t<\/section>\n\t\t\t\t<section class=\"elementor-section elementor-top-section elementor-element elementor-element-b443292 elementor-section-boxed elementor-section-height-default elementor-section-height-default\" data-id=\"b443292\" data-element_type=\"section\" data-e-type=\"section\">\n\t\t\t\t\t\t<div class=\"elementor-container elementor-column-gap-default\">\n\t\t\t\t\t<div class=\"elementor-column elementor-col-66 elementor-top-column elementor-element elementor-element-dfdf557\" data-id=\"dfdf557\" data-element_type=\"column\" data-e-type=\"column\">\n\t\t\t<div class=\"elementor-widget-wrap elementor-element-populated\">\n\t\t\t\t\t\t<div class=\"elementor-element elementor-element-9011c1f elementor-widget elementor-widget-text-editor\" data-id=\"9011c1f\" data-element_type=\"widget\" data-e-type=\"widget\" data-widget_type=\"text-editor.default\">\n\t\t\t\t<div class=\"elementor-widget-container\">\n\t\t\t\t\t\t\t\t\t<p>Svenska Hundklubben S\u00f6dert\u00e4lje s\u00e4tter hunden i centrum, precis som v\u00e5r huvudklubb Svenska Hundklubben.<\/p><p>Allt arbete sker p\u00e5 ideell basis.<\/p><ul><li>G\u00e5 en hundkurs hos osseller g\u00f6r ett hundtest, ett prov i personsp\u00e5r eller persons\u00f6k!\u00a0<\/li><li>Vi arrangerar ocks\u00e5 lydnadst\u00e4vlingar och utst\u00e4llningar!<\/li><\/ul><p>Som medlem hos oss \u00e4r du alltid v\u00e4lkommen att tr\u00e4na p\u00e5 v\u00e5rt fina omr\u00e5de i Bastmora, S\u00f6dert\u00e4lje.<br \/>&#8211; Kontakta din instrukt\u00f6r f\u00f6r kod:\u00a0Vi har kodl\u00e5s p\u00e5 grindarna f\u00f6r att inte obeh\u00f6riga ska f\u00e5 tilltr\u00e4de till omr\u00e5det.\u00a0<\/p><p>Vi finns vid Enh\u00f6rnaleden, strax intill Bastmora fritidsomr\u00e5de. H\u00e4r har vi v\u00e5rt fina klubbhus och v\u00e5rt stora \u00f6vningsomr\u00e5de.<\/p><p><strong>V\u00e4lkommen till Svenska Hundklubben S\u00f6dert\u00e4lje!<\/strong><\/p>\t\t\t\t\t\t\t\t<\/div>\n\t\t\t\t<\/div>\n\t\t\t\t\t<\/div>\n\t\t<\/div>\n\t\t\t\t<div class=\"elementor-column elementor-col-33 elementor-top-column elementor-element elementor-element-a995976\" data-id=\"a995976\" data-element_type=\"column\" data-e-type=\"column\">\n\t\t\t<div class=\"elementor-widget-wrap elementor-element-populated\">\n\t\t\t\t\t\t<div class=\"elementor-element elementor-element-f88a198 elementor-widget elementor-widget-google_maps\" data-id=\"f88a198\" data-element_type=\"widget\" data-e-type=\"widget\" data-widget_type=\"google_maps.default\">\n\t\t\t\t<div class=\"elementor-widget-container\">\n\t\t\t\t\t\t\t<div class=\"elementor-custom-embed\">\n\t\t\t<iframe loading=\"lazy\"\n\t\t\t\t\tsrc=\"https:\/\/maps.google.com\/maps?q=Svenska%20Hundklubben%20S%C3%B6dert%C3%A4lje&#038;t=m&#038;z=10&#038;output=embed&#038;iwloc=near\"\n\t\t\t\t\ttitle=\"Svenska Hundklubben S\u00f6dert\u00e4lje\"\n\t\t\t\t\taria-label=\"Svenska Hundklubben S\u00f6dert\u00e4lje\"\n\t\t\t><\/iframe>\n\t\t<\/div>\n\t\t\t\t\t\t<\/div>\n\t\t\t\t<\/div>\n\t\t\t\t\t<\/div>\n\t\t<\/div>\n\t\t\t\t\t<\/div>\n\t\t<\/section>\n\t\t\t\t<section class=\"elementor-section elementor-top-section elementor-element elementor-element-350366b elementor-section-boxed elementor-section-height-default elementor-section-height-default\" data-id=\"350366b\" data-element_type=\"section\" data-e-type=\"section\">\n\t\t\t\t\t\t<div class=\"elementor-container elementor-column-gap-default\">\n\t\t\t\t\t<div class=\"elementor-column elementor-col-50 elementor-top-column elementor-element elementor-element-7dcc928\" data-id=\"7dcc928\" data-element_type=\"column\" data-e-type=\"column\">\n\t\t\t<div class=\"elementor-widget-wrap elementor-element-populated\">\n\t\t\t\t\t\t<div class=\"elementor-element elementor-element-9374421 elementor-widget elementor-widget-heading\" data-id=\"9374421\" data-element_type=\"widget\" data-e-type=\"widget\" data-widget_type=\"heading.default\">\n\t\t\t\t<div class=\"elementor-widget-container\">\n\t\t\t\t\t<h3 class=\"elementor-heading-title elementor-size-default\">senaste nytt<\/h3>\t\t\t\t<\/div>\n\t\t\t\t<\/div>\n\t\t\t\t<div class=\"elementor-element elementor-element-7f27f19 elementor-widget-divider--view-line elementor-widget elementor-widget-divider\" data-id=\"7f27f19\" data-element_type=\"widget\" data-e-type=\"widget\" data-widget_type=\"divider.default\">\n\t\t\t\t<div class=\"elementor-widget-container\">\n\t\t\t\t\t\t\t<div class=\"elementor-divider\">\n\t\t\t<span class=\"elementor-divider-separator\">\n\t\t\t\t\t\t<\/span>\n\t\t<\/div>\n\t\t\t\t\t\t<\/div>\n\t\t\t\t<\/div>\n\t\t\t\t<div class=\"elementor-element elementor-element-faf98dd elementor-widget elementor-widget-button\" data-id=\"faf98dd\" data-element_type=\"widget\" data-e-type=\"widget\" data-widget_type=\"button.default\">\n\t\t\t\t<div class=\"elementor-widget-container\">\n\t\t\t\t\t\t\t\t\t<div class=\"elementor-button-wrapper\">\n\t\t\t\t\t<a class=\"elementor-button elementor-button-link elementor-size-sm\" href=\"https:\/\/svenskahundklubben.se\/sodertalje\/nyheter\/\">\n\t\t\t\t\t\t<span class=\"elementor-button-content-wrapper\">\n\t\t\t\t\t\t\t\t\t<span class=\"elementor-button-text\">L\u00e4s fler nyheter...<\/span>\n\t\t\t\t\t<\/span>\n\t\t\t\t\t<\/a>\n\t\t\t\t<\/div>\n\t\t\t\t\t\t\t\t<\/div>\n\t\t\t\t<\/div>\n\t\t\t\t\t<\/div>\n\t\t<\/div>\n\t\t\t\t<div class=\"elementor-column elementor-col-50 elementor-top-column elementor-element elementor-element-9061e10\" data-id=\"9061e10\" data-element_type=\"column\" data-e-type=\"column\">\n\t\t\t<div class=\"elementor-widget-wrap elementor-element-populated\">\n\t\t\t\t\t\t<div class=\"elementor-element elementor-element-55cfca4 elementor-widget elementor-widget-heading\" data-id=\"55cfca4\" data-element_type=\"widget\" data-e-type=\"widget\" data-widget_type=\"heading.default\">\n\t\t\t\t<div class=\"elementor-widget-container\">\n\t\t\t\t\t<h3 class=\"elementor-heading-title elementor-size-default\">kurser<\/h3>\t\t\t\t<\/div>\n\t\t\t\t<\/div>\n\t\t\t\t<div class=\"elementor-element elementor-element-288b342 elementor-widget-divider--view-line elementor-widget elementor-widget-divider\" data-id=\"288b342\" data-element_type=\"widget\" data-e-type=\"widget\" data-widget_type=\"divider.default\">\n\t\t\t\t<div class=\"elementor-widget-container\">\n\t\t\t\t\t\t\t<div class=\"elementor-divider\">\n\t\t\t<span class=\"elementor-divider-separator\">\n\t\t\t\t\t\t<\/span>\n\t\t<\/div>\n\t\t\t\t\t\t<\/div>\n\t\t\t\t<\/div>\n\t\t\t\t<div class=\"elementor-element elementor-element-ec26814 elementor-widget elementor-widget-text-editor\" data-id=\"ec26814\" data-element_type=\"widget\" data-e-type=\"widget\" data-widget_type=\"text-editor.default\">\n\t\t\t\t<div class=\"elementor-widget-container\">\n\t\t\t\t\t\t\t\t\t<ul><li><a href=\"https:\/\/svenskahundklubben.se\/sodertalje\/kurser-aktiviteter\/kurser\/\">SE ALLA V\u00c5RA KURSER OCH ANM\u00c4L DIG H\u00c4R<\/a><\/li><\/ul>\t\t\t\t\t\t\t\t<\/div>\n\t\t\t\t<\/div>\n\t\t\t\t<div class=\"elementor-element elementor-element-4a3c3d4 elementor-widget elementor-widget-spacer\" data-id=\"4a3c3d4\" data-element_type=\"widget\" data-e-type=\"widget\" data-widget_type=\"spacer.default\">\n\t\t\t\t<div class=\"elementor-widget-container\">\n\t\t\t\t\t\t\t<div class=\"elementor-spacer\">\n\t\t\t<div class=\"elementor-spacer-inner\"><\/div>\n\t\t<\/div>\n\t\t\t\t\t\t<\/div>\n\t\t\t\t<\/div>\n\t\t\t\t<div class=\"elementor-element elementor-element-93cb3fb elementor-widget elementor-widget-heading\" data-id=\"93cb3fb\" data-element_type=\"widget\" data-e-type=\"widget\" data-widget_type=\"heading.default\">\n\t\t\t\t<div class=\"elementor-widget-container\">\n\t\t\t\t\t<h3 class=\"elementor-heading-title elementor-size-default\">medlemsutm\u00e4rkelser &amp; resultat<\/h3>\t\t\t\t<\/div>\n\t\t\t\t<\/div>\n\t\t\t\t<div class=\"elementor-element elementor-element-86acb13 elementor-widget-divider--view-line elementor-widget elementor-widget-divider\" data-id=\"86acb13\" data-element_type=\"widget\" data-e-type=\"widget\" data-widget_type=\"divider.default\">\n\t\t\t\t<div class=\"elementor-widget-container\">\n\t\t\t\t\t\t\t<div class=\"elementor-divider\">\n\t\t\t<span class=\"elementor-divider-separator\">\n\t\t\t\t\t\t<\/span>\n\t\t<\/div>\n\t\t\t\t\t\t<\/div>\n\t\t\t\t<\/div>\n\t\t\t\t\t<\/div>\n\t\t<\/div>\n\t\t\t\t\t<\/div>\n\t\t<\/section>\n\t\t\t\t<section class=\"elementor-section elementor-top-section elementor-element elementor-element-640b600 elementor-section-boxed elementor-section-height-default elementor-section-height-default\" data-id=\"640b600\" data-element_type=\"section\" data-e-type=\"section\">\n\t\t\t\t\t\t<div class=\"elementor-container elementor-column-gap-default\">\n\t\t\t\t\t<div class=\"elementor-column elementor-col-100 elementor-top-column elementor-element elementor-element-01c498f\" data-id=\"01c498f\" data-element_type=\"column\" data-e-type=\"column\">\n\t\t\t<div class=\"elementor-widget-wrap elementor-element-populated\">\n\t\t\t\t\t\t<div class=\"elementor-element elementor-element-b557c89 elementor-widget elementor-widget-heading\" data-id=\"b557c89\" data-element_type=\"widget\" data-e-type=\"widget\" data-widget_type=\"heading.default\">\n\t\t\t\t<div class=\"elementor-widget-container\">\n\t\t\t\t\t<h3 class=\"elementor-heading-title elementor-size-default\">SPONSORER<\/h3>\t\t\t\t<\/div>\n\t\t\t\t<\/div>\n\t\t\t\t<div class=\"elementor-element elementor-element-c7f629d elementor-widget-divider--view-line elementor-widget elementor-widget-divider\" data-id=\"c7f629d\" data-element_type=\"widget\" data-e-type=\"widget\" data-widget_type=\"divider.default\">\n\t\t\t\t<div class=\"elementor-widget-container\">\n\t\t\t\t\t\t\t<div class=\"elementor-divider\">\n\t\t\t<span class=\"elementor-divider-separator\">\n\t\t\t\t\t\t<\/span>\n\t\t<\/div>\n\t\t\t\t\t\t<\/div>\n\t\t\t\t<\/div>\n\t\t\t\t<div class=\"elementor-element elementor-element-890bdb9 elementor-widget elementor-widget-image-gallery\" data-id=\"890bdb9\" data-element_type=\"widget\" data-e-type=\"widget\" data-widget_type=\"image-gallery.default\">\n\t\t\t\t<div class=\"elementor-widget-container\">\n\t\t\t\t\t\t\t<div class=\"elementor-image-gallery\">\n\t\t\t<div id='gallery-1' class='gallery galleryid-1089 gallery-columns-5 gallery-size-full'><figure class='gallery-item'>\n\t\t\t<div class='gallery-icon portrait'>\n\t\t\t\t<img decoding=\"async\" width=\"208\" height=\"210\" src=\"https:\/\/svenskahundklubben.se\/sodertalje\/wp-content\/uploads\/sites\/4\/2019\/06\/Mandarin.png\" class=\"attachment-full size-full\" alt=\"\" srcset=\"https:\/\/svenskahundklubben.se\/sodertalje\/wp-content\/uploads\/sites\/4\/2019\/06\/Mandarin.png 208w, https:\/\/svenskahundklubben.se\/sodertalje\/wp-content\/uploads\/sites\/4\/2019\/06\/Mandarin-150x150.png 150w\" sizes=\"(max-width: 208px) 100vw, 208px\" \/>\n\t\t\t<\/div><\/figure><figure class='gallery-item'>\n\t\t\t<div class='gallery-icon landscape'>\n\t\t\t\t<img decoding=\"async\" width=\"400\" height=\"231\" src=\"https:\/\/svenskahundklubben.se\/sodertalje\/wp-content\/uploads\/sites\/4\/2019\/06\/sfr-logo300dpi.jpg\" class=\"attachment-full size-full\" alt=\"\" srcset=\"https:\/\/svenskahundklubben.se\/sodertalje\/wp-content\/uploads\/sites\/4\/2019\/06\/sfr-logo300dpi.jpg 400w, https:\/\/svenskahundklubben.se\/sodertalje\/wp-content\/uploads\/sites\/4\/2019\/06\/sfr-logo300dpi-300x173.jpg 300w\" sizes=\"(max-width: 400px) 100vw, 400px\" \/>\n\t\t\t<\/div><\/figure>\n\t\t<\/div>\n\t\t<\/div>\n\t\t\t\t\t\t<\/div>\n\t\t\t\t<\/div>\n\t\t\t\t\t<\/div>\n\t\t<\/div>\n\t\t\t\t\t<\/div>\n\t\t<\/section>\n\t\t\t\t<\/div>\n\t\t","protected":false},"excerpt":{"rendered":"<p>\u00a0 V\u00e4lkommen hund\u00e4gare till Svenska Hundklubben i S\u00f6dert\u00e4lje! Vi erbjuder kurser, utbildningar, t\u00e4vlingar och prov samt utst\u00e4llningstillf\u00e4llen f\u00f6r \u00e4gare av alla sorters hundar. Klubbens moderna hundfilosofi genomsyrar all verksamhet och den samlade kompetensen finns tillg\u00e4nglig &#8230; <a title=\"Hem-test\" class=\"read-more\" href=\"https:\/\/svenskahundklubben.se\/sodertalje\/hem-test\/\">L\u00e4s mer<\/a><\/p>\n","protected":false},"author":4,"featured_media":0,"parent":0,"menu_order":0,"comment_status":"closed","ping_status":"closed","template":"","meta":{"_price":"","_stock":"","_tribe_ticket_header":"","_tribe_default_ticket_provider":"","_tribe_ticket_capacity":"0","_ticket_start_date":"","_ticket_end_date":"","_tribe_ticket_show_description":"","_tribe_ticket_show_not_going":false,"_tribe_ticket_use_global_stock":"","_tribe_ticket_global_stock_level":"","_global_stock_mode":"","_global_stock_cap":"","_tribe_rsvp_for_event":"","_tribe_ticket_going_count":"","_tribe_ticket_not_going_count":"","_tribe_tickets_list":"[]","_tribe_ticket_has_attendee_info_fields":false,"footnotes":"","_tec_slr_enabled":"","_tec_slr_layout":"","_links_to":"","_links_to_target":""},"class_list":["post-1089","page","type-page","status-publish"],"yoast_head":"<!-- This site is optimized with the Yoast SEO plugin v25.6 - https:\/\/yoast.com\/wordpress\/plugins\/seo\/ -->\n<title>Hem-test - Svenska Hundklubben - S\u00f6dert\u00e4lje<\/title>\n<meta name=\"robots\" content=\"index, follow, max-snippet:-1, max-image-preview:large, max-video-preview:-1\" \/>\n<link rel=\"canonical\" href=\"https:\/\/svenskahundklubben.se\/sodertalje\/hem-test\/\" \/>\n<meta property=\"og:locale\" content=\"sv_SE\" \/>\n<meta property=\"og:type\" content=\"article\" \/>\n<meta property=\"og:title\" content=\"Hem-test - Svenska Hundklubben - S\u00f6dert\u00e4lje\" \/>\n<meta property=\"og:description\" content=\"\u00a0 V\u00e4lkommen hund\u00e4gare till Svenska Hundklubben i S\u00f6dert\u00e4lje! Vi erbjuder kurser, utbildningar, t\u00e4vlingar och prov samt utst\u00e4llningstillf\u00e4llen f\u00f6r \u00e4gare av alla sorters hundar. Klubbens moderna hundfilosofi genomsyrar all verksamhet och den samlade kompetensen finns tillg\u00e4nglig ... L\u00e4s mer\" \/>\n<meta property=\"og:url\" content=\"https:\/\/svenskahundklubben.se\/sodertalje\/hem-test\/\" \/>\n<meta property=\"og:site_name\" content=\"Svenska Hundklubben - S\u00f6dert\u00e4lje\" \/>\n<meta property=\"article:modified_time\" content=\"2019-07-26T08:44:54+00:00\" \/>\n<meta property=\"og:image\" content=\"https:\/\/svenskahundklubben.se\/sodertalje\/wp-content\/uploads\/sites\/4\/2019\/07\/Lydnadst\u00e4vling_1-aug-1-300x199.jpg\" \/>\n<meta name=\"twitter:card\" content=\"summary_large_image\" \/>\n<meta name=\"twitter:label1\" content=\"Ber\u00e4knad l\u00e4stid\" \/>\n\t<meta name=\"twitter:data1\" content=\"1 minut\" \/>\n<script type=\"application\/ld+json\" class=\"yoast-schema-graph\">{\"@context\":\"https:\/\/schema.org\",\"@graph\":[{\"@type\":\"WebPage\",\"@id\":\"https:\/\/svenskahundklubben.se\/sodertalje\/hem-test\/\",\"url\":\"https:\/\/svenskahundklubben.se\/sodertalje\/hem-test\/\",\"name\":\"Hem-test - Svenska Hundklubben - S\u00f6dert\u00e4lje\",\"isPartOf\":{\"@id\":\"https:\/\/svenskahundklubben.se\/sodertalje\/#website\"},\"primaryImageOfPage\":{\"@id\":\"https:\/\/svenskahundklubben.se\/sodertalje\/hem-test\/#primaryimage\"},\"image\":{\"@id\":\"https:\/\/svenskahundklubben.se\/sodertalje\/hem-test\/#primaryimage\"},\"thumbnailUrl\":\"https:\/\/svenskahundklubben.se\/sodertalje\/wp-content\/uploads\/sites\/4\/2019\/07\/Nose-Work_fotoMG-Hund-1-300x225.jpg\",\"datePublished\":\"2019-07-26T06:40:25+00:00\",\"dateModified\":\"2019-07-26T08:44:54+00:00\",\"breadcrumb\":{\"@id\":\"https:\/\/svenskahundklubben.se\/sodertalje\/hem-test\/#breadcrumb\"},\"inLanguage\":\"sv-SE\",\"potentialAction\":[{\"@type\":\"ReadAction\",\"target\":[\"https:\/\/svenskahundklubben.se\/sodertalje\/hem-test\/\"]}]},{\"@type\":\"ImageObject\",\"inLanguage\":\"sv-SE\",\"@id\":\"https:\/\/svenskahundklubben.se\/sodertalje\/hem-test\/#primaryimage\",\"url\":\"https:\/\/svenskahundklubben.se\/sodertalje\/wp-content\/uploads\/sites\/4\/2019\/07\/Nose-Work_fotoMG-Hund-1.jpg\",\"contentUrl\":\"https:\/\/svenskahundklubben.se\/sodertalje\/wp-content\/uploads\/sites\/4\/2019\/07\/Nose-Work_fotoMG-Hund-1.jpg\",\"width\":1280,\"height\":960},{\"@type\":\"BreadcrumbList\",\"@id\":\"https:\/\/svenskahundklubben.se\/sodertalje\/hem-test\/#breadcrumb\",\"itemListElement\":[{\"@type\":\"ListItem\",\"position\":1,\"name\":\"Hem\",\"item\":\"https:\/\/svenskahundklubben.se\/sodertalje\/\"},{\"@type\":\"ListItem\",\"position\":2,\"name\":\"Hem-test\"}]},{\"@type\":\"WebSite\",\"@id\":\"https:\/\/svenskahundklubben.se\/sodertalje\/#website\",\"url\":\"https:\/\/svenskahundklubben.se\/sodertalje\/\",\"name\":\"Svenska Hundklubben - S\u00f6dert\u00e4lje\",\"description\":\"Svenska Hundklubben-webbplats\",\"publisher\":{\"@id\":\"https:\/\/svenskahundklubben.se\/sodertalje\/#organization\"},\"potentialAction\":[{\"@type\":\"SearchAction\",\"target\":{\"@type\":\"EntryPoint\",\"urlTemplate\":\"https:\/\/svenskahundklubben.se\/sodertalje\/?s={search_term_string}\"},\"query-input\":{\"@type\":\"PropertyValueSpecification\",\"valueRequired\":true,\"valueName\":\"search_term_string\"}}],\"inLanguage\":\"sv-SE\"},{\"@type\":\"Organization\",\"@id\":\"https:\/\/svenskahundklubben.se\/sodertalje\/#organization\",\"name\":\"Svenska Hundklubben - S\u00f6dert\u00e4lje\",\"url\":\"https:\/\/svenskahundklubben.se\/sodertalje\/\",\"logo\":{\"@type\":\"ImageObject\",\"inLanguage\":\"sv-SE\",\"@id\":\"https:\/\/svenskahundklubben.se\/sodertalje\/#\/schema\/logo\/image\/\",\"url\":\"https:\/\/svenskahundklubben.se\/sodertalje\/wp-content\/uploads\/sites\/4\/2019\/08\/SHK-S\u00d6DERT\u00c4LJE-HEADERLOGO.png\",\"contentUrl\":\"https:\/\/svenskahundklubben.se\/sodertalje\/wp-content\/uploads\/sites\/4\/2019\/08\/SHK-S\u00d6DERT\u00c4LJE-HEADERLOGO.png\",\"width\":1200,\"height\":300,\"caption\":\"Svenska Hundklubben - S\u00f6dert\u00e4lje\"},\"image\":{\"@id\":\"https:\/\/svenskahundklubben.se\/sodertalje\/#\/schema\/logo\/image\/\"}}]}<\/script>\n<!-- \/ Yoast SEO plugin. -->","yoast_head_json":{"title":"Hem-test - Svenska Hundklubben - S\u00f6dert\u00e4lje","robots":{"index":"index","follow":"follow","max-snippet":"max-snippet:-1","max-image-preview":"max-image-preview:large","max-video-preview":"max-video-preview:-1"},"canonical":"https:\/\/svenskahundklubben.se\/sodertalje\/hem-test\/","og_locale":"sv_SE","og_type":"article","og_title":"Hem-test - Svenska Hundklubben - S\u00f6dert\u00e4lje","og_description":"\u00a0 V\u00e4lkommen hund\u00e4gare till Svenska Hundklubben i S\u00f6dert\u00e4lje! Vi erbjuder kurser, utbildningar, t\u00e4vlingar och prov samt utst\u00e4llningstillf\u00e4llen f\u00f6r \u00e4gare av alla sorters hundar. Klubbens moderna hundfilosofi genomsyrar all verksamhet och den samlade kompetensen finns tillg\u00e4nglig ... L\u00e4s mer","og_url":"https:\/\/svenskahundklubben.se\/sodertalje\/hem-test\/","og_site_name":"Svenska Hundklubben - S\u00f6dert\u00e4lje","article_modified_time":"2019-07-26T08:44:54+00:00","og_image":[{"url":"https:\/\/svenskahundklubben.se\/sodertalje\/wp-content\/uploads\/sites\/4\/2019\/07\/Lydnadst\u00e4vling_1-aug-1-300x199.jpg","type":"","width":"","height":""}],"twitter_card":"summary_large_image","twitter_misc":{"Ber\u00e4knad l\u00e4stid":"1 minut"},"schema":{"@context":"https:\/\/schema.org","@graph":[{"@type":"WebPage","@id":"https:\/\/svenskahundklubben.se\/sodertalje\/hem-test\/","url":"https:\/\/svenskahundklubben.se\/sodertalje\/hem-test\/","name":"Hem-test - Svenska Hundklubben - S\u00f6dert\u00e4lje","isPartOf":{"@id":"https:\/\/svenskahundklubben.se\/sodertalje\/#website"},"primaryImageOfPage":{"@id":"https:\/\/svenskahundklubben.se\/sodertalje\/hem-test\/#primaryimage"},"image":{"@id":"https:\/\/svenskahundklubben.se\/sodertalje\/hem-test\/#primaryimage"},"thumbnailUrl":"https:\/\/svenskahundklubben.se\/sodertalje\/wp-content\/uploads\/sites\/4\/2019\/07\/Nose-Work_fotoMG-Hund-1-300x225.jpg","datePublished":"2019-07-26T06:40:25+00:00","dateModified":"2019-07-26T08:44:54+00:00","breadcrumb":{"@id":"https:\/\/svenskahundklubben.se\/sodertalje\/hem-test\/#breadcrumb"},"inLanguage":"sv-SE","potentialAction":[{"@type":"ReadAction","target":["https:\/\/svenskahundklubben.se\/sodertalje\/hem-test\/"]}]},{"@type":"ImageObject","inLanguage":"sv-SE","@id":"https:\/\/svenskahundklubben.se\/sodertalje\/hem-test\/#primaryimage","url":"https:\/\/svenskahundklubben.se\/sodertalje\/wp-content\/uploads\/sites\/4\/2019\/07\/Nose-Work_fotoMG-Hund-1.jpg","contentUrl":"https:\/\/svenskahundklubben.se\/sodertalje\/wp-content\/uploads\/sites\/4\/2019\/07\/Nose-Work_fotoMG-Hund-1.jpg","width":1280,"height":960},{"@type":"BreadcrumbList","@id":"https:\/\/svenskahundklubben.se\/sodertalje\/hem-test\/#breadcrumb","itemListElement":[{"@type":"ListItem","position":1,"name":"Hem","item":"https:\/\/svenskahundklubben.se\/sodertalje\/"},{"@type":"ListItem","position":2,"name":"Hem-test"}]},{"@type":"WebSite","@id":"https:\/\/svenskahundklubben.se\/sodertalje\/#website","url":"https:\/\/svenskahundklubben.se\/sodertalje\/","name":"Svenska Hundklubben - S\u00f6dert\u00e4lje","description":"Svenska Hundklubben-webbplats","publisher":{"@id":"https:\/\/svenskahundklubben.se\/sodertalje\/#organization"},"potentialAction":[{"@type":"SearchAction","target":{"@type":"EntryPoint","urlTemplate":"https:\/\/svenskahundklubben.se\/sodertalje\/?s={search_term_string}"},"query-input":{"@type":"PropertyValueSpecification","valueRequired":true,"valueName":"search_term_string"}}],"inLanguage":"sv-SE"},{"@type":"Organization","@id":"https:\/\/svenskahundklubben.se\/sodertalje\/#organization","name":"Svenska Hundklubben - S\u00f6dert\u00e4lje","url":"https:\/\/svenskahundklubben.se\/sodertalje\/","logo":{"@type":"ImageObject","inLanguage":"sv-SE","@id":"https:\/\/svenskahundklubben.se\/sodertalje\/#\/schema\/logo\/image\/","url":"https:\/\/svenskahundklubben.se\/sodertalje\/wp-content\/uploads\/sites\/4\/2019\/08\/SHK-S\u00d6DERT\u00c4LJE-HEADERLOGO.png","contentUrl":"https:\/\/svenskahundklubben.se\/sodertalje\/wp-content\/uploads\/sites\/4\/2019\/08\/SHK-S\u00d6DERT\u00c4LJE-HEADERLOGO.png","width":1200,"height":300,"caption":"Svenska Hundklubben - S\u00f6dert\u00e4lje"},"image":{"@id":"https:\/\/svenskahundklubben.se\/sodertalje\/#\/schema\/logo\/image\/"}}]}},"ticketed":false,"_links":{"self":[{"href":"https:\/\/svenskahundklubben.se\/sodertalje\/wp-json\/wp\/v2\/pages\/1089"}],"collection":[{"href":"https:\/\/svenskahundklubben.se\/sodertalje\/wp-json\/wp\/v2\/pages"}],"about":[{"href":"https:\/\/svenskahundklubben.se\/sodertalje\/wp-json\/wp\/v2\/types\/page"}],"author":[{"embeddable":true,"href":"https:\/\/svenskahundklubben.se\/sodertalje\/wp-json\/wp\/v2\/users\/4"}],"replies":[{"embeddable":true,"href":"https:\/\/svenskahundklubben.se\/sodertalje\/wp-json\/wp\/v2\/comments?post=1089"}],"version-history":[{"count":3,"href":"https:\/\/svenskahundklubben.se\/sodertalje\/wp-json\/wp\/v2\/pages\/1089\/revisions"}],"predecessor-version":[{"id":1093,"href":"https:\/\/svenskahundklubben.se\/sodertalje\/wp-json\/wp\/v2\/pages\/1089\/revisions\/1093"}],"wp:attachment":[{"href":"https:\/\/svenskahundklubben.se\/sodertalje\/wp-json\/wp\/v2\/media?parent=1089"}],"curies":[{"name":"wp","href":"https:\/\/api.w.org\/{rel}","templated":true}]}}