{"id":949,"date":"2019-07-22T10:47:23","date_gmt":"2019-07-22T08:47:23","guid":{"rendered":"https:\/\/svenskahundklubben.se\/eskilstuna-torshalla\/?page_id=949"},"modified":"2022-05-26T20:34:43","modified_gmt":"2022-05-26T18:34:43","slug":"temakurser","status":"publish","type":"page","link":"https:\/\/svenskahundklubben.se\/eskilstuna-torshalla\/temakurser\/","title":{"rendered":"Temakurser"},"content":{"rendered":"\t\t<div data-elementor-type=\"wp-post\" data-elementor-id=\"949\" class=\"elementor elementor-949\">\n\t\t\t\t\t\t<section class=\"elementor-section elementor-top-section elementor-element elementor-element-ea5a8fd elementor-section-boxed elementor-section-height-default elementor-section-height-default\" data-id=\"ea5a8fd\" data-element_type=\"section\" data-e-type=\"section\">\n\t\t\t\t\t\t<div class=\"elementor-container elementor-column-gap-default\">\n\t\t\t\t\t<div class=\"elementor-column elementor-col-66 elementor-top-column elementor-element elementor-element-272ef2e\" data-id=\"272ef2e\" data-element_type=\"column\" data-e-type=\"column\">\n\t\t\t<div class=\"elementor-widget-wrap elementor-element-populated\">\n\t\t\t\t\t\t<div class=\"elementor-element elementor-element-76ba541 elementor-widget elementor-widget-text-editor\" data-id=\"76ba541\" data-element_type=\"widget\" data-e-type=\"widget\" data-widget_type=\"text-editor.default\">\n\t\t\t\t<div class=\"elementor-widget-container\">\n\t\t\t\t\t\t\t\t\t<p>F\u00f6rel\u00e4sningskv\u00e4llar:<\/p><p>Personsp\u00e5r<\/p><p>2\/6 kl 18<\/p><p>Persons\u00f6k &amp; F\u00f6rem\u00e5lss\u00f6k<\/p><p>16\/6 kl 18<\/p>\t\t\t\t\t\t\t\t<\/div>\n\t\t\t\t<\/div>\n\t\t\t\t\t<\/div>\n\t\t<\/div>\n\t\t\t\t<div class=\"elementor-column elementor-col-33 elementor-top-column elementor-element elementor-element-bad27f5\" data-id=\"bad27f5\" data-element_type=\"column\" data-e-type=\"column\">\n\t\t\t<div class=\"elementor-widget-wrap elementor-element-populated\">\n\t\t\t\t\t\t<div class=\"elementor-element elementor-element-a28cfd9 elementor-widget elementor-widget-heading\" data-id=\"a28cfd9\" data-element_type=\"widget\" data-e-type=\"widget\" data-widget_type=\"heading.default\">\n\t\t\t\t<div class=\"elementor-widget-container\">\n\t\t\t\t\t<h4 class=\"elementor-heading-title elementor-size-default\">Planerade temakurser<\/h4>\t\t\t\t<\/div>\n\t\t\t\t<\/div>\n\t\t\t\t<div class=\"elementor-element elementor-element-d8606b4 elementor-widget elementor-widget-shortcode\" data-id=\"d8606b4\" data-element_type=\"widget\" data-e-type=\"widget\" data-widget_type=\"shortcode.default\">\n\t\t\t\t<div class=\"elementor-widget-container\">\n\t\t\t\t\t\t\t<div class=\"elementor-shortcode\"><div class=\"ecs-no-events\">Det finns inga kommande evenemang.<\/div><\/div>\n\t\t\t\t\t\t<\/div>\n\t\t\t\t<\/div>\n\t\t\t\t\t<\/div>\n\t\t<\/div>\n\t\t\t\t\t<\/div>\n\t\t<\/section>\n\t\t\t\t<section class=\"elementor-section elementor-top-section elementor-element elementor-element-c4eaaa1 elementor-section-boxed elementor-section-height-default elementor-section-height-default\" data-id=\"c4eaaa1\" data-element_type=\"section\" data-e-type=\"section\">\n\t\t\t\t\t\t<div class=\"elementor-container elementor-column-gap-default\">\n\t\t\t\t\t<div class=\"elementor-column elementor-col-100 elementor-top-column elementor-element elementor-element-16e0ea6\" data-id=\"16e0ea6\" data-element_type=\"column\" data-e-type=\"column\">\n\t\t\t<div class=\"elementor-widget-wrap elementor-element-populated\">\n\t\t\t\t\t\t<div class=\"elementor-element elementor-element-d34b9c9 elementor-widget-divider--view-line elementor-widget elementor-widget-divider\" data-id=\"d34b9c9\" data-element_type=\"widget\" data-e-type=\"widget\" data-widget_type=\"divider.default\">\n\t\t\t\t<div class=\"elementor-widget-container\">\n\t\t\t\t\t\t\t<div class=\"elementor-divider\">\n\t\t\t<span class=\"elementor-divider-separator\">\n\t\t\t\t\t\t<\/span>\n\t\t<\/div>\n\t\t\t\t\t\t<\/div>\n\t\t\t\t<\/div>\n\t\t\t\t<div class=\"elementor-element elementor-element-5389b6f elementor-widget elementor-widget-shortcode\" data-id=\"5389b6f\" data-element_type=\"widget\" data-e-type=\"widget\" data-widget_type=\"shortcode.default\">\n\t\t\t\t<div class=\"elementor-widget-container\">\n\t\t\t\t\t\t\t<div class=\"elementor-shortcode\"><div class=\"pt-cv-wrapper\"><div class=\"pt-cv-view pt-cv-grid pt-cv-colsys pt-cv-nolf\" id=\"pt-cv-view-ed0da96m9d\"><div data-id=\"pt-cv-page-1\" class=\"pt-cv-page\" data-cvc=\"1\"><div class=\"col-md-12 col-sm-12 col-xs-12 pt-cv-content-item pt-cv-2-col\" ><div class='pt-cv-ifield'><a href=\"https:\/\/svenskahundklubben.se\/eskilstuna-torshalla\/2025\/03\/03\/anmal-er-till-en-intressant-forelasning-om-hundens-luktsinne-och-doftlara\/\" class=\"_self pt-cv-href-thumbnail pt-cv-thumb-right\" target=\"_self\" ><\/a>\n<h4 class=\"pt-cv-title\"><a href=\"https:\/\/svenskahundklubben.se\/eskilstuna-torshalla\/2025\/03\/03\/anmal-er-till-en-intressant-forelasning-om-hundens-luktsinne-och-doftlara\/\" class=\"_self\" target=\"_self\" >Anm\u00e4l er till en intressant f\u00f6rel\u00e4sning om hundens luktsinne och doftl\u00e4ra<\/a><\/h4>\n<div class=\"pt-cv-content\"><p>Vill du l\u00e4ra dig mer om hur hundens nos fungerar och hur du kan utveckla f\u00f6r t ex specials\u00f6k eller nosarbete.<\/p>\n<p>F\u00f6rel\u00e4sningen kommer att handla om:<\/p>\n<ul>\n<li>Hur hunden anv\u00e4nder sitt luktsinne och hur det fungerar<\/li>\n<li>Hur kan vi l\u00e4ra oss att l\u00e4sa hundens signaler och markeringar<\/li>\n<li>Hur v\u00e4der och vind p\u00e5verkar hundens s\u00e4tt att arbeta<\/li>\n<\/ul>\n<p>F\u00f6rel\u00e4sare \u00e4r Michael Hedman som mycket kunnig inom omr\u00e5det. Michael har tidigare arbetat med olika slags hundtyper i F\u00f6rsvarsmakten s\u00e5som vakthundar, bevakningshundar och framf\u00f6rallt olika typer av preparats\u00f6khundar. Mellan 1998 och 2001 tj\u00e4nstgjorde Michael i Kambodja med att utbilda personal och hundar att finna minor och oexploderad ammunition.<\/p>\n<p><strong>Plats:<\/strong> Svenska Hundklubben Eskilstuna-Torsh\u00e4lla, klubbstugan<\/p>\n<p><strong>Kostnad:<\/strong> Medlem 300 kr, ej medlem 350 kr.<\/p>\n<p><strong>N\u00e4r:<\/strong> 18 mars, fr\u00e5n kl 18.00 bjuder klubben p\u00e5 kaffe inkl gobit och f\u00f6rel\u00e4sningen startar kl 18.30 &#8211; ca 21.00.<\/p>\n<p><strong>Anm\u00e4lan<\/strong> sker till Studiefr\u00e4mjandet, p\u00e5 nedanst\u00e5ende l\u00e4nk.<\/p>\n<p><a href=\"https:\/\/www.studieframjandet.se\/sormlands-lan\/gustav-arrangemang\/kalenderhandelser\/2025\/mars\/svenska-hundklubben-i-torshalla-forelasning-med-michael-hedman\/\">https:\/\/www.studieframjandet.se\/sormlands-lan\/gustav-arrangemang\/kalenderhandelser\/2025\/mars\/svenska-hundklubben-i-torshalla-forelasning-med-michael-hedman\/<\/a><\/p>\n<h2>Hj\u00e4rtligt v\u00e4lkomna!<\/h2>\n<\/div><\/div><\/div><\/div><\/div><\/div><\/div>\n\t\t\t\t\t\t<\/div>\n\t\t\t\t<\/div>\n\t\t\t\t\t<\/div>\n\t\t<\/div>\n\t\t\t\t\t<\/div>\n\t\t<\/section>\n\t\t\t\t<\/div>\n\t\t","protected":false},"excerpt":{"rendered":"<p>F\u00f6rel\u00e4sningskv\u00e4llar: Personsp\u00e5r 2\/6 kl 18 Persons\u00f6k &amp; F\u00f6rem\u00e5lss\u00f6k 16\/6 kl 18 Planerade temakurser<\/p>\n","protected":false},"author":1,"featured_media":0,"parent":0,"menu_order":4,"comment_status":"closed","ping_status":"closed","template":"elementor_header_footer","meta":{"_price":"","_stock":"","_tribe_ticket_header":"","_tribe_default_ticket_provider":"","_tribe_ticket_capacity":"0","_ticket_start_date":"","_ticket_end_date":"","_tribe_ticket_show_description":"","_tribe_ticket_show_not_going":false,"_tribe_ticket_use_global_stock":"","_tribe_ticket_global_stock_level":"","_global_stock_mode":"","_global_stock_cap":"","_tribe_rsvp_for_event":"","_tribe_ticket_going_count":"","_tribe_ticket_not_going_count":"","_tribe_tickets_list":"[]","_tribe_ticket_has_attendee_info_fields":false,"footnotes":"","_tec_slr_enabled":"","_tec_slr_layout":"","_links_to":"","_links_to_target":""},"class_list":["post-949","page","type-page","status-publish"],"yoast_head":"<!-- This site is optimized with the Yoast SEO plugin v25.6 - https:\/\/yoast.com\/wordpress\/plugins\/seo\/ -->\n<title>Temakurser - Svenska Hundklubben - Eskilstuna-Torsh\u00e4lla<\/title>\n<meta name=\"robots\" content=\"index, follow, max-snippet:-1, max-image-preview:large, max-video-preview:-1\" \/>\n<link rel=\"canonical\" href=\"https:\/\/svenskahundklubben.se\/eskilstuna-torshalla\/temakurser\/\" \/>\n<meta property=\"og:locale\" content=\"sv_SE\" \/>\n<meta property=\"og:type\" content=\"article\" \/>\n<meta property=\"og:title\" content=\"Temakurser - Svenska Hundklubben - Eskilstuna-Torsh\u00e4lla\" \/>\n<meta property=\"og:description\" content=\"F\u00f6rel\u00e4sningskv\u00e4llar: Personsp\u00e5r 2\/6 kl 18 Persons\u00f6k &amp; F\u00f6rem\u00e5lss\u00f6k 16\/6 kl 18 Planerade temakurser\" \/>\n<meta property=\"og:url\" content=\"https:\/\/svenskahundklubben.se\/eskilstuna-torshalla\/temakurser\/\" \/>\n<meta property=\"og:site_name\" content=\"Svenska Hundklubben - Eskilstuna-Torsh\u00e4lla\" \/>\n<meta property=\"article:modified_time\" content=\"2022-05-26T18:34:43+00:00\" \/>\n<meta name=\"twitter:card\" content=\"summary_large_image\" \/>\n<meta name=\"twitter:label1\" content=\"Ber\u00e4knad l\u00e4stid\" \/>\n\t<meta name=\"twitter:data1\" content=\"1 minut\" \/>\n<script type=\"application\/ld+json\" class=\"yoast-schema-graph\">{\"@context\":\"https:\/\/schema.org\",\"@graph\":[{\"@type\":\"WebPage\",\"@id\":\"https:\/\/svenskahundklubben.se\/eskilstuna-torshalla\/temakurser\/\",\"url\":\"https:\/\/svenskahundklubben.se\/eskilstuna-torshalla\/temakurser\/\",\"name\":\"Temakurser - Svenska Hundklubben - Eskilstuna-Torsh\u00e4lla\",\"isPartOf\":{\"@id\":\"https:\/\/svenskahundklubben.se\/eskilstuna-torshalla\/#website\"},\"datePublished\":\"2019-07-22T08:47:23+00:00\",\"dateModified\":\"2022-05-26T18:34:43+00:00\",\"breadcrumb\":{\"@id\":\"https:\/\/svenskahundklubben.se\/eskilstuna-torshalla\/temakurser\/#breadcrumb\"},\"inLanguage\":\"sv-SE\",\"potentialAction\":[{\"@type\":\"ReadAction\",\"target\":[\"https:\/\/svenskahundklubben.se\/eskilstuna-torshalla\/temakurser\/\"]}]},{\"@type\":\"BreadcrumbList\",\"@id\":\"https:\/\/svenskahundklubben.se\/eskilstuna-torshalla\/temakurser\/#breadcrumb\",\"itemListElement\":[{\"@type\":\"ListItem\",\"position\":1,\"name\":\"Hem\",\"item\":\"https:\/\/svenskahundklubben.se\/eskilstuna-torshalla\/\"},{\"@type\":\"ListItem\",\"position\":2,\"name\":\"Temakurser\"}]},{\"@type\":\"WebSite\",\"@id\":\"https:\/\/svenskahundklubben.se\/eskilstuna-torshalla\/#website\",\"url\":\"https:\/\/svenskahundklubben.se\/eskilstuna-torshalla\/\",\"name\":\"Svenska Hundklubben - Eskilstuna-Torsh\u00e4lla\",\"description\":\"Svenska Hundklubben\",\"publisher\":{\"@id\":\"https:\/\/svenskahundklubben.se\/eskilstuna-torshalla\/#organization\"},\"potentialAction\":[{\"@type\":\"SearchAction\",\"target\":{\"@type\":\"EntryPoint\",\"urlTemplate\":\"https:\/\/svenskahundklubben.se\/eskilstuna-torshalla\/?s={search_term_string}\"},\"query-input\":{\"@type\":\"PropertyValueSpecification\",\"valueRequired\":true,\"valueName\":\"search_term_string\"}}],\"inLanguage\":\"sv-SE\"},{\"@type\":\"Organization\",\"@id\":\"https:\/\/svenskahundklubben.se\/eskilstuna-torshalla\/#organization\",\"name\":\"Svenska Hundklubben - Eskilstuna-Torsh\u00e4lla\",\"url\":\"https:\/\/svenskahundklubben.se\/eskilstuna-torshalla\/\",\"logo\":{\"@type\":\"ImageObject\",\"inLanguage\":\"sv-SE\",\"@id\":\"https:\/\/svenskahundklubben.se\/eskilstuna-torshalla\/#\/schema\/logo\/image\/\",\"url\":\"https:\/\/svenskahundklubben.se\/eskilstuna-torshalla\/wp-content\/uploads\/sites\/11\/2020\/02\/SHK-ESKILSTUNA-TORSHALLA-HEADERLOGO.png\",\"contentUrl\":\"https:\/\/svenskahundklubben.se\/eskilstuna-torshalla\/wp-content\/uploads\/sites\/11\/2020\/02\/SHK-ESKILSTUNA-TORSHALLA-HEADERLOGO.png\",\"width\":1200,\"height\":300,\"caption\":\"Svenska Hundklubben - Eskilstuna-Torsh\u00e4lla\"},\"image\":{\"@id\":\"https:\/\/svenskahundklubben.se\/eskilstuna-torshalla\/#\/schema\/logo\/image\/\"}}]}<\/script>\n<!-- \/ Yoast SEO plugin. -->","yoast_head_json":{"title":"Temakurser - Svenska Hundklubben - Eskilstuna-Torsh\u00e4lla","robots":{"index":"index","follow":"follow","max-snippet":"max-snippet:-1","max-image-preview":"max-image-preview:large","max-video-preview":"max-video-preview:-1"},"canonical":"https:\/\/svenskahundklubben.se\/eskilstuna-torshalla\/temakurser\/","og_locale":"sv_SE","og_type":"article","og_title":"Temakurser - Svenska Hundklubben - Eskilstuna-Torsh\u00e4lla","og_description":"F\u00f6rel\u00e4sningskv\u00e4llar: Personsp\u00e5r 2\/6 kl 18 Persons\u00f6k &amp; F\u00f6rem\u00e5lss\u00f6k 16\/6 kl 18 Planerade temakurser","og_url":"https:\/\/svenskahundklubben.se\/eskilstuna-torshalla\/temakurser\/","og_site_name":"Svenska Hundklubben - Eskilstuna-Torsh\u00e4lla","article_modified_time":"2022-05-26T18:34:43+00:00","twitter_card":"summary_large_image","twitter_misc":{"Ber\u00e4knad l\u00e4stid":"1 minut"},"schema":{"@context":"https:\/\/schema.org","@graph":[{"@type":"WebPage","@id":"https:\/\/svenskahundklubben.se\/eskilstuna-torshalla\/temakurser\/","url":"https:\/\/svenskahundklubben.se\/eskilstuna-torshalla\/temakurser\/","name":"Temakurser - Svenska Hundklubben - Eskilstuna-Torsh\u00e4lla","isPartOf":{"@id":"https:\/\/svenskahundklubben.se\/eskilstuna-torshalla\/#website"},"datePublished":"2019-07-22T08:47:23+00:00","dateModified":"2022-05-26T18:34:43+00:00","breadcrumb":{"@id":"https:\/\/svenskahundklubben.se\/eskilstuna-torshalla\/temakurser\/#breadcrumb"},"inLanguage":"sv-SE","potentialAction":[{"@type":"ReadAction","target":["https:\/\/svenskahundklubben.se\/eskilstuna-torshalla\/temakurser\/"]}]},{"@type":"BreadcrumbList","@id":"https:\/\/svenskahundklubben.se\/eskilstuna-torshalla\/temakurser\/#breadcrumb","itemListElement":[{"@type":"ListItem","position":1,"name":"Hem","item":"https:\/\/svenskahundklubben.se\/eskilstuna-torshalla\/"},{"@type":"ListItem","position":2,"name":"Temakurser"}]},{"@type":"WebSite","@id":"https:\/\/svenskahundklubben.se\/eskilstuna-torshalla\/#website","url":"https:\/\/svenskahundklubben.se\/eskilstuna-torshalla\/","name":"Svenska Hundklubben - Eskilstuna-Torsh\u00e4lla","description":"Svenska Hundklubben","publisher":{"@id":"https:\/\/svenskahundklubben.se\/eskilstuna-torshalla\/#organization"},"potentialAction":[{"@type":"SearchAction","target":{"@type":"EntryPoint","urlTemplate":"https:\/\/svenskahundklubben.se\/eskilstuna-torshalla\/?s={search_term_string}"},"query-input":{"@type":"PropertyValueSpecification","valueRequired":true,"valueName":"search_term_string"}}],"inLanguage":"sv-SE"},{"@type":"Organization","@id":"https:\/\/svenskahundklubben.se\/eskilstuna-torshalla\/#organization","name":"Svenska Hundklubben - Eskilstuna-Torsh\u00e4lla","url":"https:\/\/svenskahundklubben.se\/eskilstuna-torshalla\/","logo":{"@type":"ImageObject","inLanguage":"sv-SE","@id":"https:\/\/svenskahundklubben.se\/eskilstuna-torshalla\/#\/schema\/logo\/image\/","url":"https:\/\/svenskahundklubben.se\/eskilstuna-torshalla\/wp-content\/uploads\/sites\/11\/2020\/02\/SHK-ESKILSTUNA-TORSHALLA-HEADERLOGO.png","contentUrl":"https:\/\/svenskahundklubben.se\/eskilstuna-torshalla\/wp-content\/uploads\/sites\/11\/2020\/02\/SHK-ESKILSTUNA-TORSHALLA-HEADERLOGO.png","width":1200,"height":300,"caption":"Svenska Hundklubben - Eskilstuna-Torsh\u00e4lla"},"image":{"@id":"https:\/\/svenskahundklubben.se\/eskilstuna-torshalla\/#\/schema\/logo\/image\/"}}]}},"ticketed":false,"_links":{"self":[{"href":"https:\/\/svenskahundklubben.se\/eskilstuna-torshalla\/wp-json\/wp\/v2\/pages\/949"}],"collection":[{"href":"https:\/\/svenskahundklubben.se\/eskilstuna-torshalla\/wp-json\/wp\/v2\/pages"}],"about":[{"href":"https:\/\/svenskahundklubben.se\/eskilstuna-torshalla\/wp-json\/wp\/v2\/types\/page"}],"author":[{"embeddable":true,"href":"https:\/\/svenskahundklubben.se\/eskilstuna-torshalla\/wp-json\/wp\/v2\/users\/1"}],"replies":[{"embeddable":true,"href":"https:\/\/svenskahundklubben.se\/eskilstuna-torshalla\/wp-json\/wp\/v2\/comments?post=949"}],"version-history":[{"count":13,"href":"https:\/\/svenskahundklubben.se\/eskilstuna-torshalla\/wp-json\/wp\/v2\/pages\/949\/revisions"}],"predecessor-version":[{"id":3760,"href":"https:\/\/svenskahundklubben.se\/eskilstuna-torshalla\/wp-json\/wp\/v2\/pages\/949\/revisions\/3760"}],"wp:attachment":[{"href":"https:\/\/svenskahundklubben.se\/eskilstuna-torshalla\/wp-json\/wp\/v2\/media?parent=949"}],"curies":[{"name":"wp","href":"https:\/\/api.w.org\/{rel}","templated":true}]}}